{"id":54499,"date":"2024-07-30T10:56:48","date_gmt":"2024-07-30T08:56:48","guid":{"rendered":"https:\/\/weider.es\/product\/apple-cider\/"},"modified":"2025-01-15T14:28:43","modified_gmt":"2025-01-15T13:28:43","slug":"apple-cider","status":"publish","type":"product","link":"https:\/\/weider.es\/fr\/produit\/apple-cider\/","title":{"rendered":"Cidre de pomme"},"content":{"rendered":"<p>Du vinaigre de cidre de pomme avec la m\u00e8re<br \/>\nCompatible avec le r\u00e9gime c\u00e9to (avec les TCM de l'huile de noix de coco)<br \/>\nSans allerg\u00e8nes<\/p>\n<p>Les avantages du cidre de pomme :<\/p>\n<p>Vinaigre de cidre de pomme : am\u00e9liore la sensibilit\u00e9 \u00e0 l'insuline, aide \u00e0 contr\u00f4ler la glyc\u00e9mie et peut r\u00e9duire la graisse abdominale. Il a \u00e9galement des effets antiseptiques intestinaux qui peuvent am\u00e9liorer la sant\u00e9 du microbiote.<\/p>\n<p>Huile de coco (95% en TCM) : Am\u00e9liore le m\u00e9tabolisme, fournit une \u00e9nergie rapide, favorise la sati\u00e9t\u00e9 et poss\u00e8de des propri\u00e9t\u00e9s antiseptiques et antibact\u00e9riennes, b\u00e9n\u00e9fiques pour la flore intestinale en collaboration avec le vinaigre de cidre.<\/p>\n<p>Vitamines B6, B9 (acide folique) et B12 : contribuent \u00e0 un m\u00e9tabolisme \u00e9nerg\u00e9tique normal, r\u00e9duisent la fatigue et soutiennent le fonctionnement du syst\u00e8me immunitaire, ce qui est particuli\u00e8rement utile pendant les r\u00e9gimes amaigrissants.<\/p>\n<p>Iode : Essentiel pour le fonctionnement du cerveau et collabore avec les TCM pour activer le m\u00e9tabolisme.<\/p>\n<p>Jus de grenade et de betterave : ils fournissent de nombreuses substances bioactives et antioxydantes, compl\u00e9tant la formule avec des avantages suppl\u00e9mentaires pour la sant\u00e9.<br \/>\nAPPLE CIDER n'est pas seulement une source pratique de vinaigre de cidre de pomme, mais combine \u00e9galement d'autres ingr\u00e9dients actifs qui agissent en synergie pour fournir de multiples avantages pour la sant\u00e9, de l'am\u00e9lioration du m\u00e9tabolisme au soutien immunitaire et \u00e0 la sant\u00e9 intestinale.<\/p>","protected":false},"excerpt":{"rendered":"<p>Du vinaigre de cidre de pomme avec la m\u00e8re<br \/>\nCompatible avec le r\u00e9gime c\u00e9to (avec les TCM de l'huile de noix de coco)<br \/>\nSans allerg\u00e8nes<\/p>","protected":false},"featured_media":54598,"template":"","meta":{"inline_featured_image":false},"product_cat":[4792,4783],"product_tag":[],"acf":[],"_links":{"self":[{"href":"https:\/\/weider.es\/fr\/wp-json\/wp\/v2\/product\/54499"}],"collection":[{"href":"https:\/\/weider.es\/fr\/wp-json\/wp\/v2\/product"}],"about":[{"href":"https:\/\/weider.es\/fr\/wp-json\/wp\/v2\/types\/product"}],"wp:featuredmedia":[{"embeddable":true,"href":"https:\/\/weider.es\/fr\/wp-json\/wp\/v2\/media\/54598"}],"wp:attachment":[{"href":"https:\/\/weider.es\/fr\/wp-json\/wp\/v2\/media?parent=54499"}],"wp:term":[{"taxonomy":"product_cat","embeddable":true,"href":"https:\/\/weider.es\/fr\/wp-json\/wp\/v2\/product_cat?post=54499"},{"taxonomy":"product_tag","embeddable":true,"href":"https:\/\/weider.es\/fr\/wp-json\/wp\/v2\/product_tag?post=54499"}],"curies":[{"name":"wp","href":"https:\/\/api.w.org\/{rel}","templated":true}]}}