{"id":54507,"date":"2024-07-30T10:56:48","date_gmt":"2024-07-30T08:56:48","guid":{"rendered":"https:\/\/weider.es\/product\/collagen-2\/"},"modified":"2025-01-17T13:29:56","modified_gmt":"2025-01-17T12:29:56","slug":"gominolas-colageno","status":"publish","type":"product","link":"https:\/\/weider.es\/fr\/produit\/collagen-2\/","title":{"rendered":"Gommes de collag\u00e8ne"},"content":{"rendered":"<p>Les gommes de collag\u00e8ne de Weider sont con\u00e7ues pour soutenir la production de <a href=\"https:\/\/weider.es\/fr\/colagenos\/\">collag\u00e8ne<\/a> Le collag\u00e8ne est une prot\u00e9ine essentielle \u00e0 l'\u00e9lasticit\u00e9 et \u00e0 la r\u00e9g\u00e9n\u00e9ration de la peau, des os et du cartilage. Avec l'\u00e2ge, notre capacit\u00e9 naturelle \u00e0 synth\u00e9tiser du collag\u00e8ne diminue. Ces compl\u00e9ments sont donc id\u00e9aux pour compenser cette perte.<\/p>\n<p>Les ingr\u00e9dients contenus dans les gommes au collag\u00e8ne ont \u00e9t\u00e9 soigneusement s\u00e9lectionn\u00e9s pour stimuler la production d'acides gras om\u00e9ga-3 et d'acides gras polyinsatur\u00e9s. <a href=\"https:\/\/weider.es\/fr\/produit\/collagen\/\">collag\u00e8ne<\/a> et aide \u00e0 pr\u00e9venir la d\u00e9g\u00e9n\u00e9rescence des os et des cartilages. En outre, sa formule sans sucre est exceptionnelle pour prot\u00e9ger la peau du vieillissement et des dommages oxydatifs, afin qu'elle reste lisse et jeune plus longtemps.<\/p>\n<p>Vous \u00eates \u00e0 <a href=\"https:\/\/weider.es\/fr\/gominolas\/\">haricots en gel\u00e9e<\/a> sont enrichis en vitamine C, essentielle \u00e0 la bonne formation des fibres de collag\u00e8ne. La vitamine C agit \u00e9galement comme un puissant antioxydant qui prot\u00e8ge les cellules de la peau, du cartilage et des os contre les dommages oxydatifs.<\/p>","protected":false},"excerpt":{"rendered":"<p>Collag\u00e8ne hydrolys\u00e9 (1 000 mg).<br \/>\nAvec de la vitamine C.<br \/>\nSans sucre et sans gluten.<\/p>","protected":false},"featured_media":55560,"template":"","meta":{"inline_featured_image":false},"product_cat":[4792,4849,4852,4783],"product_tag":[],"acf":[],"_links":{"self":[{"href":"https:\/\/weider.es\/fr\/wp-json\/wp\/v2\/product\/54507"}],"collection":[{"href":"https:\/\/weider.es\/fr\/wp-json\/wp\/v2\/product"}],"about":[{"href":"https:\/\/weider.es\/fr\/wp-json\/wp\/v2\/types\/product"}],"wp:featuredmedia":[{"embeddable":true,"href":"https:\/\/weider.es\/fr\/wp-json\/wp\/v2\/media\/55560"}],"wp:attachment":[{"href":"https:\/\/weider.es\/fr\/wp-json\/wp\/v2\/media?parent=54507"}],"wp:term":[{"taxonomy":"product_cat","embeddable":true,"href":"https:\/\/weider.es\/fr\/wp-json\/wp\/v2\/product_cat?post=54507"},{"taxonomy":"product_tag","embeddable":true,"href":"https:\/\/weider.es\/fr\/wp-json\/wp\/v2\/product_tag?post=54507"}],"curies":[{"name":"wp","href":"https:\/\/api.w.org\/{rel}","templated":true}]}}