{"id":54509,"date":"2024-07-30T10:56:48","date_gmt":"2024-07-30T08:56:48","guid":{"rendered":"https:\/\/weider.es\/product\/cranberry\/"},"modified":"2024-10-17T10:28:47","modified_gmt":"2024-10-17T08:28:47","slug":"cranberry","status":"publish","type":"product","link":"https:\/\/weider.es\/fr\/produit\/cranberry\/","title":{"rendered":"Canneberge"},"content":{"rendered":"<p>Extrait de myrtille (Pacran\u00ae)<br \/>\nSans allerg\u00e8nes<br \/>\nSans sucre<\/p>\n<p>Notre produit Cranberry de Weider offre une solution efficace pour la pr\u00e9vention et la r\u00e9duction des infections des voies urinaires (UTI) avec seulement 2 gommes par jour. Il est formul\u00e9 \u00e0 partir de Pacran\u00ae, un extrait de canneberge de haute qualit\u00e9 provenant d'Am\u00e9rique du Nord, connu pour sa puissante teneur en proanthocyanidine, qui poss\u00e8de des propri\u00e9t\u00e9s anti-inflammatoires et antioxydantes.<\/p>\n<p>Il contient \u00e9galement du D-Mannose, une substance naturelle qui compl\u00e8te l'extrait de canneberge en renfor\u00e7ant son action antioxydante. Le D-Mannose contribue \u00e0 emp\u00eacher les bact\u00e9ries pathog\u00e8nes telles que E.coli d'adh\u00e9rer aux voies urinaires, r\u00e9duisant ainsi la probabilit\u00e9 d'infections.<\/p>\n<p>Weider Cranberry est pauvre en calories et en mati\u00e8res grasses et ne contient pas de sucres ajout\u00e9s, ce qui en fait un choix sain pour le maintien du bien-\u00eatre du syst\u00e8me urinaire.<\/p>","protected":false},"excerpt":{"rendered":"<p>Extrait de myrtille (Pacran\u00ae)<br \/>\nSans allerg\u00e8nes<br \/>\nSans sucre<\/p>","protected":false},"featured_media":54608,"template":"","meta":{"inline_featured_image":false},"product_cat":[4792,4783],"product_tag":[],"acf":[],"_links":{"self":[{"href":"https:\/\/weider.es\/fr\/wp-json\/wp\/v2\/product\/54509"}],"collection":[{"href":"https:\/\/weider.es\/fr\/wp-json\/wp\/v2\/product"}],"about":[{"href":"https:\/\/weider.es\/fr\/wp-json\/wp\/v2\/types\/product"}],"wp:featuredmedia":[{"embeddable":true,"href":"https:\/\/weider.es\/fr\/wp-json\/wp\/v2\/media\/54608"}],"wp:attachment":[{"href":"https:\/\/weider.es\/fr\/wp-json\/wp\/v2\/media?parent=54509"}],"wp:term":[{"taxonomy":"product_cat","embeddable":true,"href":"https:\/\/weider.es\/fr\/wp-json\/wp\/v2\/product_cat?post=54509"},{"taxonomy":"product_tag","embeddable":true,"href":"https:\/\/weider.es\/fr\/wp-json\/wp\/v2\/product_tag?post=54509"}],"curies":[{"name":"wp","href":"https:\/\/api.w.org\/{rel}","templated":true}]}}