{"id":54640,"date":"2024-07-30T11:57:34","date_gmt":"2024-07-30T09:57:34","guid":{"rendered":"https:\/\/weider.es\/product\/total-recovery\/"},"modified":"2024-10-17T10:29:05","modified_gmt":"2024-10-17T08:29:05","slug":"total-recovery","status":"publish","type":"product","link":"https:\/\/weider.es\/fr\/produit\/total-recovery\/","title":{"rendered":"R\u00e9cup\u00e9ration totale"},"content":{"rendered":"<p>Est\u00e1 constituido por los mejores componentes del mercado, basado en la \u00faltima<br \/>\n evidencia cient\u00edfica para garantizar la mejor recuperaci\u00f3n posible:<br \/>\n\u00bb Carbo-Protein Optimun Complex: Combina dextrosa con prote\u00edna de suero<br \/>\nhidrolizada y aislado de prote\u00edna de suero. De esta manera podr\u00e1s reponer tus<br \/>\n reservas de gluc\u00f3geno hasta llegar a aumentarlas, a la vez que optimizas el desarrollo<br \/>\nmuscular, frenando el catabolismo y potenciando el anabolismo.<br \/>\n\u00bb P\u00e9ptidos de Glutamina y L-Glutamina: amino\u00e1cido fundamental para la reparaci\u00f3n<br \/>\ndel tejido muscular y la recuperaci\u00f3n. Adem\u00e1s, mejora la funci\u00f3n inmune y disminuye<br \/>\nel \u201cs\u00edndrome de sobreentrenamiento\u201d.<br \/>\n\u00bb Amino\u00e1cidos ramificados (BCAA\u00b4s): Son amino\u00e1cidos esenciales que deben ser<br \/>\ningeridos en la dieta o mediante una adecuada suplementaci\u00f3n. Son capaces de<br \/>\n inducir el crecimiento y la recuperaci\u00f3n muscular gracias a que intervienen en la<br \/>\n regulaci\u00f3n de las v\u00edas anab\u00f3licas. Tambi\u00e9n disminuyen la sensaci\u00f3n de cansancio<br \/>\n o \u201cfatiga central\u201d producida por un exceso de Tript\u00f3fano en comparaci\u00f3n con la<br \/>\nconcentraci\u00f3n de BCAAs.<br \/>\n\u00bb Electrolitos: Son micronutrientes esenciales para el correcto funcionamiento del<br \/>\n organismo, forman parte de pr\u00e1cticamente todas las reacciones metab\u00f3licas que<br \/>\n ocurren en el cuerpo. Debido a las grandes p\u00e9rdidas producidas por el ejercicio<br \/>\n de larga duraci\u00f3n es imprescindible reponer todos los electrolitos perdidos para<br \/>\n garantizar una \u00f3ptima recuperaci\u00f3n.<br \/>\n\u00bb Vitaminas: Al igual que los electrolitos, son cruciales para el correcto funcionamiento de las v\u00edas metab\u00f3licas, por lo que asegurar un aporte correcto resulta imprescindible<br \/>\n tras realizar una sesi\u00f3n prolongada de ejercicio f\u00edsico. Intervienen en multitud de<br \/>\nprocesos y son capaces de reducir el estr\u00e9s oxidativo producido por el ejercicio, sobre<br \/>\ntodo las que cuentan con capacidad antioxidante (Vitaminas C, E y A).<\/p>","protected":false},"excerpt":{"rendered":"<p>R\u00e9cup\u00e9ration maximale. Formule avanc\u00e9e pour optimiser la r\u00e9cup\u00e9ration. Minimise les dommages musculaires.<\/p>","protected":false},"featured_media":54641,"template":"","meta":{"inline_featured_image":false},"product_cat":[4782],"product_tag":[],"acf":[],"_links":{"self":[{"href":"https:\/\/weider.es\/fr\/wp-json\/wp\/v2\/product\/54640"}],"collection":[{"href":"https:\/\/weider.es\/fr\/wp-json\/wp\/v2\/product"}],"about":[{"href":"https:\/\/weider.es\/fr\/wp-json\/wp\/v2\/types\/product"}],"wp:featuredmedia":[{"embeddable":true,"href":"https:\/\/weider.es\/fr\/wp-json\/wp\/v2\/media\/54641"}],"wp:attachment":[{"href":"https:\/\/weider.es\/fr\/wp-json\/wp\/v2\/media?parent=54640"}],"wp:term":[{"taxonomy":"product_cat","embeddable":true,"href":"https:\/\/weider.es\/fr\/wp-json\/wp\/v2\/product_cat?post=54640"},{"taxonomy":"product_tag","embeddable":true,"href":"https:\/\/weider.es\/fr\/wp-json\/wp\/v2\/product_tag?post=54640"}],"curies":[{"name":"wp","href":"https:\/\/api.w.org\/{rel}","templated":true}]}}