{"id":54660,"date":"2024-07-30T12:07:10","date_gmt":"2024-07-30T10:07:10","guid":{"rendered":"https:\/\/weider.es\/product\/weider-prime\/"},"modified":"2025-03-17T16:44:49","modified_gmt":"2025-03-17T15:44:49","slug":"weider-prime","status":"publish","type":"product","link":"https:\/\/weider.es\/fr\/produit\/weider-prime\/","title":{"rendered":"Weider Prime"},"content":{"rendered":"<p>Weider Prime\u00ae es la f\u00f3rmula pro-hormonal top ventas de Weider en Estados Unidos, tras su \u00e9xito en Am\u00e9rica, Weider Prime aterriza en Europa para marcar un antes y un despu\u00e9s en el apoyo a los niveles de testosterona.<\/p>\n<p>La testosterona es una hormona clave en el desarrollo y mantenimiento de la masa muscular. En consecuencia, tambi\u00e9n est\u00e1 \u00edntimamente relacionada con el gasto energ\u00e9tico, con el estado de \u00e1nimo y la l\u00edbido. Los niveles de testosterona descienden por factores externos como un desequilibrio en la alimentaci\u00f3n, el estr\u00e9s, la falta de sue\u00f1o o la edad.<\/p>\n<p>Unos niveles bajos de testosterona pueden generar niveles bajos de energ\u00eda, incremento de peso y aumento de la grasa corporal. Niveles bajos de testosterona tambi\u00e9n generan menos masa muscular, menos fuerza e incluso menor capacidad de atenci\u00f3n.<\/p>\n<p>La formulaci\u00f3n y combinaci\u00f3n de principios activos de Weider Prime ha sido seleccionada especialmente para reducir los efectos del estr\u00e9s y los factores externos sobre la producci\u00f3n natural de testosterona y adem\u00e1s proporciona los nutrientes clave en la producci\u00f3n de esta hormona:<\/p>\n<ul>\n<li>KSM-66\u2122 (Ashwagandha): extracto patentado y cl\u00ednicamente probado de alta pureza y eficacia. KSM-66<sup>TM<\/sup> mejora la resistencia al estr\u00e9s y la sensaci\u00f3n de bienestar. Adem\u00e1s, cuanta con estudios sobre la mejora del rendimiento y la fuerza.<\/li>\n<li>Cordyceps: Ingrediente adapt\u00f3geno y energ\u00e9tico con numerosos estudios avalando sus beneficios en el rendimiento f\u00edsico y en el organismo.<\/li>\n<li>Vitamina D: Vitamina implicada en la correcta funci\u00f3n muscular. Sus niveles est\u00e1n directamente relacionados con los niveles de testosterona.<\/li>\n<li>Vitamina B6, B 12: Vitaminas implicadas en el metabolismo energ\u00e9tico.<\/li>\n<li>Zinc: Mineral clave en la producci\u00f3n de testosterona.<\/li>\n<li>Cromo: contribuye al correcto funcionamiento de la insulina y a la regulaci\u00f3n de los niveles de glucosa.<\/li>\n<li>Colina: nutriente esencial contribuyendo al correcto metabolismo de las grasas.<\/li>\n<li>Bioperine: mejora la absorci\u00f3n y biodisponibilidad de los ingredientes presentes en Weider Prime.<\/li>\n<\/ul>","protected":false},"excerpt":{"rendered":"<p>La formulaci\u00f3n y combinaci\u00f3n de principios activos de Weider Prime ha sido seleccionada especialmente para reducir los efectos del estr\u00e9s y los factores externos sobre la producci\u00f3n natural de testosterona y adem\u00e1s proporciona los nutrientes clave en la producci\u00f3n de esta hormona<\/p>","protected":false},"featured_media":55652,"template":"","meta":{"inline_featured_image":false},"product_cat":[4844],"product_tag":[],"acf":[],"_links":{"self":[{"href":"https:\/\/weider.es\/fr\/wp-json\/wp\/v2\/product\/54660"}],"collection":[{"href":"https:\/\/weider.es\/fr\/wp-json\/wp\/v2\/product"}],"about":[{"href":"https:\/\/weider.es\/fr\/wp-json\/wp\/v2\/types\/product"}],"wp:featuredmedia":[{"embeddable":true,"href":"https:\/\/weider.es\/fr\/wp-json\/wp\/v2\/media\/55652"}],"wp:attachment":[{"href":"https:\/\/weider.es\/fr\/wp-json\/wp\/v2\/media?parent=54660"}],"wp:term":[{"taxonomy":"product_cat","embeddable":true,"href":"https:\/\/weider.es\/fr\/wp-json\/wp\/v2\/product_cat?post=54660"},{"taxonomy":"product_tag","embeddable":true,"href":"https:\/\/weider.es\/fr\/wp-json\/wp\/v2\/product_tag?post=54660"}],"curies":[{"name":"wp","href":"https:\/\/api.w.org\/{rel}","templated":true}]}}