{"id":54662,"date":"2024-07-30T12:10:05","date_gmt":"2024-07-30T10:10:05","guid":{"rendered":"https:\/\/weider.es\/product\/protein-pancake\/"},"modified":"2024-10-17T10:29:05","modified_gmt":"2024-10-17T08:29:05","slug":"protein-pancake","status":"publish","type":"product","link":"https:\/\/weider.es\/fr\/produit\/protein-pancake\/","title":{"rendered":"Cr\u00eape aux prot\u00e9ines"},"content":{"rendered":"<p>Le m\u00e9lange pour cr\u00eapes prot\u00e9in\u00e9es Weider est un excellent choix pour pr\u00e9parer des g\u00e2teaux d'avoine riches en prot\u00e9ines, avec moins de glucides et pr\u00e8s de 35% de prot\u00e9ines.<\/p>\n<p>Le m\u00e9lange associe la farine d'avoine compl\u00e8te \u00e0 la prot\u00e9ine de lactos\u00e9rum, \u00e0 l'\u0153uf et au lait, fournissant des acides amin\u00e9s essentiels et des prot\u00e9ines \u00e0 haute valeur biologique. Il utilise de la poudre d'\u0153uf entier pour des cr\u00eapes moelleuses et savoureuses.<\/p>\n<p>Il comprend le m\u00e9lange ModCarb\u2122, riche en c\u00e9r\u00e9ales biologiques telles que l'amarante et le quinoa, qui offre un faible indice glyc\u00e9mique et des acides gras sains. Id\u00e9al pour ceux qui recherchent des prot\u00e9ines suppl\u00e9mentaires et qui sont soucieux de leur sant\u00e9.<\/p>","protected":false},"excerpt":{"rendered":"<p>Pr\u00e9paration riche en prot\u00e9ines et en fibres pour r\u00e9aliser de d\u00e9licieuses cr\u00eapes<br \/>\nCombine trois sources de prot\u00e9ines : prot\u00e9ines de lactos\u00e9rum, d'\u0153uf et de lait entier.<br \/>\nPlus riche en prot\u00e9ines et moins riche en glucides que les produits similaires<\/p>","protected":false},"featured_media":54910,"template":"","meta":{"inline_featured_image":false},"product_cat":[4797],"product_tag":[],"acf":[],"_links":{"self":[{"href":"https:\/\/weider.es\/fr\/wp-json\/wp\/v2\/product\/54662"}],"collection":[{"href":"https:\/\/weider.es\/fr\/wp-json\/wp\/v2\/product"}],"about":[{"href":"https:\/\/weider.es\/fr\/wp-json\/wp\/v2\/types\/product"}],"wp:featuredmedia":[{"embeddable":true,"href":"https:\/\/weider.es\/fr\/wp-json\/wp\/v2\/media\/54910"}],"wp:attachment":[{"href":"https:\/\/weider.es\/fr\/wp-json\/wp\/v2\/media?parent=54662"}],"wp:term":[{"taxonomy":"product_cat","embeddable":true,"href":"https:\/\/weider.es\/fr\/wp-json\/wp\/v2\/product_cat?post=54662"},{"taxonomy":"product_tag","embeddable":true,"href":"https:\/\/weider.es\/fr\/wp-json\/wp\/v2\/product_tag?post=54662"}],"curies":[{"name":"wp","href":"https:\/\/api.w.org\/{rel}","templated":true}]}}