{"id":54680,"date":"2024-07-30T12:10:05","date_gmt":"2024-07-30T10:10:05","guid":{"rendered":"https:\/\/weider.es\/product\/syrups\/"},"modified":"2024-10-17T10:29:05","modified_gmt":"2024-10-17T08:29:05","slug":"syrups","status":"publish","type":"product","link":"https:\/\/weider.es\/fr\/produit\/syrups\/","title":{"rendered":"Sirops"},"content":{"rendered":"<p>Z\u00e9ro graisse et z\u00e9ro sucre.<\/p>\n<p>Seulement 12 kcal par portion.<\/p>\n<p>Avec de la poudre de cacao pure et convient aux v\u00e9g\u00e9taliens.<\/p>\n<p>Slim Choco Syrup est un sirop de chocolat \"en forme\" dot\u00e9 d'un excellent profil nutritionnel, sup\u00e9rieur \u00e0 la plupart des sirops du march\u00e9. Il est fabriqu\u00e9 \u00e0 partir de v\u00e9ritables ingr\u00e9dients tels que la poudre de cacao et les fibres.<\/p>\n<p>C'est une option douce et saine pour ceux qui veulent prendre soin d'eux.<\/p>","protected":false},"excerpt":{"rendered":"<p>- Sans mati\u00e8res grasses et sans sucres<br \/>\n- Seulement 12 kcal par portion<br \/>\n- Avec de la poudre de cacao pure et convient aux v\u00e9g\u00e9taliens<\/p>","protected":false},"featured_media":54911,"template":"","meta":{"inline_featured_image":false},"product_cat":[4797,4781],"product_tag":[],"acf":[],"_links":{"self":[{"href":"https:\/\/weider.es\/fr\/wp-json\/wp\/v2\/product\/54680"}],"collection":[{"href":"https:\/\/weider.es\/fr\/wp-json\/wp\/v2\/product"}],"about":[{"href":"https:\/\/weider.es\/fr\/wp-json\/wp\/v2\/types\/product"}],"wp:featuredmedia":[{"embeddable":true,"href":"https:\/\/weider.es\/fr\/wp-json\/wp\/v2\/media\/54911"}],"wp:attachment":[{"href":"https:\/\/weider.es\/fr\/wp-json\/wp\/v2\/media?parent=54680"}],"wp:term":[{"taxonomy":"product_cat","embeddable":true,"href":"https:\/\/weider.es\/fr\/wp-json\/wp\/v2\/product_cat?post=54680"},{"taxonomy":"product_tag","embeddable":true,"href":"https:\/\/weider.es\/fr\/wp-json\/wp\/v2\/product_tag?post=54680"}],"curies":[{"name":"wp","href":"https:\/\/api.w.org\/{rel}","templated":true}]}}