{"id":54686,"date":"2024-07-30T12:10:05","date_gmt":"2024-07-30T10:10:05","guid":{"rendered":"https:\/\/weider.es\/product\/prot-butter\/"},"modified":"2024-10-17T10:29:16","modified_gmt":"2024-10-17T08:29:16","slug":"peanut-butter-smooth","status":"publish","type":"product","link":"https:\/\/weider.es\/fr\/produit\/prot-butter\/","title":{"rendered":"Beurre de cacahu\u00e8te lisse"},"content":{"rendered":"<div>\n<div>Peanut Butter Smooth est le beurre de cacahu\u00e8tes de Weider, fabriqu\u00e9 de mani\u00e8re classique uniquement avec des cacahu\u00e8tes grill\u00e9es de la plus haute qualit\u00e9 et d'une saveur originale irr\u00e9sistible. Ses caract\u00e9ristiques font de cette cr\u00e8me un aliment tr\u00e8s app\u00e9tissant avec un excellent profil nutritionnel :<\/div>\n<div>- Texture onctueuse : tr\u00e8s cr\u00e9meuse et agr\u00e9able au palais.<\/div>\n<div>- Prot\u00e9ine 28% : issue d'une combinaison naturelle de cacahu\u00e8tes. Les prot\u00e9ines contribuent au maintien et \u00e0 l'augmentation de la masse musculaire.<\/div>\n<div>- Sans huile de palme : nous veillons \u00e9galement \u00e0 ce que nos cr\u00e8mes soient totalement exemptes d'huile de palme, car nous nous soucions toujours de votre sant\u00e9 et nous nous engageons \u00e9galement en faveur de l'environnement et de probl\u00e8mes tels que la d\u00e9forestation.<\/div>\n<div>- Graisses saines : le beurre de cacahu\u00e8te contient des graisses monoinsatur\u00e9es et polyinsatur\u00e9es, \u00e9galement appel\u00e9es \"graisses saines\". Bien entendu, vous n'avez pas \u00e0 vous soucier des acides gras trans.<\/div>\n<div>- Faible teneur en sucres et sans sucres ajout\u00e9s : uniquement des sucres d'origine naturelle et moins d'un gramme de sucre par portion.<\/div>\n<div>- Sans conservateurs.<\/div>\n<div>- Convient aux v\u00e9g\u00e9taliens.<\/div>\n<div>- Sans sel ajout\u00e9.<\/div>\n<div>Vous pouvez le combiner avec notre d\u00e9licieux Protein Pancake ou sur des toasts avec notre Protein Bread. Que vous meniez un style de vie \"en forme\" ou que vous aimiez prendre soin de vous sans renoncer \u00e0 des friandises saines... le beurre de cacahu\u00e8te est parfait pour les petits d\u00e9jeuners, les en-cas, les desserts ou pour pr\u00e9parer toutes sortes de recettes que vous pouvez imaginer. Avez-vous encore besoin d'autres raisons pour l'essayer ?<\/div>\n<\/div>","protected":false},"excerpt":{"rendered":"<p>100 % naturel.<br \/>\n26 % de prot\u00e9ines.<br \/>\nConvient aux v\u00e9g\u00e9taliens.<\/p>","protected":false},"featured_media":54913,"template":"","meta":{"inline_featured_image":false},"product_cat":[4797,4781],"product_tag":[],"acf":[],"_links":{"self":[{"href":"https:\/\/weider.es\/fr\/wp-json\/wp\/v2\/product\/54686"}],"collection":[{"href":"https:\/\/weider.es\/fr\/wp-json\/wp\/v2\/product"}],"about":[{"href":"https:\/\/weider.es\/fr\/wp-json\/wp\/v2\/types\/product"}],"wp:featuredmedia":[{"embeddable":true,"href":"https:\/\/weider.es\/fr\/wp-json\/wp\/v2\/media\/54913"}],"wp:attachment":[{"href":"https:\/\/weider.es\/fr\/wp-json\/wp\/v2\/media?parent=54686"}],"wp:term":[{"taxonomy":"product_cat","embeddable":true,"href":"https:\/\/weider.es\/fr\/wp-json\/wp\/v2\/product_cat?post=54686"},{"taxonomy":"product_tag","embeddable":true,"href":"https:\/\/weider.es\/fr\/wp-json\/wp\/v2\/product_tag?post=54686"}],"curies":[{"name":"wp","href":"https:\/\/api.w.org\/{rel}","templated":true}]}}