{"id":54695,"date":"2024-07-30T12:10:05","date_gmt":"2024-07-30T10:10:05","guid":{"rendered":"https:\/\/weider.es\/product\/sauce-zero\/"},"modified":"2024-10-17T10:29:16","modified_gmt":"2024-10-17T08:29:16","slug":"sauce-zero","status":"publish","type":"product","link":"https:\/\/weider.es\/fr\/produit\/saule-zero\/","title":{"rendered":"Willow Zero"},"content":{"rendered":"<p>Weider pr\u00e9sente les nouvelles sauces 0%, une nouvelle option sal\u00e9e avec toute la saveur des sauces traditionnelles, mais sans sucre, ni graisse, ni calories. Disponibles en 4 saveurs : ketchup, curry, barbecue et c\u00e9sar. Elles vous permettent d'assaisonner un large \u00e9ventail de plats et de recettes. M\u00eame si vous avez d\u00e9cid\u00e9 de supprimer de votre alimentation les aliments caloriques, gras et riches en sucre, gr\u00e2ce \u00e0 leur composition, vous pouvez continuer \u00e0 manger sainement tous les jours sans renoncer au plaisir : -Z\u00e9ro sucre : le sucre est l'un des principaux ingr\u00e9dients de la plupart des sauces, y compris des sauces sal\u00e9es, ainsi que l'ingr\u00e9dient interdit si vous voulez surveiller votre r\u00e9gime alimentaire. Avec les sauces 0%, vous n'avez plus \u00e0 vous inqui\u00e9ter, car elles ne contiennent aucun sucre. -Z\u00e9ro graisse : aucune des 4 saveurs n'ajoute un gramme de graisse \u00e0 votre r\u00e9gime, ce qui est parfait pour assaisonner les salades ou le poisson grill\u00e9 que vous avez pour le d\u00eener ! -Pratiquement aucune calorie : chaque portion contient environ 1 kcal*, film ! 100% Saveur : elles sont spectaculaires... et nous n'avons pas grand-chose \u00e0 ajouter, vous n'avez qu'\u00e0 vous en rendre compte par vous-m\u00eame ! De plus, il est pr\u00e9sent\u00e9 dans un contenant anti-goutte pratique, qui permet de le stocker et de le conserver facilement. Weider vous aide, pour que bien manger devienne<\/p>","protected":false},"excerpt":{"rendered":"<p>- Sans sucre<br \/>\n- Z\u00e9ro mati\u00e8re grasse<br \/>\n- 100% Ar\u00f4me<\/p>","protected":false},"featured_media":54696,"template":"","meta":{"inline_featured_image":false},"product_cat":[4797,4781],"product_tag":[],"acf":[],"_links":{"self":[{"href":"https:\/\/weider.es\/fr\/wp-json\/wp\/v2\/product\/54695"}],"collection":[{"href":"https:\/\/weider.es\/fr\/wp-json\/wp\/v2\/product"}],"about":[{"href":"https:\/\/weider.es\/fr\/wp-json\/wp\/v2\/types\/product"}],"wp:featuredmedia":[{"embeddable":true,"href":"https:\/\/weider.es\/fr\/wp-json\/wp\/v2\/media\/54696"}],"wp:attachment":[{"href":"https:\/\/weider.es\/fr\/wp-json\/wp\/v2\/media?parent=54695"}],"wp:term":[{"taxonomy":"product_cat","embeddable":true,"href":"https:\/\/weider.es\/fr\/wp-json\/wp\/v2\/product_cat?post=54695"},{"taxonomy":"product_tag","embeddable":true,"href":"https:\/\/weider.es\/fr\/wp-json\/wp\/v2\/product_tag?post=54695"}],"curies":[{"name":"wp","href":"https:\/\/api.w.org\/{rel}","templated":true}]}}