{"id":54706,"date":"2024-07-30T12:10:05","date_gmt":"2024-07-30T10:10:05","guid":{"rendered":"https:\/\/weider.es\/product\/protein-bread\/"},"modified":"2024-10-17T10:29:16","modified_gmt":"2024-10-17T08:29:16","slug":"protein-bread","status":"publish","type":"product","link":"https:\/\/weider.es\/fr\/produit\/pain-proteine\/","title":{"rendered":"Pain prot\u00e9in\u00e9"},"content":{"rendered":"<div>\n<div>Le pain prot\u00e9in\u00e9 Weider est un d\u00e9licieux pain pr\u00eat \u00e0 consommer. Pour vous offrir un pain riche en prot\u00e9ines, pauvre en glucides et en sucres, nous utilisons les derni\u00e8res technologies de l'industrie alimentaire, ce qui nous permet \u00e9galement de nous passer d'huiles additionnelles ou de graisses hydrog\u00e9n\u00e9es, pour que vous puissiez enfin d\u00e9guster du pain sans remords ! Ses ingr\u00e9dients s\u00e9lectionn\u00e9s tels que les prot\u00e9ines de bl\u00e9, de pois et de lait, ainsi que la farine de seigle et son m\u00e9lange de graines (lin brun, lin dor\u00e9, graines de tournesol et graines de s\u00e9same), lui conf\u00e8rent une composition nutritionnelle unique et tr\u00e8s saine.<\/div>\n<div>La teneur en prot\u00e9ines du pain prot\u00e9in\u00e9 Weider est comparable \u00e0 celle de la viande ou du poulet, ce qui le rend id\u00e9al pour les athl\u00e8tes. 100 grammes de pain prot\u00e9in\u00e9 Weider ne contiennent que 7,4 g d'hydrates de carbone, ce qui en fait un aliment id\u00e9al pour les r\u00e9gimes de contr\u00f4le du poids, de d\u00e9finition ou pour ceux qui doivent restreindre leur consommation d'hydrates de carbone. Enfin, ses graisses sont saines pour le c\u0153ur, car elles proviennent exclusivement de ses graines, riches en graisses monoinsatur\u00e9es et polyinsatur\u00e9es. Pour toutes ces raisons, le pain prot\u00e9in\u00e9 Weider est parfait pour toute personne et tout objectif.<\/div>\n<div>Gr\u00e2ce \u00e0 son conditionnement pratique en 5 tranches, il conserve ses propri\u00e9t\u00e9s intactes et est parfait pour \u00eatre emport\u00e9.<\/div>\n<\/div>","protected":false},"excerpt":{"rendered":"<p>Teneur \u00e9lev\u00e9e en prot\u00e9ines (22 %)<br \/>\n130 Kcal par tranche<br \/>\nNouveau go\u00fbt de carotte<\/p>","protected":false},"featured_media":54707,"template":"","meta":{"inline_featured_image":false},"product_cat":[4797],"product_tag":[],"acf":[],"_links":{"self":[{"href":"https:\/\/weider.es\/fr\/wp-json\/wp\/v2\/product\/54706"}],"collection":[{"href":"https:\/\/weider.es\/fr\/wp-json\/wp\/v2\/product"}],"about":[{"href":"https:\/\/weider.es\/fr\/wp-json\/wp\/v2\/types\/product"}],"wp:featuredmedia":[{"embeddable":true,"href":"https:\/\/weider.es\/fr\/wp-json\/wp\/v2\/media\/54707"}],"wp:attachment":[{"href":"https:\/\/weider.es\/fr\/wp-json\/wp\/v2\/media?parent=54706"}],"wp:term":[{"taxonomy":"product_cat","embeddable":true,"href":"https:\/\/weider.es\/fr\/wp-json\/wp\/v2\/product_cat?post=54706"},{"taxonomy":"product_tag","embeddable":true,"href":"https:\/\/weider.es\/fr\/wp-json\/wp\/v2\/product_tag?post=54706"}],"curies":[{"name":"wp","href":"https:\/\/api.w.org\/{rel}","templated":true}]}}