{"id":54713,"date":"2024-07-30T12:10:05","date_gmt":"2024-07-30T10:10:05","guid":{"rendered":"https:\/\/weider.es\/product\/vegan-protein\/"},"modified":"2025-06-17T10:08:19","modified_gmt":"2025-06-17T08:08:19","slug":"vegan-protein","status":"publish","type":"product","link":"https:\/\/weider.es\/fr\/produit\/vegan-protein\/","title":{"rendered":"Prot\u00e9ines v\u00e9g\u00e9taliennes"},"content":{"rendered":"<div>\n<div>Vegan Protein de Weider\u00ae est votre meilleure option si vous souhaitez inclure dans votre r\u00e9gime alimentaire une prot\u00e9ine v\u00e9g\u00e9talienne de la plus haute qualit\u00e9 et au go\u00fbt d\u00e9licieux. Gr\u00e2ce \u00e0 son excellente composition en acides amin\u00e9s, la prot\u00e9ine de pois est la meilleure prot\u00e9ine v\u00e9g\u00e9tale que vous puissiez utiliser, offrant une valeur nutritionnelle comparable \u00e0 celle de la prot\u00e9ine de lactos\u00e9rum.<\/div>\n<div>La prot\u00e9ine principale de Vegan Protein est l'isolat de pois (Pisane C9) qui a \u00e9t\u00e9 enrichi avec de la prot\u00e9ine de riz. En combinant la prot\u00e9ine d'une l\u00e9gumineuse avec celle d'une c\u00e9r\u00e9ale, on obtient une prot\u00e9ine de haute valeur biologique et facile \u00e0 dig\u00e9rer. 100% tol\u00e9rable.<\/div>\n<div>L'origine et le processus d'obtention des prot\u00e9ines v\u00e9g\u00e9tales qui composent Vegan Protein by Weider\u00ae sont r\u00e9alis\u00e9s par des proc\u00e9d\u00e9s physiques et sans utilisation de solvants chimiques tels que l'hexane.<\/div>\n<div>Il s'adresse \u00e0 tous ceux qui ont besoin d'un apport suppl\u00e9mentaire en prot\u00e9ines et qui sont soucieux de leur sant\u00e9, tels que les athl\u00e8tes, les personnes \u00e2g\u00e9es et les personnes soumises \u00e0 un effort physique important. Vegan Protein est id\u00e9al pour tous ceux qui souhaitent consommer des prot\u00e9ines v\u00e9g\u00e9tales propres, s\u00fbres et naturellement exemptes de lactose, de gluten et de cholest\u00e9rol. Il est \u00e9galement parfait pour tous ceux qui ne sont pas v\u00e9g\u00e9tariens mais qui souhaitent r\u00e9duire leur consommation de prot\u00e9ines animales sans r\u00e9duire la qualit\u00e9 des prot\u00e9ines dans leur alimentation.<\/div>\n<div>Weider\u00ae a ajout\u00e9 la B12, car des apports tr\u00e8s faibles en cette vitamine peuvent entra\u00eener une an\u00e9mie et des troubles du syst\u00e8me nerveux, et les seules sources v\u00e9g\u00e9taliennes fiables de B12 sont les suppl\u00e9ments et les aliments enrichis en cette vitamine.<\/div>\n<\/div>","protected":false},"excerpt":{"rendered":"<p>Prot\u00e9ine de pois de haute qualit\u00e9 (Pisane C9) et riz.<\/p>\n<p>Avec ajout d'extraits de plantes et de c\u00e9r\u00e9ales biologiques.<\/p>\n<p>Avec B12, sans lactose, sans gluten, sans cholest\u00e9rol.<\/p>","protected":false},"featured_media":54738,"template":"","meta":{"inline_featured_image":false},"product_cat":[4781,4850,4842,4764],"product_tag":[],"acf":[],"_links":{"self":[{"href":"https:\/\/weider.es\/fr\/wp-json\/wp\/v2\/product\/54713"}],"collection":[{"href":"https:\/\/weider.es\/fr\/wp-json\/wp\/v2\/product"}],"about":[{"href":"https:\/\/weider.es\/fr\/wp-json\/wp\/v2\/types\/product"}],"wp:featuredmedia":[{"embeddable":true,"href":"https:\/\/weider.es\/fr\/wp-json\/wp\/v2\/media\/54738"}],"wp:attachment":[{"href":"https:\/\/weider.es\/fr\/wp-json\/wp\/v2\/media?parent=54713"}],"wp:term":[{"taxonomy":"product_cat","embeddable":true,"href":"https:\/\/weider.es\/fr\/wp-json\/wp\/v2\/product_cat?post=54713"},{"taxonomy":"product_tag","embeddable":true,"href":"https:\/\/weider.es\/fr\/wp-json\/wp\/v2\/product_tag?post=54713"}],"curies":[{"name":"wp","href":"https:\/\/api.w.org\/{rel}","templated":true}]}}