{"id":54741,"date":"2024-07-30T12:12:41","date_gmt":"2024-07-30T10:12:41","guid":{"rendered":"https:\/\/weider.es\/product\/vegan-protein-wafer-bar\/"},"modified":"2025-01-09T14:43:10","modified_gmt":"2025-01-09T13:43:10","slug":"vegan-protein-wafer-bar","status":"publish","type":"product","link":"https:\/\/weider.es\/fr\/produit\/vegan-protein-wafer-bar\/","title":{"rendered":"Barre prot\u00e9in\u00e9e v\u00e9g\u00e9talienne"},"content":{"rendered":"<div>\n<div>Si vous avez faim et que vous avez envie de quelque chose de sucr\u00e9, mais que vous ne savez pas quoi, nous avons le produit qu'il vous faut ! Une barre de gaufrettes contenant 30% de prot\u00e9ines, sans huile de palme, avec des ar\u00f4mes naturels et un enrobage croquant au chocolat noir. Si vous souhaitez inclure des produits contenant des prot\u00e9ines v\u00e9g\u00e9taliennes de qualit\u00e9 dans votre r\u00e9gime alimentaire... voici la solution !<\/div>\n<div>La prot\u00e9ine de pois, gr\u00e2ce \u00e0 son excellente composition en acides amin\u00e9s, est la meilleure prot\u00e9ine v\u00e9g\u00e9tale que vous puissiez utiliser, offrant une valeur nutritionnelle comparable \u00e0 celle de la prot\u00e9ine de lactos\u00e9rum. En outre, notre barre contient \u00e9galement de la prot\u00e9ine de riz qui, combin\u00e9e \u00e0 la prot\u00e9ine de l\u00e9gumineuse, fournit une prot\u00e9ine de haute valeur biologique facile \u00e0 dig\u00e9rer. Nous nous engageons \u00e9galement \u00e0 rendre nos barres accessibles \u00e0 tous, d'o\u00f9 le d\u00e9veloppement de cette nouvelle gaufre v\u00e9g\u00e9talienne !<\/div>\n<div>Nous proposons deux saveurs d\u00e9licieuses : chocolat sal\u00e9 et ananas-coco. Si votre objectif est de vous tonifier, de gagner de la masse musculaire ou m\u00eame de perdre du poids, c'est le moyen id\u00e9al d'atteindre votre but. Vous pouvez prendre cette d\u00e9licieuse barre \u00e0 tout moment, apr\u00e8s un entra\u00eenement intense ou m\u00eame comme collation entre les repas. Essayez-la, vous la r\u00e9p\u00e9terez \u00e0 coup s\u00fbr !<\/div>\n<\/div>","protected":false},"excerpt":{"rendered":"<p>30% Prot\u00e9ine de haute valeur biologique, facilement digestible<br \/>\nV\u00e9g\u00e9talien<br \/>\nDos sabores: chocolate salado y pi\u00f1a \u2013 coco<\/p>","protected":false},"featured_media":54909,"template":"","meta":{"inline_featured_image":false},"product_cat":[4781,4779],"product_tag":[],"acf":[],"_links":{"self":[{"href":"https:\/\/weider.es\/fr\/wp-json\/wp\/v2\/product\/54741"}],"collection":[{"href":"https:\/\/weider.es\/fr\/wp-json\/wp\/v2\/product"}],"about":[{"href":"https:\/\/weider.es\/fr\/wp-json\/wp\/v2\/types\/product"}],"wp:featuredmedia":[{"embeddable":true,"href":"https:\/\/weider.es\/fr\/wp-json\/wp\/v2\/media\/54909"}],"wp:attachment":[{"href":"https:\/\/weider.es\/fr\/wp-json\/wp\/v2\/media?parent=54741"}],"wp:term":[{"taxonomy":"product_cat","embeddable":true,"href":"https:\/\/weider.es\/fr\/wp-json\/wp\/v2\/product_cat?post=54741"},{"taxonomy":"product_tag","embeddable":true,"href":"https:\/\/weider.es\/fr\/wp-json\/wp\/v2\/product_tag?post=54741"}],"curies":[{"name":"wp","href":"https:\/\/api.w.org\/{rel}","templated":true}]}}