{"id":54751,"date":"2024-07-30T12:20:43","date_gmt":"2024-07-30T10:20:43","guid":{"rendered":"https:\/\/weider.es\/product\/mega-mass-2000\/"},"modified":"2024-10-17T10:29:30","modified_gmt":"2024-10-17T08:29:30","slug":"mega-mass-2000","status":"publish","type":"product","link":"https:\/\/weider.es\/fr\/produit\/mega-mass-2000\/","title":{"rendered":"M\u00e9ga-messe 2000"},"content":{"rendered":"<p>Mega Mass 2000 a \u00e9t\u00e9 mis \u00e0 jour pour continuer \u00e0 \u00eatre un produit leader dans l'augmentation de la masse et du volume musculaire, en s'adaptant aux derni\u00e8res avanc\u00e9es scientifiques. Ses principales caract\u00e9ristiques sont les suivantes :<\/p>\n<p>67% Glucides : issus d'une matrice de maltodextrine de ma\u00efs, d'amidon de bl\u00e9 natif, de farine d'avoine compl\u00e8te, d'amidon de ma\u00efs et de f\u00e9cule de pomme de terre. Cette combinaison r\u00e9duit la teneur en sucre \u00e0 seulement 7%.<\/p>\n<p>19% Protein : Un m\u00e9lange de concentr\u00e9 et d'isolat de lactos\u00e9rum qui am\u00e9liore l'aminogramme pour faciliter la r\u00e9g\u00e9n\u00e9ration et le d\u00e9veloppement musculaire.<\/p>\n<p>Taurine : am\u00e9liore l'absorption des nutriments.<\/p>\n<p>Vitamines et min\u00e9raux : Optimise les performances \u00e9nerg\u00e9tiques et r\u00e9pond aux besoins quotidiens du sportif.<\/p>\n<p>Sans cr\u00e9atine ni aspartame.<\/p>\n<p>Mega Mass 2000 fournit l'\u00e9nergie dont vous avez besoin pour atteindre vos objectifs, en favorisant un \u00e9tat anabolique qui favorise la prise de masse maigre sans augmenter la masse grasse. C'est le compl\u00e9ment id\u00e9al pour gagner de la masse musculaire avec les derni\u00e8res avanc\u00e9es nutritionnelles.<\/p>","protected":false},"excerpt":{"rendered":"<p>- Formule de pointe am\u00e9lior\u00e9e<br \/>\n- Glucides complexes avec moins de sucre<br \/>\n- Matrice prot\u00e9ique de haute qualit\u00e9<\/p>","protected":false},"featured_media":47600,"template":"","meta":{"inline_featured_image":false},"product_cat":[4846],"product_tag":[],"acf":[],"_links":{"self":[{"href":"https:\/\/weider.es\/fr\/wp-json\/wp\/v2\/product\/54751"}],"collection":[{"href":"https:\/\/weider.es\/fr\/wp-json\/wp\/v2\/product"}],"about":[{"href":"https:\/\/weider.es\/fr\/wp-json\/wp\/v2\/types\/product"}],"wp:featuredmedia":[{"embeddable":true,"href":"https:\/\/weider.es\/fr\/wp-json\/wp\/v2\/media\/47600"}],"wp:attachment":[{"href":"https:\/\/weider.es\/fr\/wp-json\/wp\/v2\/media?parent=54751"}],"wp:term":[{"taxonomy":"product_cat","embeddable":true,"href":"https:\/\/weider.es\/fr\/wp-json\/wp\/v2\/product_cat?post=54751"},{"taxonomy":"product_tag","embeddable":true,"href":"https:\/\/weider.es\/fr\/wp-json\/wp\/v2\/product_tag?post=54751"}],"curies":[{"name":"wp","href":"https:\/\/api.w.org\/{rel}","templated":true}]}}