{"id":54758,"date":"2024-07-30T12:20:43","date_gmt":"2024-07-30T10:20:43","guid":{"rendered":"https:\/\/weider.es\/product\/mega-mass-4000\/"},"modified":"2024-10-17T10:29:30","modified_gmt":"2024-10-17T08:29:30","slug":"mega-mass-4000","status":"publish","type":"product","link":"https:\/\/weider.es\/fr\/produit\/mega-masse-4000\/","title":{"rendered":"M\u00e9ga masse 4000"},"content":{"rendered":"<p>Weider, marque synonyme de sant\u00e9, d'efficacit\u00e9 et de performance, est au service des sportifs depuis 1936. En phase avec les avanc\u00e9es scientifiques, Mega Mass 4000 est le produit id\u00e9al pour augmenter la masse et le volume musculaire.<\/p>\n<p>Principales caract\u00e9ristiques de Mega Mass 4000 :<\/p>\n<p>Glucides (69%) : m\u00e9lange unique sans sucre ajout\u00e9 de maltodextrine de ma\u00efs, d'amidon de bl\u00e9 natif, de farine d'avoine compl\u00e8te et d'amidon de pomme de terre natif, fournissant l'\u00e9nergie n\u00e9cessaire \u00e0 la croissance musculaire.<\/p>\n<p>Prot\u00e9ines de haute qualit\u00e9 : combinaison d'isolat de prot\u00e9ines de lait (cas\u00e9ine et lactos\u00e9rum), de concentr\u00e9 de prot\u00e9ines de lactos\u00e9rum et de poudre de prot\u00e9ines de blanc d'\u0153uf, favorisant une r\u00e9cup\u00e9ration rapide et durable, maximisant les gains de masse musculaire.<\/p>\n<p>Creapure\u00ae Creatine Monohydrate (3,4 g) : Augmente la performance et la force, en aidant \u00e0 d\u00e9velopper le volume musculaire.<\/p>\n<p>Vitamines et min\u00e9raux : 8 vitamines et 3 min\u00e9raux qui optimisent la capacit\u00e9 de l'organisme \u00e0 assimiler l'entra\u00eenement.<\/p>\n<p>Mega Mass 4000 fournit tous les nutriments essentiels pour vous permettre de rester concentr\u00e9 sur votre entra\u00eenement au maximum, ce qui en fait le partenaire id\u00e9al des athl\u00e8tes qui cherchent \u00e0 am\u00e9liorer leurs performances et \u00e0 d\u00e9velopper leur masse musculaire.<\/p>","protected":false},"excerpt":{"rendered":"<p>Nouvelle formule<br \/>\n- Augmentation de la croissance musculaire<br \/>\n-\u00c9nergie maximale<\/p>","protected":false},"featured_media":54759,"template":"","meta":{"inline_featured_image":false},"product_cat":[4846],"product_tag":[],"acf":[],"_links":{"self":[{"href":"https:\/\/weider.es\/fr\/wp-json\/wp\/v2\/product\/54758"}],"collection":[{"href":"https:\/\/weider.es\/fr\/wp-json\/wp\/v2\/product"}],"about":[{"href":"https:\/\/weider.es\/fr\/wp-json\/wp\/v2\/types\/product"}],"wp:featuredmedia":[{"embeddable":true,"href":"https:\/\/weider.es\/fr\/wp-json\/wp\/v2\/media\/54759"}],"wp:attachment":[{"href":"https:\/\/weider.es\/fr\/wp-json\/wp\/v2\/media?parent=54758"}],"wp:term":[{"taxonomy":"product_cat","embeddable":true,"href":"https:\/\/weider.es\/fr\/wp-json\/wp\/v2\/product_cat?post=54758"},{"taxonomy":"product_tag","embeddable":true,"href":"https:\/\/weider.es\/fr\/wp-json\/wp\/v2\/product_tag?post=54758"}],"curies":[{"name":"wp","href":"https:\/\/api.w.org\/{rel}","templated":true}]}}