{"id":54765,"date":"2024-07-30T12:20:43","date_gmt":"2024-07-30T10:20:43","guid":{"rendered":"https:\/\/weider.es\/product\/oat-gourmet-flour-harina-de-avena\/"},"modified":"2025-06-20T10:09:45","modified_gmt":"2025-06-20T08:09:45","slug":"harina-de-avena-gourmet","status":"publish","type":"product","link":"https:\/\/weider.es\/fr\/produit\/oat-gourmet-flour-harina-de-avena\/","title":{"rendered":"Gruau d'avoine gourmet"},"content":{"rendered":"<div>\n<div>La harina de avena es un alimento natural completo y nutritivo, que aporta energ\u00eda, prote\u00ednas, fibra, vitaminas y minerales. Weider Gourmet Oat Flour es harina de avena instant\u00e1nea de calidad superior, obtenida de granos enteros de avena no OMG y sin az\u00facares a\u00f1adidos.<\/div>\n<div>Gourmet Oat Flour se puede utilizar para preparar batidos de carbohidratos en cualquier momento del d\u00eda en el que necesites un extra de energ\u00eda, as\u00ed como para elaborar recetas saludables llenas de sabor y muy nutritivas. La harina de avena proporciona de forma natural carbohidratos complejos y un contenido realmente bajo de az\u00facares. Adem\u00e1s, su alto contenido en fibra retrasa la digesti\u00f3n de sus almidones y la absorci\u00f3n de la glucosa en sangre. Esta cualidad la convierte en una de las formas m\u00e1s sanas de consumir carbohidratos.<\/div>\n<div>Weider Gourmet Oat Flour proporciona prote\u00ednas de origen vegetal y solo 7,1 % de grasas, con un bajo contenido de grasas saturadas y mayoritariamente mono y poliinsaturadas. Ayud\u00e1ndote a cuidar la l\u00ednea, tu salud y tu coraz\u00f3n.<\/div>\n<\/div>","protected":false},"excerpt":{"rendered":"<p>Faible teneur en sucres.<br \/>\nSource de prot\u00e9ines.<br \/>\nDes saveurs d\u00e9licieuses.<\/p>","protected":false},"featured_media":55213,"template":"","meta":{"inline_featured_image":false},"product_cat":[4797],"product_tag":[],"acf":[],"_links":{"self":[{"href":"https:\/\/weider.es\/fr\/wp-json\/wp\/v2\/product\/54765"}],"collection":[{"href":"https:\/\/weider.es\/fr\/wp-json\/wp\/v2\/product"}],"about":[{"href":"https:\/\/weider.es\/fr\/wp-json\/wp\/v2\/types\/product"}],"wp:featuredmedia":[{"embeddable":true,"href":"https:\/\/weider.es\/fr\/wp-json\/wp\/v2\/media\/55213"}],"wp:attachment":[{"href":"https:\/\/weider.es\/fr\/wp-json\/wp\/v2\/media?parent=54765"}],"wp:term":[{"taxonomy":"product_cat","embeddable":true,"href":"https:\/\/weider.es\/fr\/wp-json\/wp\/v2\/product_cat?post=54765"},{"taxonomy":"product_tag","embeddable":true,"href":"https:\/\/weider.es\/fr\/wp-json\/wp\/v2\/product_tag?post=54765"}],"curies":[{"name":"wp","href":"https:\/\/api.w.org\/{rel}","templated":true}]}}