{"id":54804,"date":"2024-07-30T12:33:36","date_gmt":"2024-07-30T10:33:36","guid":{"rendered":"https:\/\/weider.es\/product\/beauty\/"},"modified":"2025-01-22T17:10:45","modified_gmt":"2025-01-22T16:10:45","slug":"beauty","status":"publish","type":"product","link":"https:\/\/weider.es\/fr\/produit\/beauty\/","title":{"rendered":"Beaut\u00e9"},"content":{"rendered":"<p>Si votre objectif est de prendre soin de votre peau, de vos cheveux et de vos ongles, cela demande beaucoup de temps et d'efforts.<br \/>\neffort, nous avons la solution, car avec les Weider Beauty Gummies<br \/>\nvous pouvez l'obtenir !<br \/>\nEn seulement 2 bonbons g\u00e9lifi\u00e9s, vous avez tout ce qu'il vous faut pour renforcer votre sant\u00e9.<br \/>\net les ongles, et prendre soin de votre peau de la mani\u00e8re la plus confortable et la plus d\u00e9licieuse qui soit. Avec cette formule<br \/>\nanti-\u00e2ge, gr\u00e2ce \u00e0 ses principes actifs, vous pouvez obtenir une plus grande sensation d'hydratation.<br \/>\net l'\u00e9lasticit\u00e9 de la peau, gr\u00e2ce \u00e0 sa formule :<br \/>\n- Biotine : comme ingr\u00e9dient principal, avec une dose puissante de 2 500 mcg par jour.<br \/>\nCela vous aidera \u00e0 garder vos cheveux et votre peau plus sains.<br \/>\n- Collag\u00e8ne hydrolys\u00e9 : parmi ses innombrables bienfaits, on trouve<br \/>\ncelui de donner une structure \u00e9lastique \u00e0 la peau et de renforcer les os.<br \/>\n- Acide hyaluronique : dont la fonction principale est de retenir l'eau afin de fournir \u00e0 l'organisme les \u00e9l\u00e9ments suivants<br \/>\nLa pr\u00e9sence naturelle de ces substances dans la peau conf\u00e8re \u00e9lasticit\u00e9 et lubrification aux tissus,<br \/>\nle tissu conjonctif et les os, qui perdent leur fermet\u00e9 au fil du temps en raison de l'exposition \u00e0 l'eau.<br \/>\nqui a besoin d'\u00eatre greff\u00e9.<br \/>\n- Coenzyme Q10 : antioxydant naturellement pr\u00e9sent dans l'organisme.<br \/>\nqui partage des voies m\u00e9taboliques avec les vitamines B. Sa quantit\u00e9 dans<br \/>\nl'organisme diminue avec le vieillissement et aussi si notre activit\u00e9<br \/>\nLa CoQ10 est essentielle pour la d\u00e9pense \u00e9nerg\u00e9tique quotidienne, car la CoQ10 est essentielle pour<br \/>\ntransformer les nutriments en \u00e9nergie avec l'aide de l'oxyg\u00e8ne.<br \/>\n- Vitamine C : la vitamine antioxydante par excellence, qui contribue \u00e9galement \u00e0<br \/>\nla formation normale de collag\u00e8ne pour une fonction osseuse normale,<br \/>\nle cartilage, les gencives, la peau et les dents.<br \/>\n- Zinc : il a d'innombrables bienfaits, parmi lesquels il contribue au maintien de la sant\u00e9 et de la vitalit\u00e9.<br \/>\ndes cheveux, de la peau, des ongles et des os, et c'est aussi un puissant antioxydant parce qu'il<br \/>\ncontribue \u00e0 la protection des cellules contre les dommages oxydatifs.<br \/>\nAvec les Beauty Gummies de Weider, vous pouvez oublier les d\u00e9sagr\u00e9ments li\u00e9s \u00e0 l'utilisation de l'eau.<br \/>\npilules anti-\u00e2ge. Prenez soin de vous d'une mani\u00e8re plus facile et plus d\u00e9licieuse sans m\u00eame vous en rendre compte.<\/p>","protected":false},"excerpt":{"rendered":"<p>Pour le soin de la peau, des cheveux et des ongles - Formule anti-\u00e2ge puissante - Sans gluten ni sucre<\/p>","protected":false},"featured_media":54815,"template":"","meta":{"inline_featured_image":false},"product_cat":[4792,4783],"product_tag":[],"acf":[],"_links":{"self":[{"href":"https:\/\/weider.es\/fr\/wp-json\/wp\/v2\/product\/54804"}],"collection":[{"href":"https:\/\/weider.es\/fr\/wp-json\/wp\/v2\/product"}],"about":[{"href":"https:\/\/weider.es\/fr\/wp-json\/wp\/v2\/types\/product"}],"wp:featuredmedia":[{"embeddable":true,"href":"https:\/\/weider.es\/fr\/wp-json\/wp\/v2\/media\/54815"}],"wp:attachment":[{"href":"https:\/\/weider.es\/fr\/wp-json\/wp\/v2\/media?parent=54804"}],"wp:term":[{"taxonomy":"product_cat","embeddable":true,"href":"https:\/\/weider.es\/fr\/wp-json\/wp\/v2\/product_cat?post=54804"},{"taxonomy":"product_tag","embeddable":true,"href":"https:\/\/weider.es\/fr\/wp-json\/wp\/v2\/product_tag?post=54804"}],"curies":[{"name":"wp","href":"https:\/\/api.w.org\/{rel}","templated":true}]}}