{"id":54824,"date":"2024-07-30T12:40:09","date_gmt":"2024-07-30T10:40:09","guid":{"rendered":"https:\/\/weider.es\/product\/intense-pre-work-out\/"},"modified":"2024-10-17T10:29:34","modified_gmt":"2024-10-17T08:29:34","slug":"intense-pre-work-out","status":"publish","type":"product","link":"https:\/\/weider.es\/fr\/produit\/intense-pre-work-out\/","title":{"rendered":"Pr\u00e9-entra\u00eenement intense"},"content":{"rendered":"<p>Intense Pre Workout est une combinaison d'ingr\u00e9dients m\u00e9ticuleusement s\u00e9lectionn\u00e9s pour \u00eatre l'\u00e9tincelle qui enflamme vos s\u00e9ances d'entra\u00eenement. Contient :<\/p>\n<p><strong>Pr\u00e9curseur de l'oxyde nitrique<\/strong>La combinaison de citrulline et d'arginine favorise la production d'oxyde nitrique, encourageant la vasodilatation et am\u00e9liorant le flux de nutriments et d'oxyg\u00e8ne vers les muscles.<\/p>\n<p><strong>Caf\u00e9ine<\/strong>Stimule le syst\u00e8me nerveux, augmente les performances et r\u00e9duit la fatigue, vous permettant d'atteindre votre potentiel maximum \u00e0 chaque s\u00e9ance d'entra\u00eenement.<\/p>\n<p><strong>Leucine<\/strong>Acide amin\u00e9 essentiel et \u00e0 cha\u00eene ramifi\u00e9e qui contribue \u00e0 r\u00e9duire la fonte musculaire et favorise la r\u00e9cup\u00e9ration musculaire apr\u00e8s l'exercice.<\/p>\n<p><strong>Glutamine<\/strong>Acide amin\u00e9 : un acide amin\u00e9 important aux propri\u00e9t\u00e9s anti-cataboliques qui prot\u00e8ge les muscles pendant un entra\u00eenement intense, facilitant ainsi la r\u00e9cup\u00e9ration musculaire.<\/p>\n<p>Intense Pre Workout vous motive \u00e0 tirer le meilleur parti de chaque effort et de chaque goutte de sueur pendant vos s\u00e9ances d'entra\u00eenement. Si vous prenez vos entra\u00eenements au s\u00e9rieux, ce pr\u00e9-entra\u00eenement est id\u00e9al pour vous.<\/p>","protected":false},"excerpt":{"rendered":"<p>Pr\u00e9curseurs de l'oxyde nitrique.<br \/>\n2 g de leucine par dose.<br \/>\nPr\u00e9-entra\u00eenement puissant.<\/p>","protected":false},"featured_media":54825,"template":"","meta":{"inline_featured_image":false},"product_cat":[4778],"product_tag":[],"acf":[],"_links":{"self":[{"href":"https:\/\/weider.es\/fr\/wp-json\/wp\/v2\/product\/54824"}],"collection":[{"href":"https:\/\/weider.es\/fr\/wp-json\/wp\/v2\/product"}],"about":[{"href":"https:\/\/weider.es\/fr\/wp-json\/wp\/v2\/types\/product"}],"wp:featuredmedia":[{"embeddable":true,"href":"https:\/\/weider.es\/fr\/wp-json\/wp\/v2\/media\/54825"}],"wp:attachment":[{"href":"https:\/\/weider.es\/fr\/wp-json\/wp\/v2\/media?parent=54824"}],"wp:term":[{"taxonomy":"product_cat","embeddable":true,"href":"https:\/\/weider.es\/fr\/wp-json\/wp\/v2\/product_cat?post=54824"},{"taxonomy":"product_tag","embeddable":true,"href":"https:\/\/weider.es\/fr\/wp-json\/wp\/v2\/product_tag?post=54824"}],"curies":[{"name":"wp","href":"https:\/\/api.w.org\/{rel}","templated":true}]}}