{"id":54827,"date":"2024-07-30T12:40:09","date_gmt":"2024-07-30T10:40:09","guid":{"rendered":"https:\/\/weider.es\/product\/ultraburner\/"},"modified":"2024-10-17T10:29:35","modified_gmt":"2024-10-17T08:29:35","slug":"ultraburner","status":"publish","type":"product","link":"https:\/\/weider.es\/fr\/produit\/ultraburner\/","title":{"rendered":"Ultraburner"},"content":{"rendered":"<p>Ultra Burner est une formule concentr\u00e9e con\u00e7ue pour vous aider \u00e0 atteindre vos objectifs de perte de graisse et de d\u00e9finition musculaire. Elle contient une combinaison d'ingr\u00e9dients cl\u00e9s, dont :<\/p>\n<p>Caf\u00e9ine : stimule la concentration, la r\u00e9activit\u00e9 et la thermogen\u00e8se, ce qui vous aide \u00e0 effectuer des s\u00e9ances d'entra\u00eenement plus intenses et \u00e0 br\u00fbler plus de calories.<\/p>\n<p>Cayenne : acc\u00e9l\u00e8re naturellement le m\u00e9tabolisme, ce qui contribue \u00e0 la combustion des graisses.<\/p>\n<p>Extrait de th\u00e9 vert : riche en ECGC, un polyph\u00e9nol qui augmente la d\u00e9pense m\u00e9tabolique et renforce l'effet thermog\u00e9nique, contribuant ainsi \u00e0 br\u00fbler plus efficacement les graisses.<\/p>\n<p>Chrome : contribue au m\u00e9tabolisme normal des macronutriments, y compris les graisses.<\/p>\n<p>Vitamine B6 : favorise un bon m\u00e9tabolisme \u00e9nerg\u00e9tique.<\/p>\n<p>L-Carnitine : Favorise l'utilisation des graisses comme source d'\u00e9nergie, facilitant ainsi la r\u00e9duction des d\u00e9p\u00f4ts de graisse.<\/p>\n<p>L-Tyrosine : Pr\u00e9curseur des substances r\u00e9gulatrices de l'humeur, impliqu\u00e9 dans le fonctionnement du syst\u00e8me nerveux et de l'humeur, particuli\u00e8rement important lors de la perte de poids.<\/p>\n<p>L-Tryptophane : pr\u00e9curseur de la s\u00e9rotonine, favorise le bien-\u00eatre et la relaxation, et est li\u00e9 au contr\u00f4le de l'app\u00e9tit, ce qui est crucial pour la combustion des graisses.<\/p>\n<p>Extrait de naringine : Antioxydant qui favorise l'absorption d'autres nutriments.<\/p>\n<p>Extrait de poivre noir (Bioperine\u00ae) : Favorise l'absorption et l'assimilation des ingr\u00e9dients du produit.<\/p>\n<p>Ultra Burner se pr\u00e9sente sous forme de g\u00e9lules v\u00e9g\u00e9tariennes faciles \u00e0 prendre et constitue le compl\u00e9ment parfait \u00e0 vos p\u00e9riodes de perte de graisse et de d\u00e9finition musculaire.<\/p>","protected":false},"excerpt":{"rendered":"<p>- Formule thermog\u00e9nique puissante<br \/>\n- Avec des extraits de plantes et de la caf\u00e9ine<br \/>\n- L-carnitine, chrome et vitamine B6<\/p>","protected":false},"featured_media":54828,"template":"","meta":{"inline_featured_image":false},"product_cat":[4785],"product_tag":[],"acf":[],"_links":{"self":[{"href":"https:\/\/weider.es\/fr\/wp-json\/wp\/v2\/product\/54827"}],"collection":[{"href":"https:\/\/weider.es\/fr\/wp-json\/wp\/v2\/product"}],"about":[{"href":"https:\/\/weider.es\/fr\/wp-json\/wp\/v2\/types\/product"}],"wp:featuredmedia":[{"embeddable":true,"href":"https:\/\/weider.es\/fr\/wp-json\/wp\/v2\/media\/54828"}],"wp:attachment":[{"href":"https:\/\/weider.es\/fr\/wp-json\/wp\/v2\/media?parent=54827"}],"wp:term":[{"taxonomy":"product_cat","embeddable":true,"href":"https:\/\/weider.es\/fr\/wp-json\/wp\/v2\/product_cat?post=54827"},{"taxonomy":"product_tag","embeddable":true,"href":"https:\/\/weider.es\/fr\/wp-json\/wp\/v2\/product_tag?post=54827"}],"curies":[{"name":"wp","href":"https:\/\/api.w.org\/{rel}","templated":true}]}}