{"id":54834,"date":"2024-07-30T12:40:09","date_gmt":"2024-07-30T10:40:09","guid":{"rendered":"https:\/\/weider.es\/product\/premium-tribulus\/"},"modified":"2024-10-17T10:29:35","modified_gmt":"2024-10-17T08:29:35","slug":"premium-tribulus","status":"publish","type":"product","link":"https:\/\/weider.es\/fr\/produit\/premium-tribulus\/","title":{"rendered":"Tribulus Premium"},"content":{"rendered":"<p>Weider Prime est une pro-hormone con\u00e7ue pour soutenir des niveaux de testost\u00e9rone sains. Il contient des ingr\u00e9dients de premi\u00e8re qualit\u00e9 tels que l'Ashwagandha et l'extrait de Cordyceps, ainsi que des vitamines et min\u00e9raux cl\u00e9s tels que le zinc, la vitamine D, les vitamines B6 et B12, et la choline.<\/p>\n<p>Ces ingr\u00e9dients sont destin\u00e9s \u00e0 stimuler la production naturelle de testost\u00e9rone, favorisant ainsi le d\u00e9veloppement musculaire, le m\u00e9tabolisme \u00e9nerg\u00e9tique et la sant\u00e9 en g\u00e9n\u00e9ral.<\/p>\n<p>En outre, Weider Prime est formul\u00e9 avec KSM-66\u2122, un extrait d'ashwagandha brevet\u00e9 de haute qualit\u00e9, et Bioperine\u00ae pour une meilleure absorption des nutriments.<\/p>","protected":false},"excerpt":{"rendered":"<p>1800 mg de Tribulus Terrestris par dose.<br \/>\nStandardis\u00e9 pour un 90% de saponines<br \/>\nEnrichi en zinc pour favoriser des niveaux normaux de testost\u00e9rone.<\/p>","protected":false},"featured_media":48536,"template":"","meta":{"inline_featured_image":false},"product_cat":[4844],"product_tag":[],"acf":[],"_links":{"self":[{"href":"https:\/\/weider.es\/fr\/wp-json\/wp\/v2\/product\/54834"}],"collection":[{"href":"https:\/\/weider.es\/fr\/wp-json\/wp\/v2\/product"}],"about":[{"href":"https:\/\/weider.es\/fr\/wp-json\/wp\/v2\/types\/product"}],"wp:featuredmedia":[{"embeddable":true,"href":"https:\/\/weider.es\/fr\/wp-json\/wp\/v2\/media\/48536"}],"wp:attachment":[{"href":"https:\/\/weider.es\/fr\/wp-json\/wp\/v2\/media?parent=54834"}],"wp:term":[{"taxonomy":"product_cat","embeddable":true,"href":"https:\/\/weider.es\/fr\/wp-json\/wp\/v2\/product_cat?post=54834"},{"taxonomy":"product_tag","embeddable":true,"href":"https:\/\/weider.es\/fr\/wp-json\/wp\/v2\/product_tag?post=54834"}],"curies":[{"name":"wp","href":"https:\/\/api.w.org\/{rel}","templated":true}]}}