{"id":54839,"date":"2024-07-30T13:17:58","date_gmt":"2024-07-30T11:17:58","guid":{"rendered":"https:\/\/weider.es\/product\/bcaa-rtd-lima-limon\/"},"modified":"2024-10-17T10:29:36","modified_gmt":"2024-10-17T08:29:36","slug":"bcaa-rtd-lima-limon","status":"publish","type":"product","link":"https:\/\/weider.es\/fr\/produit\/bcaa-rtd-lima-limon\/","title":{"rendered":"BCAA RTD Citron-Lime"},"content":{"rendered":"<p>BCAA RTD (Ready to Drink) de WEIDER est une boisson pr\u00eate \u00e0 boire con\u00e7ue pour vous fournir votre dose d'acides amin\u00e9s ramifi\u00e9s de mani\u00e8re pratique et agr\u00e9able. Cette boisson parfaite offre 3,3 grammes d'acides amin\u00e9s, 3 vitamines et ne contient pas d'hydrates de carbone. Son format permet de l'emporter facilement et de la boire \u00e0 tout moment et en tout lieu.<\/p>\n<p>Les principaux ingr\u00e9dients de BCAA RTD sont les suivants :<\/p>\n<p>Acides amin\u00e9s \u00e0 cha\u00eene ramifi\u00e9e (2:1:1) : Leucine, isoleucine et valine, essentiels \u00e0 la croissance et au maintien des muscles. Ces acides amin\u00e9s participent \u00e0 la r\u00e9cup\u00e9ration musculaire et aident \u00e0 contr\u00f4ler la fatigue. BCAA RTD apporte 1500 mg de leucine, 750 mg d'isoleucine et 750 mg de valine par 250 ml.<\/p>\n<p>L-alanyl-L-Glutamine (Sustamine\u00ae) : un dipeptide compos\u00e9 d'alanine et de glutamine qui am\u00e9liore la r\u00e9gulation des fluides pendant un exercice prolong\u00e9, favorise la r\u00e9hydratation des muscles apr\u00e8s l'exercice et retarde la fatigue pendant un exercice de haute intensit\u00e9. Les BCAA RTD contiennent 300 mg de Sustamine\u00ae par bo\u00eete.<\/p>\n<p>Vitamine B6 : contribue au bon m\u00e9tabolisme des prot\u00e9ines et du glycog\u00e8ne, essentiel \u00e0 la r\u00e9cup\u00e9ration musculaire et \u00e0 la r\u00e9duction de la fatigue.<\/p>\n<p>BCAA RTD est pauvre en calories, sans hydrates de carbone ni sucres, ce qui en fait une boisson id\u00e9ale \u00e0 tout moment de la journ\u00e9e. Il est id\u00e9al \u00e0 consommer avant, pendant et apr\u00e8s l'entra\u00eenement, ainsi qu'\u00e0 chaque fois que vous souhaitez une boisson saine qui vous apporte des acides amin\u00e9s suppl\u00e9mentaires. BCAA RTD convient \u00e0 tous les types d'athl\u00e8tes et d'individus, en particulier \u00e0 ceux qui cherchent \u00e0 prot\u00e9ger ou \u00e0 d\u00e9velopper leur masse musculaire.<\/p>","protected":false},"excerpt":{"rendered":"<p>- 3g de BCAA par portion.<br \/>\n- Avec 300 mg de L-Alanil-L-Glutamine (Sustamine\u00ae).<br \/>\n- Version avec ou sans caf\u00e9ine.<\/p>","protected":false},"featured_media":54869,"template":"","meta":{"inline_featured_image":false},"product_cat":[4777],"product_tag":[],"acf":[],"_links":{"self":[{"href":"https:\/\/weider.es\/fr\/wp-json\/wp\/v2\/product\/54839"}],"collection":[{"href":"https:\/\/weider.es\/fr\/wp-json\/wp\/v2\/product"}],"about":[{"href":"https:\/\/weider.es\/fr\/wp-json\/wp\/v2\/types\/product"}],"wp:featuredmedia":[{"embeddable":true,"href":"https:\/\/weider.es\/fr\/wp-json\/wp\/v2\/media\/54869"}],"wp:attachment":[{"href":"https:\/\/weider.es\/fr\/wp-json\/wp\/v2\/media?parent=54839"}],"wp:term":[{"taxonomy":"product_cat","embeddable":true,"href":"https:\/\/weider.es\/fr\/wp-json\/wp\/v2\/product_cat?post=54839"},{"taxonomy":"product_tag","embeddable":true,"href":"https:\/\/weider.es\/fr\/wp-json\/wp\/v2\/product_tag?post=54839"}],"curies":[{"name":"wp","href":"https:\/\/api.w.org\/{rel}","templated":true}]}}