{"id":54840,"date":"2024-07-30T13:14:08","date_gmt":"2024-07-30T11:14:08","guid":{"rendered":"https:\/\/weider.es\/product\/l-glutamine\/"},"modified":"2024-10-17T10:29:36","modified_gmt":"2024-10-17T08:29:36","slug":"l-glutamine","status":"publish","type":"product","link":"https:\/\/weider.es\/fr\/produit\/l-glutamine\/","title":{"rendered":"L-Glutamine"},"content":{"rendered":"<p>La L-Glutamine est un acide amin\u00e9 essentiel qui joue un r\u00f4le important dans la synth\u00e8se des prot\u00e9ines musculaires. Notre L-Glutamine est<br \/>\nun compl\u00e9ment alimentaire con\u00e7u pour favoriser la r\u00e9cup\u00e9ration musculaire et pr\u00e9venir la d\u00e9gradation des prot\u00e9ines musculaires.<\/p>\n<p>Les principaux avantages de la L-Glutamine WEIDER sont les suivants :<br \/>\nR\u00e9cup\u00e9ration musculaire : la L-glutamine est r\u00e9put\u00e9e pour sa capacit\u00e9 \u00e0 acc\u00e9l\u00e9rer la r\u00e9cup\u00e9ration musculaire apr\u00e8s l'exercice, r\u00e9duisant ainsi le risque de d\u00e9gradation musculaire.<br \/>\ndes douleurs musculaires et de la fatigue.<br \/>\n2. Soutien \u00e0 la synth\u00e8se des prot\u00e9ines : la l-glutamine favorise la croissance musculaire et la r\u00e9paration des tissus endommag\u00e9s.<br \/>\n3. Soutien du syst\u00e8me immunitaire : il est \u00e9galement l'un des principaux carburants des cellules du syst\u00e8me immunitaire et du tractus gastro-intestinal, contribuant \u00e0 maintenir l'int\u00e9grit\u00e9 de la muqueuse intestinale.<\/p>\n<p>Notre produit fournit 5 grammes de L-glutamine par portion. Nous avons choisi d'utiliser la L-glutamine de KyowaQuality en raison de sa grande efficacit\u00e9 et de son niveau \u00e9lev\u00e9 de L-glutamine.<br \/>\nqualit\u00e9 par rapport \u00e0 d'autres. C'est un produit qui convient \u00e0 tous les consommateurs, car il est v\u00e9g\u00e9talien et sans sucre.<\/p>\n<p>La L-Glutamine est le compl\u00e9ment id\u00e9al pour compl\u00e9ter l'alimentation de tout athl\u00e8te pratiquant des activit\u00e9s \u00e0 forte fonte musculaire. En outre,<br \/>\nson effet sur le syst\u00e8me immunitaire le rend indispensable dans les p\u00e9riodes o\u00f9 l'intensit\u00e9 de l'entra\u00eenement est physiquement et mentalement exigeante, ce qui peut entra\u00eener des infections chez l'athl\u00e8te.<\/p>","protected":false},"excerpt":{"rendered":"<p>Effet volumateur.<br \/>\nProtection des muscles.<br \/>\nAcide amin\u00e9 anti-catabolique.<\/p>","protected":false},"featured_media":54862,"template":"","meta":{"inline_featured_image":false},"product_cat":[4777,4781],"product_tag":[],"acf":[],"_links":{"self":[{"href":"https:\/\/weider.es\/fr\/wp-json\/wp\/v2\/product\/54840"}],"collection":[{"href":"https:\/\/weider.es\/fr\/wp-json\/wp\/v2\/product"}],"about":[{"href":"https:\/\/weider.es\/fr\/wp-json\/wp\/v2\/types\/product"}],"wp:featuredmedia":[{"embeddable":true,"href":"https:\/\/weider.es\/fr\/wp-json\/wp\/v2\/media\/54862"}],"wp:attachment":[{"href":"https:\/\/weider.es\/fr\/wp-json\/wp\/v2\/media?parent=54840"}],"wp:term":[{"taxonomy":"product_cat","embeddable":true,"href":"https:\/\/weider.es\/fr\/wp-json\/wp\/v2\/product_cat?post=54840"},{"taxonomy":"product_tag","embeddable":true,"href":"https:\/\/weider.es\/fr\/wp-json\/wp\/v2\/product_tag?post=54840"}],"curies":[{"name":"wp","href":"https:\/\/api.w.org\/{rel}","templated":true}]}}