{"id":54842,"date":"2024-07-30T13:14:08","date_gmt":"2024-07-30T11:14:08","guid":{"rendered":"https:\/\/weider.es\/product\/l-arginine-capsulas\/"},"modified":"2024-10-17T10:29:37","modified_gmt":"2024-10-17T08:29:37","slug":"l-arginine-capsulas","status":"publish","type":"product","link":"https:\/\/weider.es\/fr\/produit\/l-arginine-capsulas\/","title":{"rendered":"L-Arginine (Capsules)"},"content":{"rendered":"<p>L-Arginine : acide amin\u00e9 pr\u00e9curseur de l'oxyde nitrique, qui a un effet vasodilatateur pendant l'entra\u00eenement. Il augmente le flux sanguin vers les zones musculaires travaill\u00e9es, permettant une plus grande congestion musculaire, ce qui entra\u00eene une plus grande croissance musculaire gr\u00e2ce \u00e0 un meilleur apport d'oxyg\u00e8ne et de nutriments.<\/p>\n<p>Effet sur la testost\u00e9rone : soutient l'\u00e9tat anabolique du m\u00e9tabolisme apr\u00e8s l'entra\u00eenement, agissant comme un agent anabolisant et r\u00e9cup\u00e9rateur.<\/p>\n<p>D\u00e9veloppement musculaire : la prise r\u00e9guli\u00e8re de L-arginine avant l'entra\u00eenement peut contribuer au d\u00e9veloppement de la masse musculaire maigre, en augmentant la force, l'endurance et la capacit\u00e9 d'entra\u00eenement.<\/p>\n<p>Relaxation musculaire : la suppl\u00e9mentation en L-arginine am\u00e9liore le temps de relaxation musculaire.<\/p>\n<p>G\u00e9lules de L-Arginine : Chaque g\u00e9lule contient 1 gramme de L-Arginine de haute qualit\u00e9 (chlorhydrate de L-Arginine), adapt\u00e9e aux besoins de l'organisme.<\/p>","protected":false},"excerpt":{"rendered":"<p>Avec de la L-Arginine de la plus haute qualit\u00e9.<br \/>\nCongestion musculaire maximale.<\/p>","protected":false},"featured_media":48426,"template":"","meta":{"inline_featured_image":false},"product_cat":[4777],"product_tag":[],"acf":[],"_links":{"self":[{"href":"https:\/\/weider.es\/fr\/wp-json\/wp\/v2\/product\/54842"}],"collection":[{"href":"https:\/\/weider.es\/fr\/wp-json\/wp\/v2\/product"}],"about":[{"href":"https:\/\/weider.es\/fr\/wp-json\/wp\/v2\/types\/product"}],"wp:featuredmedia":[{"embeddable":true,"href":"https:\/\/weider.es\/fr\/wp-json\/wp\/v2\/media\/48426"}],"wp:attachment":[{"href":"https:\/\/weider.es\/fr\/wp-json\/wp\/v2\/media?parent=54842"}],"wp:term":[{"taxonomy":"product_cat","embeddable":true,"href":"https:\/\/weider.es\/fr\/wp-json\/wp\/v2\/product_cat?post=54842"},{"taxonomy":"product_tag","embeddable":true,"href":"https:\/\/weider.es\/fr\/wp-json\/wp\/v2\/product_tag?post=54842"}],"curies":[{"name":"wp","href":"https:\/\/api.w.org\/{rel}","templated":true}]}}