{"id":54843,"date":"2024-07-30T13:14:08","date_gmt":"2024-07-30T11:14:08","guid":{"rendered":"https:\/\/weider.es\/product\/bcaa-jelly-bar-melon\/"},"modified":"2024-10-17T10:29:38","modified_gmt":"2024-10-17T08:29:38","slug":"bcaa-jelly-bar-melon","status":"publish","type":"product","link":"https:\/\/weider.es\/fr\/produit\/bcaa-jelly-bar-melon\/","title":{"rendered":"BCAA Jelly Bar Melon"},"content":{"rendered":"<p>BCAA Jelly Bar de Weider est une d\u00e9licieuse barre g\u00e9lifi\u00e9e qui fournit 3000 mg de BCAA dans un rapport 2:1:1 (leucine, isoleucine et valine) par portion, sans sucre ni graisse. Les BCAA sont des acides amin\u00e9s essentiels que l'organisme ne peut obtenir que par l'alimentation et qui sont indispensables \u00e0 la synth\u00e8se des prot\u00e9ines, \u00e0 la croissance et \u00e0 la r\u00e9paration des tissus.<\/p>\n<p>Weider a formul\u00e9 ce produit en suivant le ratio 2:1:1, qui s'est av\u00e9r\u00e9 avoir un effet anabolisant et une efficacit\u00e9 plus importants. BCAA Jelly Bar est id\u00e9al \u00e0 prendre pendant et apr\u00e8s l'entra\u00eenement, ou comme en-cas \u00e0 tout moment de la journ\u00e9e.<\/p>\n<p>De plus, la barre BCAA Jelly est v\u00e9g\u00e9talienne et durable, avec un d\u00e9licieux go\u00fbt de melon et une texture agr\u00e9able, ce qui en fait un en-cas irr\u00e9sistible facile \u00e0 emporter. Ajoutez-la \u00e0 votre routine quotidienne pour atteindre vos objectifs !<\/p>","protected":false},"excerpt":{"rendered":"<p>3000 mg de BCAA 2:1:1 sans sucre ni graisse.<\/p>","protected":false},"featured_media":47932,"template":"","meta":{"inline_featured_image":false},"product_cat":[4777],"product_tag":[],"acf":[],"_links":{"self":[{"href":"https:\/\/weider.es\/fr\/wp-json\/wp\/v2\/product\/54843"}],"collection":[{"href":"https:\/\/weider.es\/fr\/wp-json\/wp\/v2\/product"}],"about":[{"href":"https:\/\/weider.es\/fr\/wp-json\/wp\/v2\/types\/product"}],"wp:featuredmedia":[{"embeddable":true,"href":"https:\/\/weider.es\/fr\/wp-json\/wp\/v2\/media\/47932"}],"wp:attachment":[{"href":"https:\/\/weider.es\/fr\/wp-json\/wp\/v2\/media?parent=54843"}],"wp:term":[{"taxonomy":"product_cat","embeddable":true,"href":"https:\/\/weider.es\/fr\/wp-json\/wp\/v2\/product_cat?post=54843"},{"taxonomy":"product_tag","embeddable":true,"href":"https:\/\/weider.es\/fr\/wp-json\/wp\/v2\/product_tag?post=54843"}],"curies":[{"name":"wp","href":"https:\/\/api.w.org\/{rel}","templated":true}]}}