{"id":54844,"date":"2024-07-30T13:14:08","date_gmt":"2024-07-30T11:14:08","guid":{"rendered":"https:\/\/weider.es\/product\/bcaa-211-caps\/"},"modified":"2024-10-17T10:29:38","modified_gmt":"2024-10-17T08:29:38","slug":"bcaa-211-caps","status":"publish","type":"product","link":"https:\/\/weider.es\/fr\/produit\/bcaa-211-caps\/","title":{"rendered":"BCAA 2:1:1 Caps"},"content":{"rendered":"<p>Les acides amin\u00e9s \u00e0 cha\u00eene ramifi\u00e9e (BCAA) sont trois acides amin\u00e9s essentiels : la leucine, l'isoleucine et la valine, que l'organisme ne peut pas synth\u00e9tiser et qui doivent \u00eatre obtenus par l'alimentation. Ils sont essentiels \u00e0 la r\u00e9cup\u00e9ration musculaire car ils stimulent la synth\u00e8se des prot\u00e9ines apr\u00e8s l'entra\u00eenement et emp\u00eachent le catabolisme musculaire.<\/p>\n<p>Principales fonctions des BCAA :<\/p>\n<p>R\u00e9cup\u00e9ration musculaire : stimule la synth\u00e8se des prot\u00e9ines et la r\u00e9g\u00e9n\u00e9ration musculaire, en emp\u00eachant le catabolisme.<\/p>\n<p>\u00c9nergie : ils constituent une source d'\u00e9nergie pendant l'exercice.<\/p>\n<p>Gestion de la fatigue centrale : ils r\u00e9duisent les niveaux de s\u00e9rotonine dans le cerveau qui causent la fatigue, am\u00e9liorant ainsi les performances.<\/p>\n<p>Les \u00e9tudes montrent que le rapport 2:1:1 (leucine:isoleucine:valine) est le plus efficace pour obtenir un effet anabolisant. Victory a formul\u00e9 ses BCAA en suivant ce ratio pour maximiser l'efficacit\u00e9.<\/p>","protected":false},"excerpt":{"rendered":"<p>Leucine : Isoleucine dans un rapport 2:1:1.<br \/>\nEffet de r\u00e9cup\u00e9ration maximal.<br \/>\nHaute teneur en BCAA par portion.<\/p>","protected":false},"featured_media":48234,"template":"","meta":{"inline_featured_image":false},"product_cat":[4777],"product_tag":[],"acf":[],"_links":{"self":[{"href":"https:\/\/weider.es\/fr\/wp-json\/wp\/v2\/product\/54844"}],"collection":[{"href":"https:\/\/weider.es\/fr\/wp-json\/wp\/v2\/product"}],"about":[{"href":"https:\/\/weider.es\/fr\/wp-json\/wp\/v2\/types\/product"}],"wp:featuredmedia":[{"embeddable":true,"href":"https:\/\/weider.es\/fr\/wp-json\/wp\/v2\/media\/48234"}],"wp:attachment":[{"href":"https:\/\/weider.es\/fr\/wp-json\/wp\/v2\/media?parent=54844"}],"wp:term":[{"taxonomy":"product_cat","embeddable":true,"href":"https:\/\/weider.es\/fr\/wp-json\/wp\/v2\/product_cat?post=54844"},{"taxonomy":"product_tag","embeddable":true,"href":"https:\/\/weider.es\/fr\/wp-json\/wp\/v2\/product_tag?post=54844"}],"curies":[{"name":"wp","href":"https:\/\/api.w.org\/{rel}","templated":true}]}}