{"id":54845,"date":"2024-07-30T13:14:08","date_gmt":"2024-07-30T11:14:08","guid":{"rendered":"https:\/\/weider.es\/product\/amino-recovery\/"},"modified":"2024-10-17T10:29:38","modified_gmt":"2024-10-17T08:29:38","slug":"amino-recovery","status":"publish","type":"product","link":"https:\/\/weider.es\/fr\/produit\/amino-recovery\/","title":{"rendered":"R\u00e9cup\u00e9ration d'amines"},"content":{"rendered":"<p>Victory Endurance a d\u00e9velopp\u00e9 AMINO RECOVERY pour prot\u00e9ger et acc\u00e9l\u00e9rer la r\u00e9cup\u00e9ration des tissus musculaires, en plus d'avoir une action d\u00e9toxifiante. Cette formule associe :<\/p>\n<p>BCAA\u2019s: Leucina, Isoleucina y Valina, amino\u00e1cidos ramificados con propiedades energ\u00e9ticas y recuperadoras. Antes del entrenamiento, protegen la masa muscular y proporcionan energ\u00eda en deportes de resistencia. Despu\u00e9s del entrenamiento, aceleran la recuperaci\u00f3n muscular al reparar los da\u00f1os causados durante el ejercicio intenso.<\/p>\n<p>L-Arginine : Intervient dans les processus de d\u00e9toxification en faisant partie du cycle de l'ur\u00e9e, essentiel pour l'\u00e9limination des toxines g\u00e9n\u00e9r\u00e9es pendant l'exercice. Pendant l'entra\u00eenement, elle augmente la vasodilatation, am\u00e9liorant le flux sanguin vers les muscles et facilitant le transport de l'oxyg\u00e8ne et des nutriments. Elle favorise \u00e9galement la r\u00e9cup\u00e9ration en influen\u00e7ant positivement le m\u00e9tabolisme des prot\u00e9ines.<\/p>\n<p>L-Glutamine : Essentielle pour la protection et la r\u00e9paration des tissus musculaires, ainsi que pour la r\u00e9cup\u00e9ration du glycog\u00e8ne musculaire. Am\u00e9liore la fonction immunitaire et pr\u00e9vient le syndrome de surentra\u00eenement.<\/p>\n<p>Vitamine B6 : fondamentale dans le m\u00e9tabolisme des acides amin\u00e9s et des prot\u00e9ines.<\/p>\n<p>Cette combinaison d'ingr\u00e9dients aide \u00e0 prot\u00e9ger les muscles, \u00e0 acc\u00e9l\u00e9rer la r\u00e9cup\u00e9ration et \u00e0 favoriser la d\u00e9sintoxication apr\u00e8s un exercice intense.<\/p>","protected":false},"excerpt":{"rendered":"<p>Prot\u00e8ge : BCAA + Glutamine.<br \/>\nR\u00e9cup\u00e9ration : BCAA + Glutamine + L-Arginine.<br \/>\nD\u00e9toxifie : gr\u00e2ce \u00e0 la L-Arginine.<\/p>","protected":false},"featured_media":47853,"template":"","meta":{"inline_featured_image":false},"product_cat":[4777],"product_tag":[],"acf":[],"_links":{"self":[{"href":"https:\/\/weider.es\/fr\/wp-json\/wp\/v2\/product\/54845"}],"collection":[{"href":"https:\/\/weider.es\/fr\/wp-json\/wp\/v2\/product"}],"about":[{"href":"https:\/\/weider.es\/fr\/wp-json\/wp\/v2\/types\/product"}],"wp:featuredmedia":[{"embeddable":true,"href":"https:\/\/weider.es\/fr\/wp-json\/wp\/v2\/media\/47853"}],"wp:attachment":[{"href":"https:\/\/weider.es\/fr\/wp-json\/wp\/v2\/media?parent=54845"}],"wp:term":[{"taxonomy":"product_cat","embeddable":true,"href":"https:\/\/weider.es\/fr\/wp-json\/wp\/v2\/product_cat?post=54845"},{"taxonomy":"product_tag","embeddable":true,"href":"https:\/\/weider.es\/fr\/wp-json\/wp\/v2\/product_tag?post=54845"}],"curies":[{"name":"wp","href":"https:\/\/api.w.org\/{rel}","templated":true}]}}