{"id":54846,"date":"2024-07-30T13:14:08","date_gmt":"2024-07-30T11:14:08","guid":{"rendered":"https:\/\/weider.es\/product\/beta-alanine\/"},"modified":"2024-10-17T10:29:39","modified_gmt":"2024-10-17T08:29:39","slug":"beta-alanine","status":"publish","type":"product","link":"https:\/\/weider.es\/fr\/produit\/beta-alanine\/","title":{"rendered":"B\u00eata-alanine"},"content":{"rendered":"<p>Compl\u00e9ment alimentaire compos\u00e9 de b\u00eata-alanine, un acide amin\u00e9 non essentiel, unique en raison de la position particuli\u00e8re du groupe amin\u00e9, efficace en tant que compl\u00e9ment ergog\u00e9nique, augmentant ainsi la puissance musculaire et ayant un effet antioxydant marqu\u00e9.<\/p>\n<p>COMMENT FONCTIONNE LA B\u00caTA-ALANINE :<br \/>\n- La b\u00eata-alanine est un acide amin\u00e9 directement impliqu\u00e9 dans l'augmentation de la carnosine, un dipeptide pr\u00e9sent dans les muscles et le cerveau, dont la lib\u00e9ration dans l'organisme entra\u00eene une augmentation de l'endurance, une am\u00e9lioration de la contraction musculaire et un retard de la fatigue.<br \/>\n- Pr\u00e9vient l'hyperacidit\u00e9 musculaire en inhibant la production d'acide lactique, augmentant ainsi la capacit\u00e9 de performance.<br \/>\n- Bon r\u00e9gulateur calcique, il induit une lib\u00e9ration rapide de calcium, am\u00e9liorant la contraction musculaire et augmentant le temps d'entra\u00eenement.<br \/>\n- R\u00e9duit le stress oxydatif, ce qui permet d'augmenter les performances et d'acc\u00e9l\u00e9rer la r\u00e9cup\u00e9ration musculaire.<\/p>","protected":false},"excerpt":{"rendered":"<p>Beta Alanine est un compl\u00e9ment alimentaire compos\u00e9 de Beta-alanine.<br \/>\nAugmente l'endurance et les performances.<br \/>\nAcc\u00e9l\u00e8re la r\u00e9cup\u00e9ration.<\/p>","protected":false},"featured_media":48249,"template":"","meta":{"inline_featured_image":false},"product_cat":[4782,4781],"product_tag":[],"acf":[],"_links":{"self":[{"href":"https:\/\/weider.es\/fr\/wp-json\/wp\/v2\/product\/54846"}],"collection":[{"href":"https:\/\/weider.es\/fr\/wp-json\/wp\/v2\/product"}],"about":[{"href":"https:\/\/weider.es\/fr\/wp-json\/wp\/v2\/types\/product"}],"wp:featuredmedia":[{"embeddable":true,"href":"https:\/\/weider.es\/fr\/wp-json\/wp\/v2\/media\/48249"}],"wp:attachment":[{"href":"https:\/\/weider.es\/fr\/wp-json\/wp\/v2\/media?parent=54846"}],"wp:term":[{"taxonomy":"product_cat","embeddable":true,"href":"https:\/\/weider.es\/fr\/wp-json\/wp\/v2\/product_cat?post=54846"},{"taxonomy":"product_tag","embeddable":true,"href":"https:\/\/weider.es\/fr\/wp-json\/wp\/v2\/product_tag?post=54846"}],"curies":[{"name":"wp","href":"https:\/\/api.w.org\/{rel}","templated":true}]}}