{"id":55492,"date":"2024-11-11T10:04:13","date_gmt":"2024-11-11T09:04:13","guid":{"rendered":"https:\/\/weider.es\/?post_type=product&#038;p=55492"},"modified":"2024-11-11T10:06:06","modified_gmt":"2024-11-11T09:06:06","slug":"protein-cookie-bites","status":"publish","type":"product","link":"https:\/\/weider.es\/fr\/produit\/protein-cookie-bites\/","title":{"rendered":"Protein Cookie Bites"},"content":{"rendered":"<p>\u00a1Atenci\u00f3n amantes de las galletas! Nuestras Protein Cookie Bites ofrecen la combinaci\u00f3n perfecta de funcionalidad y placer. Ya sea como un snack rico en prote\u00ednas despu\u00e9s del entrenamiento o durante una noche de series acogedora en el sof\u00e1 de casa, nuestras irresistiblemente deliciosas Protein Cookie Bites siempre lucen bien. Date un capricho y cuida a tus m\u00fasculos con prote\u00edna de suero de alta calidad. Con un contenido de prote\u00ednas de hasta un 31%, nuestras Protein Cookie Bites contribuyen al mantenimiento y desarrollo de la masa muscular. Adem\u00e1s, las deliciosas galletas son libres de az\u00facar y contienen una gran cantidad de valiosas fibras, por lo que son el complemento dulce perfecto para cualquier plan de alimentaci\u00f3n. En WEIDER, queremos apoyar a nuestros clientes en la consecuci\u00f3n de sus metas deportivas y de salud de la mejor manera posible. Nuestro objetivo es establecer nuevos est\u00e1ndares en t\u00e9rminos de nutrici\u00f3n deportiva y calidad, \u00a1y lo hemos estado haciendo durante 85 a\u00f1os!<\/p>","protected":false},"excerpt":{"rendered":"<p class=\"p1\">Galletitas con prote\u00edna de suero de leche y trocitos de chocolate. Con edulcorante. Sabor vainilla-chocolate.<\/p>","protected":false},"featured_media":55494,"template":"","meta":{"inline_featured_image":false},"product_cat":[4779],"product_tag":[],"acf":[],"_links":{"self":[{"href":"https:\/\/weider.es\/fr\/wp-json\/wp\/v2\/product\/55492"}],"collection":[{"href":"https:\/\/weider.es\/fr\/wp-json\/wp\/v2\/product"}],"about":[{"href":"https:\/\/weider.es\/fr\/wp-json\/wp\/v2\/types\/product"}],"wp:featuredmedia":[{"embeddable":true,"href":"https:\/\/weider.es\/fr\/wp-json\/wp\/v2\/media\/55494"}],"wp:attachment":[{"href":"https:\/\/weider.es\/fr\/wp-json\/wp\/v2\/media?parent=55492"}],"wp:term":[{"taxonomy":"product_cat","embeddable":true,"href":"https:\/\/weider.es\/fr\/wp-json\/wp\/v2\/product_cat?post=55492"},{"taxonomy":"product_tag","embeddable":true,"href":"https:\/\/weider.es\/fr\/wp-json\/wp\/v2\/product_tag?post=55492"}],"curies":[{"name":"wp","href":"https:\/\/api.w.org\/{rel}","templated":true}]}}