{"id":55508,"date":"2024-11-11T11:25:01","date_gmt":"2024-11-11T10:25:01","guid":{"rendered":"https:\/\/weider.es\/?post_type=product&#038;p=55508"},"modified":"2024-11-11T11:44:34","modified_gmt":"2024-11-11T10:44:34","slug":"sport-collagen-600g","status":"publish","type":"product","link":"https:\/\/weider.es\/fr\/produit\/sport-collagen-600g\/","title":{"rendered":"Sport Collagen 600g"},"content":{"rendered":"<p class=\"p1\">Sport Collagen es un producto avanzado para el cuidado de los huesos y articulaciones. La f\u00f3rmula ha sido elaborada sobre una base de col\u00e1geno hidrolizado, que destaca por contener los mejores ingredientes funcionales utilizados en el cuidado articular:<\/p>\n<p class=\"p1\">\u2022 P\u00e9ptidos de col\u00e1geno (100% Peptan<span class=\"s1\">\u00ae<\/span>): P\u00e9ptidos bioactivos de col\u00e1geno bovino. El col\u00e1geno hidrolizado se digiere y absorbe muy f\u00e1cilmente por lo que es muy bien tolerado. Adem\u00e1s, no genera alergias alimentarias.<\/p>\n<p class=\"p1\">NO todos los col\u00e1genos son iguales:<\/p>\n<p class=\"p1\">Existen diferentes tipos de col\u00e1geno seg\u00fan su procedencia. Peptan<span class=\"s1\">\u00ae<\/span> es col\u00e1geno de tipo I, el mismo tipo de col\u00e1geno que se encuentra en la piel y huesos humanos. Peptan<span class=\"s1\">\u00ae<\/span> se obtiene mediante los mejores procesos de fabricaci\u00f3n. Para favorecer su absorci\u00f3n y biodisponibilidad el col\u00e1geno debe ser hidrolizado y la hidr\u00f3lisis de Peptan<span class=\"s1\">\u00ae <\/span>se lleva a cabo a trav\u00e9s de un cuidadoso proceso enzim\u00e1tico que mantiene todas las propiedades de sus p\u00e9ptidos bioactivos. Peptan<span class=\"s1\">\u00ae<\/span> es la marca l\u00edder en col\u00e1geno, cuenta con estudios cl\u00ednicos de eficacia y seguridad y no presenta aditivos ni conservantes.<\/p>\n<p class=\"p1\">- Extrait de curcuma (CURSOL) : le curcuma est largement connu pour ses propri\u00e9t\u00e9s antioxydantes, antimicrobiennes et anti-inflammatoires. Cependant, le curcuma conventionnel est tr\u00e8s peu soluble et donc mal absorb\u00e9. Cela signifie que de grandes quantit\u00e9s de curcuma sont n\u00e9cessaires pour obtenir ses bienfaits. CURSOL est un ingr\u00e9dient actif doublement brevet\u00e9 qui offre une forme soluble et donc hautement biodisponible du curcuma, permettant d'obtenir les effets b\u00e9n\u00e9fiques du curcuma avec des doses minimales. 280 mg de CURSOL par jour suffisent pour obtenir ses bienfaits !<\/p>\n<p class=\"p1\">\u2022 Silicio org\u00e1nico: el silicio es un mineral de gran importancia en la s\u00edntesis del col\u00e1geno, tejido conectivo y formaci\u00f3n de los huesos. El silicio presente en Sport Collagen es silicio org\u00e1nico procedente del bamb\u00fa, con una riqueza del 75%.<\/p>\n<p class=\"p1\">\u2022 Magnesio: mineral esencial para mantener la salud de huesos y m\u00fasculos.<\/p>\n<p class=\"p1\">\u2022 Adem\u00e1s, esta novedosa f\u00f3rmula ha sido enriquecida con \u00e1cido hialur\u00f3nico, glucosamina y vitamina C.<\/p>\n<p class=\"p1\">Sea cual sea el motivo por el que buscas tomar col\u00e1geno, tanto si practicas ejercicio, llevas una vida activa o te lo han recomendado para prevenir molestias\u2026 Sport Collagen es la opci\u00f3n m\u00e1s completa que puedes encontrar\u2026 \u00a1La mejor\u00a0 combinaci\u00f3n de ingredientes para nutrir y proteger tus articulaciones, pero mejor compru\u00e9balo t\u00fa mismo!<\/p>","protected":false},"excerpt":{"rendered":"<p class=\"p1\">Mucho m\u00e1s que un col\u00e1geno<\/p>\n<p class=\"p2\">\u2022 Col\u00e1geno hidrolizado enzim\u00e1ticamente<\/p>\n<p class=\"p2\">\u2022 C\u00farcuma de alta biodisponibilidad<\/p>\n<p class=\"p2\">\u2022 Enriquecido con magnesio, glucosamina, silicio y \u00e1cido hialur\u00f3nico<\/p>","protected":false},"featured_media":55509,"template":"","meta":{"inline_featured_image":false},"product_cat":[4849],"product_tag":[],"acf":[],"_links":{"self":[{"href":"https:\/\/weider.es\/fr\/wp-json\/wp\/v2\/product\/55508"}],"collection":[{"href":"https:\/\/weider.es\/fr\/wp-json\/wp\/v2\/product"}],"about":[{"href":"https:\/\/weider.es\/fr\/wp-json\/wp\/v2\/types\/product"}],"wp:featuredmedia":[{"embeddable":true,"href":"https:\/\/weider.es\/fr\/wp-json\/wp\/v2\/media\/55509"}],"wp:attachment":[{"href":"https:\/\/weider.es\/fr\/wp-json\/wp\/v2\/media?parent=55508"}],"wp:term":[{"taxonomy":"product_cat","embeddable":true,"href":"https:\/\/weider.es\/fr\/wp-json\/wp\/v2\/product_cat?post=55508"},{"taxonomy":"product_tag","embeddable":true,"href":"https:\/\/weider.es\/fr\/wp-json\/wp\/v2\/product_tag?post=55508"}],"curies":[{"name":"wp","href":"https:\/\/api.w.org\/{rel}","templated":true}]}}