{"id":55673,"date":"2025-04-04T00:00:30","date_gmt":"2025-04-03T22:00:30","guid":{"rendered":"https:\/\/weider.es\/?post_type=product&#038;p=55673"},"modified":"2026-02-06T10:58:32","modified_gmt":"2026-02-06T09:58:32","slug":"bettys-collagen-protein-bar","status":"publish","type":"product","link":"https:\/\/weider.es\/fr\/produit\/bettys-collagen-protein-bar\/","title":{"rendered":"BETTY\u2019S COLLAGEN PROTEIN BAR"},"content":{"rendered":"<p class=\"s5\"><span class=\"s4\">Les <\/span><span class=\"s4\">Betty\u2019s<\/span> <span class=\"s4\">Collag\u00e8ne<\/span> <span class=\"s4\">Protein<\/span><span class=\"s4\"> Bar<\/span><span class=\"s4\"> es mucho m\u00e1s que una barrita de prote\u00ednas: es una combinaci\u00f3n perfecta de <\/span><span class=\"s4\">nutrici\u00f3n, recuperaci\u00f3n y bienestar<\/span><span class=\"s4\">. Dise\u00f1ada para quienes buscan mejorar su rendimiento y cuidar su cuerpo desde el interior, esta barrita contiene <\/span><span class=\"s4\">15 g de prote\u00edna de alta calidad<\/span><span class=\"s4\"> y <\/span><span class=\"s4\">col\u00e1geno hidrolizado<\/span><span class=\"s4\">, un ingrediente clave para fortalecer <\/span><span class=\"s4\">piel, cabello, u\u00f1as y articulaciones<\/span><span class=\"s4\">.<\/span><\/p>\n<p class=\"s5\"><span class=\"s4\">Con un delicioso sabor a <\/span><span class=\"s4\">chocolate y frambuesa<\/span><span class=\"s4\">, ofrece una experiencia \u00fanica al combinar la intensidad del cacao con la frescura de la fruta. Su f\u00f3rmula <\/span><span class=\"s4\">sin gluten y sin az\u00facares a\u00f1adidos<\/span><span class=\"s4\">la convierte en una opci\u00f3n saludable para quienes desean un snack equilibrado sin comprometer el placer.<\/span><\/p>\n<p class=\"s5\"><span class=\"s4\">Perfecta para <\/span><span class=\"s4\">antes o despu\u00e9s del entrenamiento, como merienda o simplemente para recargar energ\u00eda durante el d\u00eda<\/span><span class=\"s4\">, la <\/span><span class=\"s4\">Betty\u2019s<\/span> <span class=\"s4\">Collag\u00e8ne<\/span> <span class=\"s4\">Protein<\/span><span class=\"s4\"> Bar<\/span><span class=\"s4\"> es tu aliada ideal para mantenerte fuerte, activa y saludable.<\/span><\/p>\n<p class=\"s5\"><span class=\"s4\">Disfruta de un snack funcional que te ayuda a verte y sentirte mejor con cada bocado.\u00a0\u00a0<\/span><\/p>","protected":false},"excerpt":{"rendered":"<p class=\"p1\">Rinde m\u00e1s y recup\u00e9rate de forma m\u00e1s r\u00e1pida y efectiva<\/p>\n<p class=\"p2\">\u2022 Fortalece tus huesos y articulaciones<\/p>\n<p class=\"p2\">\u2022 Mejora tu piel, u\u00f1as y cabello<\/p>\n<p class=\"p2\">\u2022 Energ\u00eda para tus entrenamientos<\/p>","protected":false},"featured_media":55801,"template":"","meta":{"inline_featured_image":false},"product_cat":[4779],"product_tag":[],"acf":[],"_links":{"self":[{"href":"https:\/\/weider.es\/fr\/wp-json\/wp\/v2\/product\/55673"}],"collection":[{"href":"https:\/\/weider.es\/fr\/wp-json\/wp\/v2\/product"}],"about":[{"href":"https:\/\/weider.es\/fr\/wp-json\/wp\/v2\/types\/product"}],"wp:featuredmedia":[{"embeddable":true,"href":"https:\/\/weider.es\/fr\/wp-json\/wp\/v2\/media\/55801"}],"wp:attachment":[{"href":"https:\/\/weider.es\/fr\/wp-json\/wp\/v2\/media?parent=55673"}],"wp:term":[{"taxonomy":"product_cat","embeddable":true,"href":"https:\/\/weider.es\/fr\/wp-json\/wp\/v2\/product_cat?post=55673"},{"taxonomy":"product_tag","embeddable":true,"href":"https:\/\/weider.es\/fr\/wp-json\/wp\/v2\/product_tag?post=55673"}],"curies":[{"name":"wp","href":"https:\/\/api.w.org\/{rel}","templated":true}]}}