{"id":55882,"date":"2025-08-18T10:39:05","date_gmt":"2025-08-18T08:39:05","guid":{"rendered":"https:\/\/weider.es\/?post_type=product&#038;p=55882"},"modified":"2025-10-06T13:13:08","modified_gmt":"2025-10-06T11:13:08","slug":"l-citrulina-malato","status":"publish","type":"product","link":"https:\/\/weider.es\/fr\/produit\/l-citrulina-malato\/","title":{"rendered":"Malate de L-Citrulline"},"content":{"rendered":"<p class=\"s4\">La L-Citrulline Malate est un acide amin\u00e9 qui combine la L-Citrulline et l'acide malique. Ce compl\u00e9ment est connu pour ses multiples bienfaits dans le domaine sportif.<\/p>\n<p class=\"s4\">Le malate de L-citrulline est un acide amin\u00e9 qui joue un r\u00f4le tr\u00e8s important dans le cycle de l'ur\u00e9e. Il est responsable de la production d'oxyde nitrique (NO-), un excellent vasodilatateur qui augmente le flux sanguin, am\u00e9liorant ainsi la circulation et l'oxyg\u00e9nation.<\/p>\n<p class=\"s4\">Les derni\u00e8res \u00e9tudes montrent que la l-citrulline est plus efficace pour augmenter le taux de l-arginine dans le sang que la l-arginine elle-m\u00eame.<\/p>\n<p class=\"s4\">\u00c0 son tour, l'acide malique favorise la production d'ATP, ce qui peut contribuer \u00e0 augmenter l'\u00e9nergie pour les activit\u00e9s de force et de puissance.<\/p>\n<p class=\"s4\">Propri\u00e9t\u00e9s et avantages de notre malate de L-citrulline de qualit\u00e9 sup\u00e9rieure :<\/p>\n<div class=\"s6\"><span class=\"s5\">- <\/span>Am\u00e9lioration des performances sportives : Favorise la circulation sanguine et r\u00e9duit la fatigue, gr\u00e2ce \u00e0 la production d'oxyde nitrique.<\/div>\n<div class=\"s6\"><span class=\"s5\">- <\/span>Aide \u00e0 la r\u00e9cup\u00e9ration musculaire : aide \u00e0 r\u00e9duire les douleurs musculaires apr\u00e8s l'exercice et favorise l'\u00e9limination de l'ammoniaque et d'autres d\u00e9chets.<\/div>\n<p class=\"s7\">les processus m\u00e9taboliques dans l'organisme.<\/p>\n<div class=\"s6\"><span class=\"s5\">- <\/span>Augmente l'\u00e9nergie : L'acide malique, pr\u00e9sent dans le malate de L-citrulline, contribue \u00e0 la production d'\u00e9nergie dans les cellules.<\/div>\n<p class=\"s4\">Cette nouvelle formule, incluant AstraGin\u00ae, est un compos\u00e9 brevet\u00e9 \u00e0 base de plantes 100% qui augmente l'absorption de nombreux nutriments vitaux en favorisant un environnement intestinal sain. De nombreuses \u00e9tudes confirment son efficacit\u00e9. Sp\u00e9cifiquement pour ce produit, il augmente l'absorption des acides amin\u00e9s tels que la citrulline jusqu'\u00e0 45%.<\/p>","protected":false},"excerpt":{"rendered":"<p>La L-Citrulline Malate est un acide amin\u00e9 qui combine la L-Citrulline et l'acide malique. Ce compl\u00e9ment est connu pour ses multiples bienfaits dans le domaine sportif. La L-Citrulline Malate est un [...]<\/p>","protected":false},"featured_media":55883,"template":"","meta":{"inline_featured_image":false},"product_cat":[4777],"product_tag":[],"acf":[],"_links":{"self":[{"href":"https:\/\/weider.es\/fr\/wp-json\/wp\/v2\/product\/55882"}],"collection":[{"href":"https:\/\/weider.es\/fr\/wp-json\/wp\/v2\/product"}],"about":[{"href":"https:\/\/weider.es\/fr\/wp-json\/wp\/v2\/types\/product"}],"wp:featuredmedia":[{"embeddable":true,"href":"https:\/\/weider.es\/fr\/wp-json\/wp\/v2\/media\/55883"}],"wp:attachment":[{"href":"https:\/\/weider.es\/fr\/wp-json\/wp\/v2\/media?parent=55882"}],"wp:term":[{"taxonomy":"product_cat","embeddable":true,"href":"https:\/\/weider.es\/fr\/wp-json\/wp\/v2\/product_cat?post=55882"},{"taxonomy":"product_tag","embeddable":true,"href":"https:\/\/weider.es\/fr\/wp-json\/wp\/v2\/product_tag?post=55882"}],"curies":[{"name":"wp","href":"https:\/\/api.w.org\/{rel}","templated":true}]}}