{"id":50451,"date":"2024-04-11T12:37:59","date_gmt":"2024-04-11T10:37:59","guid":{"rendered":"https:\/\/weider.es\/?page_id=50451"},"modified":"2025-02-26T11:12:54","modified_gmt":"2025-02-26T10:12:54","slug":"conocenos","status":"publish","type":"page","link":"https:\/\/weider.es\/it\/conocenos\/","title":{"rendered":"Conoscerci"},"content":{"rendered":"<div data-elementor-type=\"wp-page\" data-elementor-id=\"50451\" class=\"elementor elementor-50451\">\n\t\t\t\t\t\t<section class=\"elementor-section elementor-top-section elementor-element elementor-element-c17c004 we-about-us-hero elementor-section-boxed elementor-section-height-default elementor-section-height-default\" data-id=\"c17c004\" data-element_type=\"section\" data-settings=\"{&quot;background_background&quot;:&quot;classic&quot;}\">\n\t\t\t\t\t\t<div class=\"elementor-container elementor-column-gap-default\">\n\t\t\t\t\t<div class=\"elementor-column elementor-col-100 elementor-top-column elementor-element elementor-element-8ef71fb\" data-id=\"8ef71fb\" data-element_type=\"column\">\n\t\t\t<div class=\"elementor-widget-wrap elementor-element-populated\">\n\t\t\t\t\t\t<div class=\"elementor-element elementor-element-9b300da we-about-us-hero__title elementor-widget elementor-widget-heading\" data-id=\"9b300da\" data-element_type=\"widget\" data-widget_type=\"heading.default\">\n\t\t\t\t<div class=\"elementor-widget-container\">\n\t\t\t<style>\/*! elementor - v3.20.0 - 20-03-2024 *\/\n.elementor-heading-title{padding:0;margin:0;line-height:1}.elementor-widget-heading .elementor-heading-title[class*=elementor-size-]>a{color:inherit;font-size:inherit;line-height:inherit}.elementor-widget-heading .elementor-heading-title.elementor-size-small{font-size:15px}.elementor-widget-heading .elementor-heading-title.elementor-size-medium{font-size:19px}.elementor-widget-heading .elementor-heading-title.elementor-size-large{font-size:29px}.elementor-widget-heading .elementor-heading-title.elementor-size-xl{font-size:39px}.elementor-widget-heading .elementor-heading-title.elementor-size-xxl{font-size:59px}<\/style><h2 class=\"elementor-heading-title elementor-size-default\">SU DI NOI<\/h2>\t\t<\/div>\n\t\t\t\t<\/div>\n\t\t\t\t<div class=\"elementor-element elementor-element-e918b4d we-about-us-hero__subtitle elementor-widget elementor-widget-text-editor\" data-id=\"e918b4d\" data-element_type=\"widget\" data-widget_type=\"text-editor.default\">\n\t\t\t\t<div class=\"elementor-widget-container\">\n\t\t\t<style>\/*! elementor - v3.20.0 - 20-03-2024 *\/\n.elementor-widget-text-editor.elementor-drop-cap-view-stacked .elementor-drop-cap{background-color:#69727d;color:#fff}.elementor-widget-text-editor.elementor-drop-cap-view-framed .elementor-drop-cap{color:#69727d;border:3px solid;background-color:transparent}.elementor-widget-text-editor:not(.elementor-drop-cap-view-default) .elementor-drop-cap{margin-top:8px}.elementor-widget-text-editor:not(.elementor-drop-cap-view-default) .elementor-drop-cap-letter{width:1em;height:1em}.elementor-widget-text-editor .elementor-drop-cap{float:left;text-align:center;line-height:1;font-size:50px}.elementor-widget-text-editor .elementor-drop-cap-letter{display:inline-block}<\/style>\t\t\t\t<p>Questo pu\u00f2 essere l'inizio di una grande amicizia<\/p>\t\t\t\t\t\t<\/div>\n\t\t\t\t<\/div>\n\t\t\t\t\t<\/div>\n\t\t<\/div>\n\t\t\t\t\t<\/div>\n\t\t<\/section>\n\t\t\t\t<section class=\"elementor-section elementor-top-section elementor-element elementor-element-496491b2 we-link-boxes we-outside we-three-columns elementor-section-boxed elementor-section-height-default elementor-section-height-default\" data-id=\"496491b2\" data-element_type=\"section\">\n\t\t\t\t\t\t<div class=\"elementor-container elementor-column-gap-default\">\n\t\t\t\t\t<div class=\"elementor-column elementor-col-100 elementor-top-column elementor-element elementor-element-5ad76793\" data-id=\"5ad76793\" data-element_type=\"column\">\n\t\t\t<div class=\"elementor-widget-wrap elementor-element-populated\">\n\t\t\t\t\t\t<div class=\"elementor-element elementor-element-7adcf4 elementor-widget elementor-widget-heading\" data-id=\"7adcf4\" data-element_type=\"widget\" data-widget_type=\"heading.default\">\n\t\t\t\t<div class=\"elementor-widget-container\">\n\t\t\t<h2 class=\"elementor-heading-title elementor-size-default\">+80 anni di esperienza<\/h2>\t\t<\/div>\n\t\t\t\t<\/div>\n\t\t\t\t<section class=\"elementor-section elementor-inner-section elementor-element elementor-element-6a399d62 elementor-section-boxed elementor-section-height-default elementor-section-height-default\" data-id=\"6a399d62\" data-element_type=\"section\">\n\t\t\t\t\t\t<div class=\"elementor-container elementor-column-gap-default\">\n\t\t\t\t\t<div class=\"elementor-column elementor-col-33 elementor-inner-column elementor-element elementor-element-2e687735\" data-id=\"2e687735\" data-element_type=\"column\">\n\t\t\t<div class=\"elementor-widget-wrap elementor-element-populated\">\n\t\t\t\t\t\t<div class=\"elementor-element elementor-element-1b381b88 elementor-widget elementor-widget-bwp_image\" data-id=\"1b381b88\" data-element_type=\"widget\" data-widget_type=\"bwp_image.default\">\n\t\t\t\t<div class=\"elementor-widget-container\">\n\t\t\t<div class=\"bwp-widget-banner default\">\t\r\n\t<div class=\"bg-banner\">\r\n\t\t<div class=\"banner-wrapper banners\">\r\n\t\t\t\t\t\t\t<div class=\"bwp-image\">\r\n\t\t\t\t\t\t\t\t\t\t\t<a href=\"#\"><img decoding=\"async\" class=\"fade-in lazyload\" src=\"http:\/\/weider.es\/wp-content\/uploads\/2024\/04\/aboutus1.webp\" alt=\"Banner Image\"><\/a>\r\n\t\t\t\t\t\t\t\t\t<\/div>\r\n\t\t\t\t\t\t<div class=\"banner-wrapper-infor\">\r\n\t\t\t\t<div class=\"info\">\r\n\t\t\t\t\t<div class=\"content\">\r\n\t\t\t\t\t\t\t\t\t\t\t\t\t\t\t\t\t\t\t\t\t\t\t\t<div class=\"bwp-image-description\">\r\n\t\t\t\t\t\t\t\t\t\t\t\t\t\r\n\t\t\t\t\t\t\t\t<p>La nostra storia inizia pi\u00f9 di 80 anni fa, quando i fratelli\u00a0<strong>Joe e Ben Weider<\/strong>\u00a0ha fondato una piccola impresa familiare,\u00a0<strong>NUTRIZIONE WEIDER<\/strong>basata sui pilastri del lavoro, della fiducia e della qualit\u00e0.<\/p>\t\t\t\t\t\t\r\n\t\t\t\t\t\t\t\t\t\t\t\t\t<\/div>\t\r\n\t\t\t\t\t\t\t\t\t\t\t\t\t\t\t\t\t<\/div>\r\n\t\t\t\t<\/div>\r\n\t\t\t<\/div>\r\n\t\t<\/div>\r\n\t<\/div>\r\n<\/div>\r\n\t\t<\/div>\n\t\t\t\t<\/div>\n\t\t\t\t\t<\/div>\n\t\t<\/div>\n\t\t\t\t<div class=\"elementor-column elementor-col-33 elementor-inner-column elementor-element elementor-element-439fab2a\" data-id=\"439fab2a\" data-element_type=\"column\">\n\t\t\t<div class=\"elementor-widget-wrap elementor-element-populated\">\n\t\t\t\t\t\t<div class=\"elementor-element elementor-element-15dd96d1 elementor-widget elementor-widget-bwp_image\" data-id=\"15dd96d1\" data-element_type=\"widget\" data-widget_type=\"bwp_image.default\">\n\t\t\t\t<div class=\"elementor-widget-container\">\n\t\t\t<div class=\"bwp-widget-banner default\">\t\r\n\t<div class=\"bg-banner\">\r\n\t\t<div class=\"banner-wrapper banners\">\r\n\t\t\t\t\t\t\t<div class=\"bwp-image\">\r\n\t\t\t\t\t\t\t\t\t\t\t<a href=\"#\"><img decoding=\"async\" class=\"fade-in lazyload\" src=\"http:\/\/weider.es\/wp-content\/uploads\/2024\/04\/aboutus2.webp\" alt=\"Banner Image\"><\/a>\r\n\t\t\t\t\t\t\t\t\t<\/div>\r\n\t\t\t\t\t\t<div class=\"banner-wrapper-infor\">\r\n\t\t\t\t<div class=\"info\">\r\n\t\t\t\t\t<div class=\"content\">\r\n\t\t\t\t\t\t\t\t\t\t\t\t\t\t\t\t\t\t\t\t\t\t\t\t<div class=\"bwp-image-description\">\r\n\t\t\t\t\t\t\t\t\t\t\t\t\t\r\n\t\t\t\t\t\t\t\t<p>Con perseveranza e molti sforzi, sono riusciti a far s\u00ec che Weider diventasse un'azienda di\u00a0<strong>la multinazionale leader mondiale nella nutrizione sportiva<\/strong>.<\/p>\t\t\t\t\t\t\r\n\t\t\t\t\t\t\t\t\t\t\t\t\t<\/div>\t\r\n\t\t\t\t\t\t\t\t\t\t\t\t\t\t\t\t\t<\/div>\r\n\t\t\t\t<\/div>\r\n\t\t\t<\/div>\r\n\t\t<\/div>\r\n\t<\/div>\r\n<\/div>\r\n\t\t<\/div>\n\t\t\t\t<\/div>\n\t\t\t\t\t<\/div>\n\t\t<\/div>\n\t\t\t\t<div class=\"elementor-column elementor-col-33 elementor-inner-column elementor-element elementor-element-ca7e994\" data-id=\"ca7e994\" data-element_type=\"column\">\n\t\t\t<div class=\"elementor-widget-wrap elementor-element-populated\">\n\t\t\t\t\t\t<div class=\"elementor-element elementor-element-60eb3b16 elementor-widget elementor-widget-bwp_image\" data-id=\"60eb3b16\" data-element_type=\"widget\" data-widget_type=\"bwp_image.default\">\n\t\t\t\t<div class=\"elementor-widget-container\">\n\t\t\t<div class=\"bwp-widget-banner default\">\t\r\n\t<div class=\"bg-banner\">\r\n\t\t<div class=\"banner-wrapper banners\">\r\n\t\t\t\t\t\t\t<div class=\"bwp-image\">\r\n\t\t\t\t\t\t\t\t\t\t\t<a href=\"#\"><img decoding=\"async\" class=\"fade-in lazyload\" src=\"http:\/\/weider.es\/wp-content\/uploads\/2024\/04\/aboutus3.webp\" alt=\"Banner Image\"><\/a>\r\n\t\t\t\t\t\t\t\t\t<\/div>\r\n\t\t\t\t\t\t<div class=\"banner-wrapper-infor\">\r\n\t\t\t\t<div class=\"info\">\r\n\t\t\t\t\t<div class=\"content\">\r\n\t\t\t\t\t\t\t\t\t\t\t\t\t\t\t\t\t\t\t\t\t\t\t\t<div class=\"bwp-image-description\">\r\n\t\t\t\t\t\t\t\t\t\t\t\t\t\r\n\t\t\t\t\t\t\t\t<p>Appoggiato da professionisti dello sport di\u00a0<strong>classe mondiale<\/strong>siamo presenti nel\u00a0<strong>cinque continenti<\/strong>\u00a0con una vasta gamma di prodotti per il <b>v<\/b>.<\/p>\t\t\t\t\t\t\r\n\t\t\t\t\t\t\t\t\t\t\t\t\t<\/div>\t\r\n\t\t\t\t\t\t\t\t\t\t\t\t\t\t\t\t\t<\/div>\r\n\t\t\t\t<\/div>\r\n\t\t\t<\/div>\r\n\t\t<\/div>\r\n\t<\/div>\r\n<\/div>\r\n\t\t<\/div>\n\t\t\t\t<\/div>\n\t\t\t\t\t<\/div>\n\t\t<\/div>\n\t\t\t\t\t<\/div>\n\t\t<\/section>\n\t\t\t\t\t<\/div>\n\t\t<\/div>\n\t\t\t\t\t<\/div>\n\t\t<\/section>\n\t\t\t\t<section class=\"elementor-section elementor-top-section elementor-element elementor-element-5ab764e we-two-columns-primary bg-light-gray elementor-section-boxed elementor-section-height-default elementor-section-height-default\" data-id=\"5ab764e\" data-element_type=\"section\">\n\t\t\t\t\t\t<div class=\"elementor-container elementor-column-gap-default\">\n\t\t\t\t\t<div class=\"elementor-column elementor-col-50 elementor-top-column elementor-element elementor-element-ffc6865\" data-id=\"ffc6865\" data-element_type=\"column\" data-settings=\"{&quot;background_background&quot;:&quot;classic&quot;}\">\n\t\t\t<div class=\"elementor-widget-wrap\">\n\t\t\t\t\t\t\t<\/div>\n\t\t<\/div>\n\t\t\t\t<div class=\"elementor-column elementor-col-50 elementor-top-column elementor-element elementor-element-b246a05\" data-id=\"b246a05\" data-element_type=\"column\">\n\t\t\t<div class=\"elementor-widget-wrap elementor-element-populated\">\n\t\t\t\t\t\t<div class=\"elementor-element elementor-element-0b05dbd elementor-widget elementor-widget-heading\" data-id=\"0b05dbd\" data-element_type=\"widget\" data-widget_type=\"heading.default\">\n\t\t\t\t<div class=\"elementor-widget-container\">\n\t\t\t<h2 class=\"elementor-heading-title elementor-size-default\">I fratelli Joe e Ben Weider sono considerati...<\/h2>\t\t<\/div>\n\t\t\t\t<\/div>\n\t\t\t\t<div class=\"elementor-element elementor-element-91989ed elementor-widget elementor-widget-text-editor\" data-id=\"91989ed\" data-element_type=\"widget\" data-widget_type=\"text-editor.default\">\n\t\t\t\t<div class=\"elementor-widget-container\">\n\t\t\t\t\t\t\t<p>Sono considerati i padri del bodybuilding e conosciuti come gli \"allenatori dei campioni\", alcuni importanti come Arnold Schwarzenegger. Creatori del concorso Mr. Olympia, il loro nome \u00e8 stato mantenuto grazie a un'impressionante serie di successi. Sin dalla sua nascita nel 1936, atleti, allenatori, preparatori e scienziati dello sport di tutto il mondo hanno beneficiato della visione dei fratelli Weider in materia di allenamento e alimentazione.<\/p>\t\t\t\t\t\t<\/div>\n\t\t\t\t<\/div>\n\t\t\t\t\t<\/div>\n\t\t<\/div>\n\t\t\t\t\t<\/div>\n\t\t<\/section>\n\t\t\t\t<section class=\"elementor-section elementor-top-section elementor-element elementor-element-8ed5ab2 we-block-with-bg elementor-section-boxed elementor-section-height-default elementor-section-height-default\" data-id=\"8ed5ab2\" data-element_type=\"section\" data-settings=\"{&quot;background_background&quot;:&quot;classic&quot;}\">\n\t\t\t\t\t\t<div class=\"elementor-container elementor-column-gap-default\">\n\t\t\t\t\t<div class=\"elementor-column elementor-col-100 elementor-top-column elementor-element elementor-element-a33b210\" data-id=\"a33b210\" data-element_type=\"column\">\n\t\t\t<div class=\"elementor-widget-wrap elementor-element-populated\">\n\t\t\t\t\t\t<div class=\"elementor-element elementor-element-2459efd elementor-widget elementor-widget-heading\" data-id=\"2459efd\" data-element_type=\"widget\" data-widget_type=\"heading.default\">\n\t\t\t\t<div class=\"elementor-widget-container\">\n\t\t\t<h2 class=\"elementor-heading-title elementor-size-default\">Missione e valori<\/h2>\t\t<\/div>\n\t\t\t\t<\/div>\n\t\t\t\t<div class=\"elementor-element elementor-element-92cd3f5 elementor-widget elementor-widget-text-editor\" data-id=\"92cd3f5\" data-element_type=\"widget\" data-widget_type=\"text-editor.default\">\n\t\t\t\t<div class=\"elementor-widget-container\">\n\t\t\t\t\t\t\t<p data-prosemirror-content-type=\"node\" data-prosemirror-node-name=\"paragraph\" data-prosemirror-node-block=\"true\" data-pm-slice=\"1 1 []\">La missione del Gruppo <strong data-prosemirror-content-type=\"mark\" data-prosemirror-mark-name=\"strong\">Nutrizione globale Weider<\/strong> \u00e8 fornire un servizio ottimale al mercato della nutrizione sportiva. Aiutare le persone a realizzare il cambiamento fisico che desiderano con un'alimentazione sportiva della migliore qualit\u00e0.<\/p><p data-prosemirror-content-type=\"node\" data-prosemirror-node-name=\"paragraph\" data-prosemirror-node-block=\"true\">L'impegno di <strong data-prosemirror-content-type=\"mark\" data-prosemirror-mark-name=\"strong\">WEIDER<\/strong> \u00e8 quello di sostenere gli sforzi degli atleti e degli appassionati di sport con prodotti di alto livello creati sulla base della ricerca scientifica pi\u00f9 avanzata. Tutti gli ingredienti sono naturali e non contengono sostanze chimiche o medicinali. La gamma di prodotti <strong data-prosemirror-content-type=\"mark\" data-prosemirror-mark-name=\"strong\">WEIDER<\/strong> \u00e8 un ottimo strumento per gli atleti di tutte le discipline, anche per le persone attive che seguono uno stile di vita sano.<\/p>\t\t\t\t\t\t<\/div>\n\t\t\t\t<\/div>\n\t\t\t\t\t<\/div>\n\t\t<\/div>\n\t\t\t\t\t<\/div>\n\t\t<\/section>\n\t\t\t\t<section class=\"elementor-section elementor-inner-section elementor-element elementor-element-772d8ba we-quote elementor-section-boxed elementor-section-height-default elementor-section-height-default\" data-id=\"772d8ba\" data-element_type=\"section\" data-settings=\"{&quot;background_background&quot;:&quot;classic&quot;}\">\n\t\t\t\t\t\t<div class=\"elementor-container elementor-column-gap-default\">\n\t\t\t\t\t<div class=\"elementor-column elementor-col-100 elementor-inner-column elementor-element elementor-element-587dbf92\" data-id=\"587dbf92\" data-element_type=\"column\">\n\t\t\t<div class=\"elementor-widget-wrap elementor-element-populated\">\n\t\t\t\t\t\t<div class=\"elementor-element elementor-element-7e4a511 elementor-widget elementor-widget-text-editor\" data-id=\"7e4a511\" data-element_type=\"widget\" data-widget_type=\"text-editor.default\">\n\t\t\t\t<div class=\"elementor-widget-container\">\n\t\t\t\t\t\t\t<p>Le previsioni di Joe Weider sono una serie di visioni e previsioni sul futuro dell'esercizio fisico, della salute e del bodybuilding. Esse riflettono la sua convinzione che il bodybuilding e l'attivit\u00e0 fisica avrebbero svolto un ruolo cruciale nel migliorare la salute e il benessere dell'umanit\u00e0. Oggi la consideriamo una delle pi\u00f9 iconiche:<\/p>\t\t\t\t\t\t<\/div>\n\t\t\t\t<\/div>\n\t\t\t\t<div class=\"elementor-element elementor-element-965f9be elementor-widget elementor-widget-bwp_testimonial\" data-id=\"965f9be\" data-element_type=\"widget\" data-widget_type=\"bwp_testimonial.default\">\n\t\t\t\t<div class=\"elementor-widget-container\">\n\t\t\t<div class=\"bwp-testimonial default nav-show-hover\">\r\n\t<div class=\"block\">\r\n\t\t\t\t<div class=\"block_content\">\r\n\t\t\t<div id=\"testimonial_1142753851775399711\" class=\"slick-carousel\" data-autoplay=\"true\" data-centermode=\"true\" data-slidestoscroll=\"true\" data-nav=\"true\" data-dots=\"0\" data-columns4=\"1\" data-columns3=\"1\" data-columns2=\"1\" data-columns1=\"1\" data-columns=\"1\">\r\n\t\t\t\t\t\t\t\t\t\t\t\t\t\t\t<div class=\"testimonial-content\">\r\n\t\t\t\t\t\t\t\t\t\t\t\t\t\t\t\t\t<div class=\"item\">\r\n\t\t\t\t\t\t\t\t\t\t\t\t\t\t\t<div class=\"testimonial-quotes\">\r\n\t\t\t\t\t\t\t\t\t<svg xmlns=\"http:\/\/www.w3.org\/2000\/svg\" xmlns:xlink=\"http:\/\/www.w3.org\/1999\/xlink\" xmlns:svgjs=\"http:\/\/svgjs.com\/svgjs\" width=\"512\" height=\"512\" x=\"0\" y=\"0\" viewbox=\"0 0 32 32\" style=\"enable-background:new 0 0 512 512\" xml:space=\"preserve\"><g><path d=\"M0 4v24l12-12V4zM20 4v24l12-12V4z\" style=\"\" fill=\"\" data-original=\"\"><\/path><\/g><\/svg>\t\t\t\t\t\t\t\t<\/div>\r\n\t\t\t\t\t\t\t\t\t\t\t\t\t\t\t\t\t\t\t\t\t\t\t\t\t\t\t\t<div class=\"testimonial-info\">\r\n\t\t\t\t\t\t\t\t<div class=\"testimonial-customer-position\"><p class=\"post-excerpt\">Riconoscere l'importanza dell'esercizio fisico sistematico e delle attivit\u00e0 fisiche per prevenire e combattere i mali della civilt\u00e0.\n<\/p><\/div>\r\n\t\t\t\t\t\t\t\t<div class=\"testimonial-flex\">\r\n\t\t\t\t\t\t\t\t\t<h2 class=\"testimonial-customer-name\">Joe Weider<\/h2>\r\n\t\t\t\t\t\t\t\t\t\t\t\t\t\t\t\t\t<\/div>\r\n\t\t\t\t\t\t\t<\/div>\r\n\t\t\t\t\t\t<\/div>\r\n\t\t\t\t\t\t<!-- Wrapper for slides -->\r\n\t\t\t\t\t \r\n\t\t\t\t\t<\/div>\r\n\t\t\t\t\t\t\t\t\t\t\t\t<\/div>\r\n\t\t<\/div>\r\n\t<\/div>\r\n<\/div>\r\n\t\t<\/div>\n\t\t\t\t<\/div>\n\t\t\t\t\t<\/div>\n\t\t<\/div>\n\t\t\t\t\t<\/div>\n\t\t<\/section>\n\t\t\t\t<section class=\"elementor-section elementor-top-section elementor-element elementor-element-59e7250 we-two-columns-white we-two-columns-left elementor-section-boxed elementor-section-height-default elementor-section-height-default\" data-id=\"59e7250\" data-element_type=\"section\">\n\t\t\t\t\t\t<div class=\"elementor-container elementor-column-gap-default\">\n\t\t\t\t\t<div class=\"elementor-column elementor-col-50 elementor-top-column elementor-element elementor-element-434d99e\" data-id=\"434d99e\" data-element_type=\"column\" data-settings=\"{&quot;background_background&quot;:&quot;classic&quot;}\">\n\t\t\t<div class=\"elementor-widget-wrap\">\n\t\t\t\t\t\t\t<\/div>\n\t\t<\/div>\n\t\t\t\t<div class=\"elementor-column elementor-col-50 elementor-top-column elementor-element elementor-element-03684d0\" data-id=\"03684d0\" data-element_type=\"column\">\n\t\t\t<div class=\"elementor-widget-wrap elementor-element-populated\">\n\t\t\t\t\t\t<div class=\"elementor-element elementor-element-d10724b elementor-widget elementor-widget-heading\" data-id=\"d10724b\" data-element_type=\"widget\" data-widget_type=\"heading.default\">\n\t\t\t\t<div class=\"elementor-widget-container\">\n\t\t\t<h2 class=\"elementor-heading-title elementor-size-default\">QUALIT\u00c0 E INNOVAZIONE<\/h2>\t\t<\/div>\n\t\t\t\t<\/div>\n\t\t\t\t<div class=\"elementor-element elementor-element-bc661c8 elementor-widget elementor-widget-text-editor\" data-id=\"bc661c8\" data-element_type=\"widget\" data-widget_type=\"text-editor.default\">\n\t\t\t\t<div class=\"elementor-widget-container\">\n\t\t\t\t\t\t\t<p>La filosofia di Joe Weider \u00e8 sempre stata quella di garantire la massima qualit\u00e0, per questo i nostri team di sviluppo negli Stati Uniti, in Germania e in Spagna si concentrano sul controllo delle materie prime, dei processi produttivi e del confezionamento.<\/p><p>I nostri integratori WEIDER sono conformi agli standard GMP (Good Manufacturing Practices) per garantire alti livelli di efficacia senza compromettere la salute dei nostri consumatori.<\/p><p>Qualit\u00e0 e innovazione sono le nostre priorit\u00e0. Utilizziamo le migliori materie prime perch\u00e9 crediamo che la qualit\u00e0 sia un investimento, in quanto i prodotti di bassa qualit\u00e0 possono essere dannosi per la salute. In questo modo garantiamo la migliore assimilazione, energia e recupero della nutrizione intelligente.<\/p>\t\t\t\t\t\t<\/div>\n\t\t\t\t<\/div>\n\t\t\t\t\t<\/div>\n\t\t<\/div>\n\t\t\t\t\t<\/div>\n\t\t<\/section>\n\t\t\t\t<section class=\"elementor-section elementor-top-section elementor-element elementor-element-3a646c6 we-text-block bg-light-gray elementor-section-boxed elementor-section-height-default elementor-section-height-default\" data-id=\"3a646c6\" data-element_type=\"section\">\n\t\t\t\t\t\t<div class=\"elementor-container elementor-column-gap-default\">\n\t\t\t\t\t<div class=\"elementor-column elementor-col-100 elementor-top-column elementor-element elementor-element-6447f9c\" data-id=\"6447f9c\" data-element_type=\"column\">\n\t\t\t<div class=\"elementor-widget-wrap elementor-element-populated\">\n\t\t\t\t\t\t<div class=\"elementor-element elementor-element-1125b25 elementor-widget elementor-widget-text-editor\" data-id=\"1125b25\" data-element_type=\"widget\" data-widget_type=\"text-editor.default\">\n\t\t\t\t<div class=\"elementor-widget-container\">\n\t\t\t\t\t\t\t<p>Da decenni ci dedichiamo alla produzione di integratori alimentari per gli atleti. I nostri team di ricerca e sviluppo creano prodotti che rappresentano il massimo della nutrizione per gli atleti di tutte le discipline. E naturalmente la nostra azienda sostiene lo sport pulito, senza l'uso di sostanze vietate nella pratica sportiva, il cosiddetto \"No doping\" o doping-free.<\/p>\t\t\t\t\t\t<\/div>\n\t\t\t\t<\/div>\n\t\t\t\t\t<\/div>\n\t\t<\/div>\n\t\t\t\t\t<\/div>\n\t\t<\/section>\n\t\t\t\t<section class=\"elementor-section elementor-top-section elementor-element elementor-element-35fd18d we-video bg-light-gray elementor-section-boxed elementor-section-height-default elementor-section-height-default\" data-id=\"35fd18d\" data-element_type=\"section\">\n\t\t\t\t\t\t<div class=\"elementor-container elementor-column-gap-default\">\n\t\t\t\t\t<div class=\"elementor-column elementor-col-100 elementor-top-column elementor-element elementor-element-6e24442\" data-id=\"6e24442\" data-element_type=\"column\">\n\t\t\t<div class=\"elementor-widget-wrap elementor-element-populated\">\n\t\t\t\t\t\t<section class=\"elementor-section elementor-inner-section elementor-element elementor-element-c7f63f3 elementor-section-boxed elementor-section-height-default elementor-section-height-default\" data-id=\"c7f63f3\" data-element_type=\"section\" data-settings=\"{&quot;background_background&quot;:&quot;classic&quot;}\">\n\t\t\t\t\t\t<div class=\"elementor-container elementor-column-gap-default\">\n\t\t\t\t\t<div class=\"elementor-column elementor-col-100 elementor-inner-column elementor-element elementor-element-00bc135\" data-id=\"00bc135\" data-element_type=\"column\">\n\t\t\t<div class=\"elementor-widget-wrap elementor-element-populated\">\n\t\t\t\t\t\t<div class=\"elementor-element elementor-element-b3238ce elementor-widget elementor-widget-bwp_video\" data-id=\"b3238ce\" data-element_type=\"widget\" data-widget_type=\"bwp_video.default\">\n\t\t\t\t<div class=\"elementor-widget-container\">\n\t\t\t<div class=\"bwp-widget-video default\">\r\n\t\t\t<div class=\"content\">\r\n\t\t\t\t<div class=\"bwp-video modal\" data-src=\"https:\/\/www.youtube.com\/embed\/v6toaKhWcoc\">\r\n\t\t\t\t\t\t\t<svg xmlns=\"http:\/\/www.w3.org\/2000\/svg\" xmlns:xlink=\"http:\/\/www.w3.org\/1999\/xlink\" xmlns:svgjs=\"http:\/\/svgjs.com\/svgjs\" width=\"512\" height=\"512\" x=\"0\" y=\"0\" viewbox=\"0 0 474 474.933\" style=\"enable-background:new 0 0 512 512\" xml:space=\"preserve\" class=\"\"><g transform=\"matrix(1.0000000000000009,4.898587196589417e-16,4.898587196589417e-16,-1.0000000000000009,54.99999999999966,474.93399047851557)\"><path d=\"M.465 474.934V0l368.137 237.465zM21.8 39.199v396.535l307.465-198.27zm0 0\" fill=\"\" opacity=\"1\" data-original=\"\" class=\"\"><\/path><\/g><\/svg>\t\t\t\t\t<\/div>\r\n\t\t<div class=\"content-video modal fade\" id=\"myModal\">\r\n\t\t\t<div class=\"remove-show-modal\"><\/div>\r\n\t\t\t<div class=\"modal-dialog modal-dialog-centered\">\r\n\t\t\t\t\t\t\t\t\t<iframe id=\"video\" src=\"https:\/\/www.youtube.com\/embed\/v6toaKhWcoc\" title=\"YouTube video player\" frameborder=\"0\" allow=\"accelerometer; autoplay; clipboard-write; encrypted-media; gyroscope; picture-in-picture\" allowfullscreen><\/iframe>\r\n\t\t\t\t\t\t\t<\/div>\r\n\t\t<\/div>\r\n\t<\/div>\r\n\t<\/div>\r\n\t\t<\/div>\n\t\t\t\t<\/div>\n\t\t\t\t\t<\/div>\n\t\t<\/div>\n\t\t\t\t\t<\/div>\n\t\t<\/section>\n\t\t\t\t\t<\/div>\n\t\t<\/div>\n\t\t\t\t\t<\/div>\n\t\t<\/section>\n\t\t\t\t<\/div>","protected":false},"excerpt":{"rendered":"<p>CON\u00d3CENOS \u00c9ste puede ser el comienzo de una gran amistad +80 a\u00f1os de experiencia Nuestra historia comienza hace m\u00e1s de 80 a\u00f1os cuando\u00a0los hermanos\u00a0Joe y Ben Weider\u00a0fundaron\u00a0una peque\u00f1a\u00a0empresa familiar,\u00a0WEIDER NUTRITION,\u00a0bas\u00e1ndose [\u2026]<\/p>","protected":false},"author":24,"featured_media":0,"parent":0,"menu_order":0,"comment_status":"closed","ping_status":"closed","template":"page-templates\/homepage.php","meta":{"inline_featured_image":false,"footnotes":""},"acf":[],"_links":{"self":[{"href":"https:\/\/weider.es\/it\/wp-json\/wp\/v2\/pages\/50451"}],"collection":[{"href":"https:\/\/weider.es\/it\/wp-json\/wp\/v2\/pages"}],"about":[{"href":"https:\/\/weider.es\/it\/wp-json\/wp\/v2\/types\/page"}],"author":[{"embeddable":true,"href":"https:\/\/weider.es\/it\/wp-json\/wp\/v2\/users\/24"}],"replies":[{"embeddable":true,"href":"https:\/\/weider.es\/it\/wp-json\/wp\/v2\/comments?post=50451"}],"version-history":[{"count":10,"href":"https:\/\/weider.es\/it\/wp-json\/wp\/v2\/pages\/50451\/revisions"}],"predecessor-version":[{"id":55621,"href":"https:\/\/weider.es\/it\/wp-json\/wp\/v2\/pages\/50451\/revisions\/55621"}],"wp:attachment":[{"href":"https:\/\/weider.es\/it\/wp-json\/wp\/v2\/media?parent=50451"}],"curies":[{"name":"wp","href":"https:\/\/api.w.org\/{rel}","templated":true}]}}