{"id":51370,"date":"2024-04-19T08:41:11","date_gmt":"2024-04-19T06:41:11","guid":{"rendered":"https:\/\/weider.es\/?page_id=51370"},"modified":"2024-07-24T11:45:15","modified_gmt":"2024-07-24T09:45:15","slug":"aviso-legal","status":"publish","type":"page","link":"https:\/\/weider.es\/it\/avviso-legale\/","title":{"rendered":"Avviso legale"},"content":{"rendered":"<div data-elementor-type=\"wp-page\" data-elementor-id=\"51370\" class=\"elementor elementor-51370\">\n\t\t\t\t\t\t<section class=\"elementor-section elementor-top-section elementor-element elementor-element-4e1abbb we-legales elementor-section-boxed elementor-section-height-default elementor-section-height-default\" data-id=\"4e1abbb\" data-element_type=\"section\">\n\t\t\t\t\t\t<div class=\"elementor-container elementor-column-gap-default\">\n\t\t\t\t\t<div class=\"elementor-column elementor-col-100 elementor-top-column elementor-element elementor-element-be9f196\" data-id=\"be9f196\" data-element_type=\"column\">\n\t\t\t<div class=\"elementor-widget-wrap elementor-element-populated\">\n\t\t\t\t\t\t<div class=\"elementor-element elementor-element-113abc6 elementor-widget elementor-widget-heading\" data-id=\"113abc6\" data-element_type=\"widget\" data-widget_type=\"heading.default\">\n\t\t\t\t<div class=\"elementor-widget-container\">\n\t\t\t<style>\/*! elementor - v3.20.0 - 20-03-2024 *\/\n.elementor-heading-title{padding:0;margin:0;line-height:1}.elementor-widget-heading .elementor-heading-title[class*=elementor-size-]>a{color:inherit;font-size:inherit;line-height:inherit}.elementor-widget-heading .elementor-heading-title.elementor-size-small{font-size:15px}.elementor-widget-heading .elementor-heading-title.elementor-size-medium{font-size:19px}.elementor-widget-heading .elementor-heading-title.elementor-size-large{font-size:29px}.elementor-widget-heading .elementor-heading-title.elementor-size-xl{font-size:39px}.elementor-widget-heading .elementor-heading-title.elementor-size-xxl{font-size:59px}<\/style><h1 class=\"elementor-heading-title elementor-size-default\">Avviso legale<\/h1>\t\t<\/div>\n\t\t\t\t<\/div>\n\t\t\t\t<div class=\"elementor-element elementor-element-7a42e93 elementor-widget elementor-widget-text-editor\" data-id=\"7a42e93\" data-element_type=\"widget\" data-widget_type=\"text-editor.default\">\n\t\t\t\t<div class=\"elementor-widget-container\">\n\t\t\t<style>\/*! elementor - v3.20.0 - 20-03-2024 *\/\n.elementor-widget-text-editor.elementor-drop-cap-view-stacked .elementor-drop-cap{background-color:#69727d;color:#fff}.elementor-widget-text-editor.elementor-drop-cap-view-framed .elementor-drop-cap{color:#69727d;border:3px solid;background-color:transparent}.elementor-widget-text-editor:not(.elementor-drop-cap-view-default) .elementor-drop-cap{margin-top:8px}.elementor-widget-text-editor:not(.elementor-drop-cap-view-default) .elementor-drop-cap-letter{width:1em;height:1em}.elementor-widget-text-editor .elementor-drop-cap{float:left;text-align:center;line-height:1;font-size:50px}.elementor-widget-text-editor .elementor-drop-cap-letter{display:inline-block}<\/style>\t\t\t\t<h2><strong>Identificazione e propriet\u00e0<\/strong><\/h2><p>In conformit\u00e0 con l'articolo 10 della Legge 34 \/ 2002, dell'11 luglio 2002, sui servizi della societ\u00e0 dell'informazione (Ley 34 \/ 2002, de 11 de julio, de Servicios de la Sociedad de la<br \/>Informazione e Commercio Elettronico, il Titolare indica i propri dati identificativi.<br \/>- Azienda : Weider Nutrition SL<br \/>- PARTITA IVA: B-81523888<br \/>- Indirizzo : Pol. Ind. Urtinsa 2, Calle Electr\u00f3nica, 39, 41, 28923 Alcorc\u00f3n, Madrid<br \/>- E-mail: videos@weider.es<br \/>- Sito web: weider.co.uk<\/p><h2><strong>Scopo<\/strong><\/h2><p>Lo scopo del sito web weider.co.uk \u00e8 lo scopo di weider.co.uk<\/p><h2><strong>Condizioni di utilizzo<\/strong><\/h2><p>L'utilizzo del sito web conferisce lo status di Utente e implica la piena accettazione di tutte le clausole e le condizioni di utilizzo incluse nelle pagine:<br \/>- Avviso legale<br \/>- Informativa sulla privacy<br \/>- Informativa sui cookie<br \/>Se non si \u00e8 d'accordo con ognuno di questi termini e condizioni, si prega di astenersi dall'utilizzare questo sito web. L'accesso a questo sito web non implica in alcun modo l'avvio di un rapporto commerciale con il Titolare.<br \/>Attraverso il presente sito web, l'albergatore fornisce all'utente l'accesso e l'utilizzo di vari contenuti che l'albergatore o i suoi collaboratori hanno pubblicato su Internet.<br \/>A tal fine, l'utente ha l'obbligo e l'impegno di NON utilizzare alcuno dei contenuti del sito web per scopi o effetti illeciti, vietati dal presente Avviso legale o dalla legislazione vigente, lesivi dei diritti e degli interessi di terzi, o che in qualsiasi modo possano danneggiare, disattivare, sovraccaricare, deteriorare, danneggiare o ledere i diritti e gli interessi di terzi.<br \/>o impedire il normale utilizzo dei contenuti, delle apparecchiature informatiche o dei documenti, dei file e di tutti i tipi di contenuti memorizzati in qualsiasi apparecchiatura informatica di propriet\u00e0 o in appalto del Titolare, di altri utenti o di qualsiasi utente di Internet.<\/p><h2><strong>Misure di sicurezza<\/strong><\/h2><p>I dati personali da Lei forniti al Titolare possono essere conservati in banche dati automatizzate o non automatizzate, la cui titolarit\u00e0 corrisponde esclusivamente al Titolare, che assume tutte le misure tecniche, organizzative e di sicurezza atte a garantire la riservatezza, l'integrit\u00e0 e la qualit\u00e0 delle informazioni in esse contenute in conformit\u00e0 a quanto previsto dalla normativa vigente in materia di protezione dei dati. Tuttavia, l'Utente deve essere consapevole che le misure di sicurezza dei sistemi informatici su Internet non sono del tutto affidabili e che, pertanto, il Titolare non pu\u00f2 garantire l'assenza di virus o di altri elementi che possano causare alterazioni nei sistemi informatici (software e hardware) dell'Utente o nei suoi documenti elettronici e nei file in essi contenuti, sebbene il Titolare metta in atto tutti i mezzi necessari e adotti misure di sicurezza adeguate per prevenire la presenza di tali elementi dannosi.<\/p><h2><strong>D<\/strong><strong>attestati personali<\/strong><\/h2><p>\u00c8 possibile consultare tutte le informazioni relative al trattamento dei dati personali raccolti dal Titolare del trattamento alla pagina Privacy Policy.<\/p><h2><strong>Contenuti<\/strong><\/h2><p>Il Titolare ha ottenuto le informazioni, i contenuti multimediali e i materiali contenuti nel sito web da fonti che ritiene affidabili, ma pur avendo adottato tutte le misure ragionevoli per garantire che le informazioni contenute siano corrette, il Titolare non garantisce che siano accurate, complete o aggiornate. Il Titolare declina espressamente ogni responsabilit\u00e0 per errori o omissioni nelle informazioni contenute in questo sito web.<br \/>sulle pagine di questo sito web. \u00c8 vietato trasmettere o inviare attraverso il Sito contenuti illegali o illeciti, virus informatici o messaggi che, in generale, ledano o violino i diritti del Titolare o di terzi. I contenuti del Sito Web hanno uno scopo puramente informativo e in nessun caso devono essere utilizzati o considerati come un'offerta di vendita, una sollecitazione di un'offerta di acquisto o una raccomandazione ad effettuare qualsiasi altra transazione, a meno che non sia espressamente indicato. Il Titolare si riserva il diritto di modificare, sospendere, cancellare o limitare il contenuto del Sito web, i link o le informazioni ottenute tramite il Sito web, senza preavviso.<br \/>L'albergatore non \u00e8 responsabile di eventuali danni che possono derivare dall'uso delle informazioni presenti sul sito web o delle informazioni contenute nelle reti sociali dell'albergatore.<\/p>\t\t\t\t\t\t<\/div>\n\t\t\t\t<\/div>\n\t\t\t\t\t<\/div>\n\t\t<\/div>\n\t\t\t\t\t<\/div>\n\t\t<\/section>\n\t\t\t\t<\/div>","protected":false},"excerpt":{"rendered":"<p>Aviso Legal Identificaci\u00f3n y Titularidad En cumplimiento del art\u00edculo 10 de la Ley 34 \/ 2002, de 11 de julio, de Servicios de la Sociedad de laInformaci\u00f3n y Comercio Electr\u00f3nico, [\u2026]<\/p>","protected":false},"author":24,"featured_media":0,"parent":0,"menu_order":0,"comment_status":"closed","ping_status":"closed","template":"","meta":{"inline_featured_image":false,"footnotes":""},"acf":[],"_links":{"self":[{"href":"https:\/\/weider.es\/it\/wp-json\/wp\/v2\/pages\/51370"}],"collection":[{"href":"https:\/\/weider.es\/it\/wp-json\/wp\/v2\/pages"}],"about":[{"href":"https:\/\/weider.es\/it\/wp-json\/wp\/v2\/types\/page"}],"author":[{"embeddable":true,"href":"https:\/\/weider.es\/it\/wp-json\/wp\/v2\/users\/24"}],"replies":[{"embeddable":true,"href":"https:\/\/weider.es\/it\/wp-json\/wp\/v2\/comments?post=51370"}],"version-history":[{"count":0,"href":"https:\/\/weider.es\/it\/wp-json\/wp\/v2\/pages\/51370\/revisions"}],"wp:attachment":[{"href":"https:\/\/weider.es\/it\/wp-json\/wp\/v2\/media?parent=51370"}],"curies":[{"name":"wp","href":"https:\/\/api.w.org\/{rel}","templated":true}]}}