{"id":51387,"date":"2024-04-19T08:49:39","date_gmt":"2024-04-19T06:49:39","guid":{"rendered":"https:\/\/weider.es\/?page_id=51387"},"modified":"2024-04-19T08:51:06","modified_gmt":"2024-04-19T06:51:06","slug":"terminos-de-uso","status":"publish","type":"page","link":"https:\/\/weider.es\/it\/terminos-de-uso\/","title":{"rendered":"T\u00e9rminos de uso"},"content":{"rendered":"<div data-elementor-type=\"wp-page\" data-elementor-id=\"51387\" class=\"elementor elementor-51387\">\n\t\t\t\t\t\t<section class=\"elementor-section elementor-top-section elementor-element elementor-element-11d6332 we-legales elementor-section-boxed elementor-section-height-default elementor-section-height-default\" data-id=\"11d6332\" data-element_type=\"section\">\n\t\t\t\t\t\t<div class=\"elementor-container elementor-column-gap-default\">\n\t\t\t\t\t<div class=\"elementor-column elementor-col-100 elementor-top-column elementor-element elementor-element-2243095\" data-id=\"2243095\" data-element_type=\"column\">\n\t\t\t<div class=\"elementor-widget-wrap elementor-element-populated\">\n\t\t\t\t\t\t<div class=\"elementor-element elementor-element-d536e5c elementor-widget elementor-widget-heading\" data-id=\"d536e5c\" data-element_type=\"widget\" data-widget_type=\"heading.default\">\n\t\t\t\t<div class=\"elementor-widget-container\">\n\t\t\t<style>\/*! elementor - v3.20.0 - 20-03-2024 *\/\n.elementor-heading-title{padding:0;margin:0;line-height:1}.elementor-widget-heading .elementor-heading-title[class*=elementor-size-]>a{color:inherit;font-size:inherit;line-height:inherit}.elementor-widget-heading .elementor-heading-title.elementor-size-small{font-size:15px}.elementor-widget-heading .elementor-heading-title.elementor-size-medium{font-size:19px}.elementor-widget-heading .elementor-heading-title.elementor-size-large{font-size:29px}.elementor-widget-heading .elementor-heading-title.elementor-size-xl{font-size:39px}.elementor-widget-heading .elementor-heading-title.elementor-size-xxl{font-size:59px}<\/style><h1 class=\"elementor-heading-title elementor-size-default\">T\u00e9rminos de uso<\/h1>\t\t<\/div>\n\t\t\t\t<\/div>\n\t\t\t\t<div class=\"elementor-element elementor-element-a08d96a elementor-widget elementor-widget-text-editor\" data-id=\"a08d96a\" data-element_type=\"widget\" data-widget_type=\"text-editor.default\">\n\t\t\t\t<div class=\"elementor-widget-container\">\n\t\t\t<style>\/*! elementor - v3.20.0 - 20-03-2024 *\/\n.elementor-widget-text-editor.elementor-drop-cap-view-stacked .elementor-drop-cap{background-color:#69727d;color:#fff}.elementor-widget-text-editor.elementor-drop-cap-view-framed .elementor-drop-cap{color:#69727d;border:3px solid;background-color:transparent}.elementor-widget-text-editor:not(.elementor-drop-cap-view-default) .elementor-drop-cap{margin-top:8px}.elementor-widget-text-editor:not(.elementor-drop-cap-view-default) .elementor-drop-cap-letter{width:1em;height:1em}.elementor-widget-text-editor .elementor-drop-cap{float:left;text-align:center;line-height:1;font-size:50px}.elementor-widget-text-editor .elementor-drop-cap-letter{display:inline-block}<\/style>\t\t\t\t<p><strong>Weider Nutrition, S.L.<\/strong><br \/>CODICE FISCALE B81523888<\/p><p>39-41 Via Electr\u00f3nica<br \/>28923 Alcorc\u00f3n<br \/>Madrid (Spagna)<br \/>Telefono: + 34 91 875 70 66<br \/>Fax: + 34 91 870 14 61<br \/>E-mail:\u00a0<a class=\"ApplyClass\" href=\"mailto:\">info@weider.es<\/a><\/p><p>Registro Mercantil de Madrid, tomo 11.273, libro 0, folio 55, secci\u00f3n 8\u00aa, hoja M-177220, inscripci\u00f3n 1\u00aa<\/p>\t\t\t\t\t\t<\/div>\n\t\t\t\t<\/div>\n\t\t\t\t\t<\/div>\n\t\t<\/div>\n\t\t\t\t\t<\/div>\n\t\t<\/section>\n\t\t\t\t<\/div>","protected":false},"excerpt":{"rendered":"<p>T\u00e9rminos de uso Weider Nutrition, S.L.N.I.F. B81523888 C\/ Electr\u00f3nica 39-4128923 Alcorc\u00f3nMadrid (Espa\u00f1a)Tel\u00e9fono: + 34 91 875 70 66Fax: + 34 91 870 14 61Correo electr\u00f3nico:\u00a0info@weider.es Registro Mercantil de Madrid, tomo [\u2026]<\/p>","protected":false},"author":24,"featured_media":0,"parent":0,"menu_order":0,"comment_status":"closed","ping_status":"closed","template":"","meta":{"inline_featured_image":false,"footnotes":""},"acf":[],"_links":{"self":[{"href":"https:\/\/weider.es\/it\/wp-json\/wp\/v2\/pages\/51387"}],"collection":[{"href":"https:\/\/weider.es\/it\/wp-json\/wp\/v2\/pages"}],"about":[{"href":"https:\/\/weider.es\/it\/wp-json\/wp\/v2\/types\/page"}],"author":[{"embeddable":true,"href":"https:\/\/weider.es\/it\/wp-json\/wp\/v2\/users\/24"}],"replies":[{"embeddable":true,"href":"https:\/\/weider.es\/it\/wp-json\/wp\/v2\/comments?post=51387"}],"version-history":[{"count":0,"href":"https:\/\/weider.es\/it\/wp-json\/wp\/v2\/pages\/51387\/revisions"}],"wp:attachment":[{"href":"https:\/\/weider.es\/it\/wp-json\/wp\/v2\/media?parent=51387"}],"curies":[{"name":"wp","href":"https:\/\/api.w.org\/{rel}","templated":true}]}}