{"id":51396,"date":"2024-04-19T08:52:06","date_gmt":"2024-04-19T06:52:06","guid":{"rendered":"https:\/\/weider.es\/?page_id=51396"},"modified":"2024-04-19T08:56:23","modified_gmt":"2024-04-19T06:56:23","slug":"politica-de-privacidad","status":"publish","type":"page","link":"https:\/\/weider.es\/it\/politica-de-privacidad\/","title":{"rendered":"Informativa sulla privacy"},"content":{"rendered":"<div data-elementor-type=\"wp-page\" data-elementor-id=\"51396\" class=\"elementor elementor-51396\">\n\t\t\t\t\t\t<section class=\"elementor-section elementor-top-section elementor-element elementor-element-5c3c632 we-legales elementor-section-boxed elementor-section-height-default elementor-section-height-default\" data-id=\"5c3c632\" data-element_type=\"section\">\n\t\t\t\t\t\t<div class=\"elementor-container elementor-column-gap-default\">\n\t\t\t\t\t<div class=\"elementor-column elementor-col-100 elementor-top-column elementor-element elementor-element-f92a2e2\" data-id=\"f92a2e2\" data-element_type=\"column\">\n\t\t\t<div class=\"elementor-widget-wrap elementor-element-populated\">\n\t\t\t\t\t\t<div class=\"elementor-element elementor-element-27224d0 elementor-widget elementor-widget-heading\" data-id=\"27224d0\" data-element_type=\"widget\" data-widget_type=\"heading.default\">\n\t\t\t\t<div class=\"elementor-widget-container\">\n\t\t\t<style>\/*! elementor - v3.20.0 - 20-03-2024 *\/\n.elementor-heading-title{padding:0;margin:0;line-height:1}.elementor-widget-heading .elementor-heading-title[class*=elementor-size-]>a{color:inherit;font-size:inherit;line-height:inherit}.elementor-widget-heading .elementor-heading-title.elementor-size-small{font-size:15px}.elementor-widget-heading .elementor-heading-title.elementor-size-medium{font-size:19px}.elementor-widget-heading .elementor-heading-title.elementor-size-large{font-size:29px}.elementor-widget-heading .elementor-heading-title.elementor-size-xl{font-size:39px}.elementor-widget-heading .elementor-heading-title.elementor-size-xxl{font-size:59px}<\/style><h1 class=\"elementor-heading-title elementor-size-default\">Informativa sulla privacy<\/h1>\t\t<\/div>\n\t\t\t\t<\/div>\n\t\t\t\t<div class=\"elementor-element elementor-element-f112225 elementor-widget elementor-widget-text-editor\" data-id=\"f112225\" data-element_type=\"widget\" data-widget_type=\"text-editor.default\">\n\t\t\t\t<div class=\"elementor-widget-container\">\n\t\t\t<style>\/*! elementor - v3.20.0 - 20-03-2024 *\/\n.elementor-widget-text-editor.elementor-drop-cap-view-stacked .elementor-drop-cap{background-color:#69727d;color:#fff}.elementor-widget-text-editor.elementor-drop-cap-view-framed .elementor-drop-cap{color:#69727d;border:3px solid;background-color:transparent}.elementor-widget-text-editor:not(.elementor-drop-cap-view-default) .elementor-drop-cap{margin-top:8px}.elementor-widget-text-editor:not(.elementor-drop-cap-view-default) .elementor-drop-cap-letter{width:1em;height:1em}.elementor-widget-text-editor .elementor-drop-cap{float:left;text-align:center;line-height:1;font-size:50px}.elementor-widget-text-editor .elementor-drop-cap-letter{display:inline-block}<\/style>\t\t\t\t<h2><strong>1. Informativa sulla privacy<\/strong><\/h2><p>Weider Nutrition SL, con codice fiscale B81523888 (Registro Mercantil de Madrid Tomo 11.273, libro 0, folio 55, secci\u00f3n 8\u00aa, hoja m-177220, fornisce la presente informativa sulla privacy per informare l'utente sulle nostre politiche e procedure per la raccolta, l'utilizzo e l'eliminazione dei dati personali ricevuti dall'utente. L'informativa sulla privacy pu\u00f2 essere aggiornata di tanto in tanto. Gli aggiornamenti saranno disponibili a questo link (<a href=\"http:\/\/www.weiderworld.es\/privacy\" target=\"_blank\" rel=\"noopener\">www.weiderworld.es\/privacy<\/a>) e si consiglia di verificare eventuali modifiche. Nell'ambito di questa politica, i termini di utilizzo e le procedure possono includere l'uso di cookie e possono essere soggetti a elaborazioni statistiche e analitiche, nonch\u00e9 all'uso di tali dati raccolti per la valutazione, l'utilizzo, la combinazione e il trasferimento alla nostra organizzazione, o alle filiali o alla societ\u00e0 madre in Spagna o a livello internazionale.<\/p><h2><strong>2. Chi \u00e8 responsabile del trattamento dei vostri dati personali?<\/strong><\/h2><p><strong>Weider Nutrition, S.L.<\/strong><br \/>CODICE FISCALE B81523888<\/p><p>39-41 Via Electr\u00f3nica<br \/>28923 Alcorc\u00f3n<br \/>Madrid (Spagna)<br \/>E-mail:\u00a0<a href=\"mailto:\">info@weider.es<\/a><\/p><h2><strong>3. Punto di contatto per la protezione dei dati<\/strong><\/h2><p>Abbiamo organizzato un punto di contatto per la protezione dei dati. Per qualsiasi domanda, richiesta o reclamo in merito all'applicazione della presente informativa sulla privacy o per esercitare i vostri diritti, potete contattarci attraverso due sistemi:<\/p><ul><li>Indirizzo: C\/ Electr\u00f3nica 39-41, 28923 Alcorc\u00f3n- Madrid (Spagna)<\/li><li>E-mail: info@weider.es<\/li><\/ul><h2><strong>4. Principi chiave<\/strong><\/h2><p>4.1.-Legalit\u00e0: raccogliamo i dati personali per finalit\u00e0 specifiche, esplicite e legittime, e non trattiamo dati incompatibili con tali finalit\u00e0.<\/p><p>4.2.- Minimizzazione dei dati<strong>:\u00a0<\/strong>limitiamo la raccolta dei dati personali a quelli strettamente necessari e rilevanti per le finalit\u00e0 dichiarate.<\/p><p>Limitazione delle finalit\u00e0: non trattiamo i vostri dati personali in modo incompatibile con le vostre finalit\u00e0.<\/p><p>4.4.- Accuratezza: i dati personali devono essere mantenuti accurati e aggiornati.<\/p><p>4.5. Sicurezza dei dati: Implementiamo misure tecniche e organizzative per garantire un livello di sicurezza adeguato in relazione ai rischi del trattamento e alla natura dei dati. L'obiettivo delle misure \u00e8 quello di prevenire qualsiasi divulgazione o accesso non autorizzato, distruzione accidentale o illegale, perdita o alterazione accidentale o trattamento illegale.<\/p><p>4.6.- Accesso e rettifica: l'utente ha il diritto di conoscere i dati trattati e di rettificarli se non sono corretti.<\/p><p>4.7.-Trasferimenti internazionali: i vostri dati personali possono essere trasferiti e conservati in computer situati al di fuori del nostro Stato. Garantiremo che tutti i dati personali trasferiti al di fuori dell'UE\/SEE siano adeguatamente protetti, in conformit\u00e0 con i protocolli e gli standard del settore.<\/p><p>4.8.- Terzi: l'accesso e il trasferimento dei dati personali a terzi avviene in conformit\u00e0 alla normativa GDPR e con adeguate garanzie contrattuali.<\/p><p>4.9. Marketing diretto e cookie: Garantiamo il rispetto della normativa vigente in materia di pubblicit\u00e0 e cookie.<\/p><h2><strong>5. Trattamento dei vostri dati personali Quali dati raccogliamo? E gli aspetti legali.<\/strong><\/h2><p><strong>Categoria di dati<\/strong>Dati di contatto (nome, indirizzo, indirizzo e-mail)<\/p><p><strong>Responsabile del file<\/strong>: Weider Nutrition, S.L.\u00a0<\/p><p><strong>Scopo<\/strong>Gestione dei rapporti commerciali e delle comunicazioni reciproche. Il trattamento dei vostri dati avviene per finalit\u00e0 esplicite e legittime, e noi non trattiamo i vostri dati in modo incompatibile con tali finalit\u00e0.<\/p><p><strong>Legittimazione<\/strong>Consenso, rapporti precontrattuali, contratti e interessi legittimi.<\/p><p><strong>Destinatario<\/strong>Non saranno trasferiti a terzi, se non quando richiesto dalla legge o da un obbligo amministrativo o quando necessario per fornire il servizio oggetto del nostro rapporto reciproco.<\/p><p>Ogni volta che richiediamo dati personali, vi informeremo chiaramente su quali dati raccogliamo e sulle finalit\u00e0 del trattamento (comunicazioni, newsletter elettroniche, promemoria, sondaggi, offerte, inviti a eventi).<\/p><p><strong>I dati personali possono essere trattati se:<\/strong><\/p><ul><li>Avete dato il vostro consenso ai fini del trattamento. Avete sempre il diritto di revocare il vostro consenso in qualsiasi momento.<\/li><li>Esecuzione di un contratto o di atti precontrattuali.<\/li><li>perseguire un interesse legittimo che non pregiudichi i loro diritti fondamentali.<\/li><li>\u00c8 richiesto dalla legge o dall'amministrazione della giustizia.<\/li><\/ul><h2><strong>6. Trasparenza. Accesso ai dati personali.<\/strong><\/h2><p><strong>Avete il diritto di accedere ai dati personali in nostro possesso.<\/strong><\/p><p>Potete esercitare i vostri diritti di accesso, rettifica, portabilit\u00e0, limitazione del trattamento, cancellazione e opposizione inviando una comunicazione al seguente indirizzo e-mail (info@weider.es) o per posta a\u00a0\u00a0<strong>Weider Nutrition, S.L.<\/strong><br \/>C\/Elettronica,39-41<br \/>28923-Alcorc\u00f3n<br \/>Madrid (Spagna)<\/p><p>In ogni caso, la comunicazione deve essere accompagnata da un documento valido e aggiornato che ne attesti l'identit\u00e0.<\/p><h2><strong>7. Durata del trattamento dei dati.<\/strong><\/h2><p>I dati personali forniti dall'utente saranno conservati in conformit\u00e0 alle disposizioni del Regolamento sulla protezione dei dati personali (GDPR). I dati personali saranno conservati per il tempo necessario a rispettare le disposizioni della normativa o per gli scopi specificati.<\/p><p>Per sapere per quanto tempo i vostri dati potranno essere conservati prima di essere cancellati, consultate il punto di contatto.<\/p><h2><strong>8. Sicurezza dei dati.<\/strong><\/h2><p>Implementiamo una serie di misure di sicurezza tecniche e organizzative per proteggere i vostri Dati personali da accessi o usi illegali o non autorizzati, perdite o danni accidentali. Le misure sono progettate in base alla nostra infrastruttura informatica, all'impatto potenziale sulla vostra privacy e ai costi, agli standard e alle pratiche.<\/p><h2><strong>9. Cookie e servizi simili.<\/strong><\/h2><p>Possiamo utilizzare i cookie per tracciare le tendenze, le preferenze e le abitudini degli utenti per comprendere meglio la nostra base di utenti e migliorare la qualit\u00e0 del nostro servizio.<\/p><h2><strong>10. Trasferimento al di fuori dell'UE\/SEE<\/strong><\/h2><p>I vostri dati possono essere trasferiti e conservati su apparecchiature situate al di fuori dell'UE\/SEE. Weider attuer\u00e0, o richieder\u00e0 all'incaricato del trattamento di attuare, misure specifiche appropriate per garantire un livello adeguato di protezione dei vostri dati personali.<\/p><h2><strong>11. Link ad altri siti web o comunit\u00e0 di utenti.<\/strong><\/h2><p>Il nostro sito web pu\u00f2 contenere link ad altri siti web.  Se decidete di collegarvi a una terza parte, dovete accettare l'informativa sulla privacy e le pratiche di tale terza parte. Noi non stipuliamo contratti con le politiche sulla privacy di terzi.<\/p>\t\t\t\t\t\t<\/div>\n\t\t\t\t<\/div>\n\t\t\t\t\t<\/div>\n\t\t<\/div>\n\t\t\t\t\t<\/div>\n\t\t<\/section>\n\t\t\t\t<\/div>","protected":false},"excerpt":{"rendered":"<p>Pol\u00edtica de Privacidad 1. Pol\u00edtica de Privacidad Weider Nutrition SL, con N\u00famero de Identificaci\u00f3n Fiscal B81523888 (Registro Mercantil de Madrid Tomo 11.273, libro 0, folio 55, secci\u00f3n 8\u00aa, hoja m-177220, [\u2026]<\/p>","protected":false},"author":24,"featured_media":0,"parent":0,"menu_order":0,"comment_status":"closed","ping_status":"closed","template":"","meta":{"inline_featured_image":false,"footnotes":""},"acf":[],"_links":{"self":[{"href":"https:\/\/weider.es\/it\/wp-json\/wp\/v2\/pages\/51396"}],"collection":[{"href":"https:\/\/weider.es\/it\/wp-json\/wp\/v2\/pages"}],"about":[{"href":"https:\/\/weider.es\/it\/wp-json\/wp\/v2\/types\/page"}],"author":[{"embeddable":true,"href":"https:\/\/weider.es\/it\/wp-json\/wp\/v2\/users\/24"}],"replies":[{"embeddable":true,"href":"https:\/\/weider.es\/it\/wp-json\/wp\/v2\/comments?post=51396"}],"version-history":[{"count":0,"href":"https:\/\/weider.es\/it\/wp-json\/wp\/v2\/pages\/51396\/revisions"}],"wp:attachment":[{"href":"https:\/\/weider.es\/it\/wp-json\/wp\/v2\/media?parent=51396"}],"curies":[{"name":"wp","href":"https:\/\/api.w.org\/{rel}","templated":true}]}}