{"id":51401,"date":"2024-04-19T08:57:13","date_gmt":"2024-04-19T06:57:13","guid":{"rendered":"https:\/\/weider.es\/?page_id=51401"},"modified":"2024-07-25T07:56:35","modified_gmt":"2024-07-25T05:56:35","slug":"politica-de-cookies","status":"publish","type":"page","link":"https:\/\/weider.es\/it\/politica-de-cookies\/","title":{"rendered":"Politica sui cookie"},"content":{"rendered":"<div data-elementor-type=\"wp-page\" data-elementor-id=\"51401\" class=\"elementor elementor-51401\">\n\t\t\t\t\t\t<section class=\"elementor-section elementor-top-section elementor-element elementor-element-2014b59 we-legales elementor-section-boxed elementor-section-height-default elementor-section-height-default\" data-id=\"2014b59\" data-element_type=\"section\">\n\t\t\t\t\t\t<div class=\"elementor-container elementor-column-gap-default\">\n\t\t\t\t\t<div class=\"elementor-column elementor-col-100 elementor-top-column elementor-element elementor-element-6d134ac\" data-id=\"6d134ac\" data-element_type=\"column\">\n\t\t\t<div class=\"elementor-widget-wrap elementor-element-populated\">\n\t\t\t\t\t\t<div class=\"elementor-element elementor-element-91d3f1b elementor-widget elementor-widget-heading\" data-id=\"91d3f1b\" data-element_type=\"widget\" data-widget_type=\"heading.default\">\n\t\t\t\t<div class=\"elementor-widget-container\">\n\t\t\t<style>\/*! elementor - v3.20.0 - 20-03-2024 *\/\n.elementor-heading-title{padding:0;margin:0;line-height:1}.elementor-widget-heading .elementor-heading-title[class*=elementor-size-]>a{color:inherit;font-size:inherit;line-height:inherit}.elementor-widget-heading .elementor-heading-title.elementor-size-small{font-size:15px}.elementor-widget-heading .elementor-heading-title.elementor-size-medium{font-size:19px}.elementor-widget-heading .elementor-heading-title.elementor-size-large{font-size:29px}.elementor-widget-heading .elementor-heading-title.elementor-size-xl{font-size:39px}.elementor-widget-heading .elementor-heading-title.elementor-size-xxl{font-size:59px}<\/style><h1 class=\"elementor-heading-title elementor-size-default\">Informativa sui cookie<\/h1>\t\t<\/div>\n\t\t\t\t<\/div>\n\t\t\t\t<div class=\"elementor-element elementor-element-3620ad9 elementor-widget elementor-widget-text-editor\" data-id=\"3620ad9\" data-element_type=\"widget\" data-widget_type=\"text-editor.default\">\n\t\t\t\t<div class=\"elementor-widget-container\">\n\t\t\t<style>\/*! elementor - v3.20.0 - 20-03-2024 *\/\n.elementor-widget-text-editor.elementor-drop-cap-view-stacked .elementor-drop-cap{background-color:#69727d;color:#fff}.elementor-widget-text-editor.elementor-drop-cap-view-framed .elementor-drop-cap{color:#69727d;border:3px solid;background-color:transparent}.elementor-widget-text-editor:not(.elementor-drop-cap-view-default) .elementor-drop-cap{margin-top:8px}.elementor-widget-text-editor:not(.elementor-drop-cap-view-default) .elementor-drop-cap-letter{width:1em;height:1em}.elementor-widget-text-editor .elementor-drop-cap{float:left;text-align:center;line-height:1;font-size:50px}.elementor-widget-text-editor .elementor-drop-cap-letter{display:inline-block}<\/style>\t\t\t\t<p>Alla pagina Politica sui cookie \u00e8 possibile consultare tutte le informazioni relative alla politica di raccolta e trattamento dei cookie.<br \/>Il Titolare ottiene e conserva solo le seguenti informazioni sui visitatori del Sito web:<br \/>- Il nome di dominio del provider (ISP) e\/o l'indirizzo IP che d\u00e0 accesso alla rete.<br \/>- La data e l'ora di accesso al sito web.<br \/>- L'indirizzo Internet di origine del link al sito web.<br \/>- Il numero di visitatori giornalieri di ciascuna sezione.<br \/>- Le informazioni ottenute sono completamente anonime, e in nessun caso possono essere associate a un Utente specifico e identificato.<\/p><h2><strong>Link utili ad altri siti web<\/strong><\/h2><p>Il Titolare pu\u00f2 fornire all'utente l'accesso a siti web di terzi tramite link al fine di informarlo dell'esistenza di altre fonti di informazione su Internet dove pu\u00f2 trovare ulteriori informazioni sui dati offerti sul sito web.<br \/>I link ad altri siti web non costituiscono in alcun modo un suggerimento o una raccomandazione a visitare i siti web di destinazione, che sfuggono al controllo del Titolare, il quale non \u00e8 responsabile del contenuto dei siti web collegati o del risultato ottenuto dall'utente seguendo i link.<br \/>Allo stesso modo, il Titolare non \u00e8 responsabile dei link o dei collegamenti presenti sui siti collegati ai quali fornisce accesso. La creazione del link non implica in alcun caso l'esistenza di una relazione tra il Titolare e il proprietario del sito in cui viene stabilito il link, n\u00e9 l'accettazione o l'approvazione da parte del Titolare dei suoi contenuti o servizi.<br \/>Se si accede a un sito web esterno da un link presente sul Sito, \u00e8 necessario leggere l'informativa sulla privacy dell'altro sito web, che pu\u00f2 differire da quella del presente Sito.<\/p><h2><strong>Propriet\u00e0 intellettuale e industriale<\/strong><\/h2><p>Tutti i diritti riservati.<br \/>L'accesso a questo sito web \u00e8 soggetto alle seguenti condizioni: la riproduzione, l'archiviazione permanente e la diffusione dei contenuti o qualsiasi altro utilizzo a fini pubblici o commerciali \u00e8 espressamente vietato senza il previo consenso scritto del proprietario.<\/p><h2><strong>Contatto<\/strong><\/h2><p>Se avete domande su questi Termini e Condizioni o desiderate fare commenti su questo sito web, inviate un'e-mail a info@cbdweed.es.<\/p><h2><strong>Limitazione di responsabilit\u00e0<\/strong><\/h2><p>Le informazioni e i servizi inclusi o disponibili attraverso questo sito web possono contenere imprecisioni o errori tipografici. L'albergatore incorpora periodicamente miglioramenti e\/o modifiche alle informazioni contenute e\/o ai servizi che possono essere introdotti in qualsiasi momento. L'albergatore non dichiara n\u00e9 garantisce che i servizi o i contenuti saranno ininterrotti o privi di errori, che i difetti saranno corretti, o che il servizio o il server che lo rende disponibile siano privi di virus o altri componenti dannosi, fermo restando che l'albergatore si adopera per<br \/>evitare tali incidenti. Titular declina ogni responsabilit\u00e0 in caso di interruzioni o malfunzionamenti dei Servizi o dei contenuti offerti su Internet, qualunque ne sia la causa. Allo stesso modo, il Titolare non \u00e8 responsabile per i guasti della rete, la perdita di attivit\u00e0 a causa di tali guasti, le sospensioni temporanee della fornitura di energia elettrica o qualsiasi altro tipo di danno indiretto che possa essere causato all'utente a causa di tali guasti, le sospensioni temporanee della fornitura di energia elettrica o qualsiasi altro tipo di danno indiretto che possa essere causato all'utente a causa di tali guasti.<br \/>causati da motivi che esulano dal controllo del Titolare. Prima di prendere decisioni e\/o azioni basate sulle informazioni contenute nel sito web, il Titolare consiglia di verificare e confrontare le informazioni ricevute con altre fonti.<\/p><h2><strong>Giurisdizione<\/strong><\/h2><p>Il presente Avviso legale \u00e8 interamente disciplinato dalla legge spagnola.<br \/>A condizione che non vi siano norme che impongano diversamente, per qualsiasi questione che possa sorgere in merito all'interpretazione, all'applicazione e all'adempimento del presente Avviso legale, nonch\u00e9 per qualsiasi reclamo che possa derivare dal suo utilizzo, le parti convengono di sottoporsi alle Corti e ai Tribunali della provincia di Madrid, rinunciando espressamente a qualsiasi altra giurisdizione che possa corrispondere loro.<\/p>\t\t\t\t\t\t<\/div>\n\t\t\t\t<\/div>\n\t\t\t\t<div class=\"elementor-element elementor-element-c2485cc elementor-widget elementor-widget-html\" data-id=\"c2485cc\" data-element_type=\"widget\" data-widget_type=\"html.default\">\n\t\t\t\t<div class=\"elementor-widget-container\">\n\t\t\t<div class=\"cky-audit-table-element\"><\/div>\n<a class=\"cky-banner-element\">Opzioni per i cookie<\/a>\n<p>\u00c8 possibile impostare i cookie facendo clic su&nbsp;<a class=\"cky-banner-element\">qui.<\/a><\/p>\t\t<\/div>\n\t\t\t\t<\/div>\n\t\t\t\t\t<\/div>\n\t\t<\/div>\n\t\t\t\t\t<\/div>\n\t\t<\/section>\n\t\t\t\t<\/div>","protected":false},"excerpt":{"rendered":"<p>Pol\u00edtica de Cookies En la p\u00e1gina Pol\u00edtica de Cookies puede consultar toda la informaci\u00f3n relativa a la pol\u00edtica de recogida y tratamiento de las cookies.El Titular s\u00f3lo obtiene y conserva [\u2026]<\/p>","protected":false},"author":24,"featured_media":0,"parent":0,"menu_order":0,"comment_status":"closed","ping_status":"closed","template":"","meta":{"inline_featured_image":false,"footnotes":""},"acf":[],"_links":{"self":[{"href":"https:\/\/weider.es\/it\/wp-json\/wp\/v2\/pages\/51401"}],"collection":[{"href":"https:\/\/weider.es\/it\/wp-json\/wp\/v2\/pages"}],"about":[{"href":"https:\/\/weider.es\/it\/wp-json\/wp\/v2\/types\/page"}],"author":[{"embeddable":true,"href":"https:\/\/weider.es\/it\/wp-json\/wp\/v2\/users\/24"}],"replies":[{"embeddable":true,"href":"https:\/\/weider.es\/it\/wp-json\/wp\/v2\/comments?post=51401"}],"version-history":[{"count":0,"href":"https:\/\/weider.es\/it\/wp-json\/wp\/v2\/pages\/51401\/revisions"}],"wp:attachment":[{"href":"https:\/\/weider.es\/it\/wp-json\/wp\/v2\/media?parent=51401"}],"curies":[{"name":"wp","href":"https:\/\/api.w.org\/{rel}","templated":true}]}}