{"id":53804,"date":"2024-07-30T09:52:52","date_gmt":"2024-07-30T07:52:52","guid":{"rendered":"https:\/\/weider.es\/product\/premium-eaa-zero\/"},"modified":"2024-10-17T10:26:59","modified_gmt":"2024-10-17T08:26:59","slug":"premium-eaa-zero","status":"publish","type":"product","link":"https:\/\/weider.es\/it\/prodotto\/premium-eaa-zero\/","title":{"rendered":"Premium EAA Zero"},"content":{"rendered":"<p>Premium EAA Zero ofrece todos los amino\u00e1cidos esenciales, incluidos los amino\u00e1cidos ramificados (BCAA\u2019s), en las proporciones \u00f3ptimas para estimular la s\u00edntesis proteica y favorecer una adecuada recuperaci\u00f3n despu\u00e9s del entrenamiento.<\/p>\n<p>Questi aminoacidi sono essenziali perch\u00e9 l'organismo non \u00e8 in grado di produrli da solo e devono essere assunti con la dieta.<\/p>\n<p>Weider ha creato questa formula premium senza ingredienti di riempimento, utilizzando aminoacidi di origine vegana, senza coloranti artificiali e senza zuccheri aggiunti, rendendola ideale per la protezione muscolare pre-allenamento, per il recupero post-allenamento o per coloro che sono preoccupati per l'assunzione di zuccheri e che vogliono controllare attentamente i nutrienti nella loro dieta.<\/p>\n<p>Disponibile nei gusti tropicale e Pink Limonade, Premium EAA Zero offre un'esperienza deliziosa pur rimanendo altamente efficace.<\/p>\n<p>Le caratteristiche principali sono: assenza di zuccheri, 10.195 mg di aminoacidi essenziali per porzione, 6.282 mg di aminoacidi a catena ramificata per porzione, fonte di aminoacidi vegana e assenza di coloranti artificiali o ingredienti riempitivi.<\/p>","protected":false},"excerpt":{"rendered":"<p>10.195 mg di aminoacidi essenziali per dose<br \/>\nGUSTO: Tropicale e limonata rosa<br \/>\nMODO D'USO: mescolare 13 g di polvere (1 misurino) in 500 ml di acqua.<br \/>\nPRESENTAZIONE: barattolo da 325 g<br \/>\nZERO zucchero<br \/>\nCompletamente privo di ingredienti di riempimento<\/p>","protected":false},"featured_media":54190,"template":"","meta":{"inline_featured_image":false},"product_cat":[4777],"product_tag":[],"acf":[],"_links":{"self":[{"href":"https:\/\/weider.es\/it\/wp-json\/wp\/v2\/product\/53804"}],"collection":[{"href":"https:\/\/weider.es\/it\/wp-json\/wp\/v2\/product"}],"about":[{"href":"https:\/\/weider.es\/it\/wp-json\/wp\/v2\/types\/product"}],"wp:featuredmedia":[{"embeddable":true,"href":"https:\/\/weider.es\/it\/wp-json\/wp\/v2\/media\/54190"}],"wp:attachment":[{"href":"https:\/\/weider.es\/it\/wp-json\/wp\/v2\/media?parent=53804"}],"wp:term":[{"taxonomy":"product_cat","embeddable":true,"href":"https:\/\/weider.es\/it\/wp-json\/wp\/v2\/product_cat?post=53804"},{"taxonomy":"product_tag","embeddable":true,"href":"https:\/\/weider.es\/it\/wp-json\/wp\/v2\/product_tag?post=53804"}],"curies":[{"name":"wp","href":"https:\/\/api.w.org\/{rel}","templated":true}]}}