{"id":53899,"date":"2024-07-30T09:57:46","date_gmt":"2024-07-30T07:57:46","guid":{"rendered":"https:\/\/weider.es\/product\/protein-cookies\/"},"modified":"2024-11-11T10:52:10","modified_gmt":"2024-11-11T09:52:10","slug":"protein-cookies","status":"publish","type":"product","link":"https:\/\/weider.es\/it\/prodotto\/protein-cookies\/","title":{"rendered":"Biscotti proteici"},"content":{"rendered":"<p>Il biscotto proteico Weider \u00e8 molto pi\u00f9 di un delizioso spuntino: \u00e8 anche un'eccellente fonte di proteine vegetali.<\/p>\n<p>Ricco di nutrienti, carboidrati e proteine, questo biscotto contribuisce alla crescita e alla riparazione della massa muscolare. Per raggiungere uno stato anabolico ottimale, \u00e8 fondamentale seguire una dieta ad alto contenuto energetico e proteico. Tuttavia, ottenere la quantit\u00e0 necessaria di energia e nutrienti da fonti sane pu\u00f2 talvolta essere difficile.<\/p>\n<p>Il corpo ha bisogno di recuperare dopo l'esercizio fisico e il biscotto proteico Weider fornisce nutrienti e proteine essenziali per la crescita e la riparazione muscolare.<\/p>\n<p>Con fino a 22 grammi di proteine vegetali 100% e 445 kcal per biscotto, \u00e8 ideale per gli atleti che necessitano di un'elevata quantit\u00e0 di energia, ad esempio durante i periodi di volume o negli sport ad alto dispendio energetico, come gli sport di montagna o di resistenza.<\/p>\n<p>Inoltre, Protein Cookie \u00e8 adatto ai vegani e non contiene prodotti a base di latte o uova. Non contiene inoltre organismi geneticamente modificati n\u00e9 dolcificanti aggiunti.<\/p>\n<p>Grazie alla pratica confezione monodose, potete portarlo con voi e gustarlo sempre e ovunque. Portatelo sempre con voi nello zaino per evitare la tentazione di mangiare cibi poco sani.<\/p>\n<p>Una volta provata, non potrete fare a meno di mangiarla ancora e ancora!<\/p>","protected":false},"excerpt":{"rendered":"<p>Energia e proteine da portare con s\u00e9 - 100% Vegan - Senza olio di palma e dolcificanti<\/p>","protected":false},"featured_media":54241,"template":"","meta":{"inline_featured_image":false},"product_cat":[4779,4842,4781],"product_tag":[],"acf":[],"_links":{"self":[{"href":"https:\/\/weider.es\/it\/wp-json\/wp\/v2\/product\/53899"}],"collection":[{"href":"https:\/\/weider.es\/it\/wp-json\/wp\/v2\/product"}],"about":[{"href":"https:\/\/weider.es\/it\/wp-json\/wp\/v2\/types\/product"}],"wp:featuredmedia":[{"embeddable":true,"href":"https:\/\/weider.es\/it\/wp-json\/wp\/v2\/media\/54241"}],"wp:attachment":[{"href":"https:\/\/weider.es\/it\/wp-json\/wp\/v2\/media?parent=53899"}],"wp:term":[{"taxonomy":"product_cat","embeddable":true,"href":"https:\/\/weider.es\/it\/wp-json\/wp\/v2\/product_cat?post=53899"},{"taxonomy":"product_tag","embeddable":true,"href":"https:\/\/weider.es\/it\/wp-json\/wp\/v2\/product_tag?post=53899"}],"curies":[{"name":"wp","href":"https:\/\/api.w.org\/{rel}","templated":true}]}}