{"id":53951,"date":"2024-07-30T10:03:40","date_gmt":"2024-07-30T08:03:40","guid":{"rendered":"https:\/\/weider.es\/product\/natures-energy-bar\/"},"modified":"2025-01-13T10:18:07","modified_gmt":"2025-01-13T09:18:07","slug":"natures-energy-bar","status":"publish","type":"product","link":"https:\/\/weider.es\/it\/prodotto\/natures-energy-bar\/","title":{"rendered":"Barretta energetica Nature's"},"content":{"rendered":"<p>Deliziosa barretta realizzata con 33% di avena e 41% di frutta, dal gusto imbattibile.<\/p>\n<p>Sviluppato per garantire un apporto energetico di lunga durata, con oltre 64 % di carboidrati, combinati per prevenire l'affaticamento durante l'allenamento e la competizione.<\/p>\n<p>- I suoi 60 g rendono questa barretta il formato ideale da portare con s\u00e9 ovunque si vada. \u00c8 inoltre altamente digeribile e, non contenendo cioccolato, non si scioglie n\u00e9 si rovina con il calore.<\/p>\n<p>- Lo trovate in due gusti: mela e fragola - scegliete voi!<\/p>\n<p>- Contenuto di grassi di origine vegetale con meno di 0,21 TTP3T di grassi saturi trans.<\/p>","protected":false},"excerpt":{"rendered":"<p>Formula migliorata!<br \/>\nBarretta energetica con 43% di frutta e 64% di carboidrati<br \/>\nSenza olio di palma<\/p>","protected":false},"featured_media":55530,"template":"","meta":{"inline_featured_image":false},"product_cat":[4779],"product_tag":[],"acf":[],"_links":{"self":[{"href":"https:\/\/weider.es\/it\/wp-json\/wp\/v2\/product\/53951"}],"collection":[{"href":"https:\/\/weider.es\/it\/wp-json\/wp\/v2\/product"}],"about":[{"href":"https:\/\/weider.es\/it\/wp-json\/wp\/v2\/types\/product"}],"wp:featuredmedia":[{"embeddable":true,"href":"https:\/\/weider.es\/it\/wp-json\/wp\/v2\/media\/55530"}],"wp:attachment":[{"href":"https:\/\/weider.es\/it\/wp-json\/wp\/v2\/media?parent=53951"}],"wp:term":[{"taxonomy":"product_cat","embeddable":true,"href":"https:\/\/weider.es\/it\/wp-json\/wp\/v2\/product_cat?post=53951"},{"taxonomy":"product_tag","embeddable":true,"href":"https:\/\/weider.es\/it\/wp-json\/wp\/v2\/product_tag?post=53951"}],"curies":[{"name":"wp","href":"https:\/\/api.w.org\/{rel}","templated":true}]}}