{"id":53977,"date":"2024-07-30T10:03:40","date_gmt":"2024-07-30T08:03:40","guid":{"rendered":"https:\/\/weider.es\/product\/energy-jelly-bar\/"},"modified":"2024-10-17T10:27:41","modified_gmt":"2024-10-17T08:27:41","slug":"energy-jelly-bar","status":"publish","type":"product","link":"https:\/\/weider.es\/it\/prodotto\/energy-jelly-bar-2\/","title":{"rendered":"Barretta di gelatina energetica"},"content":{"rendered":"<p>La barretta Victory Endurance Energy Jelly \u00e8 studiata per fornire energia durante gli allenamenti con una facile digestione e assimilazione, grazie alla sua piacevole consistenza gelatinosa.<\/p>\n<p>Questa barretta contiene carboidrati a rapida assimilazione, polpa di frutta, aminoacidi, vitamine, elettroliti e succo di barbabietola, ricco di nitrati che favoriscono la vasodilatazione.<\/p>\n<p>Si distingue per la sua consistenza gelatinosa, realizzata con polpa di mela, che lo rende morbido e molto facile da ingerire. Ci\u00f2 la rende facile da ingerire durante l'allenamento, poich\u00e9 non \u00e8 necessario masticare troppo. Inoltre, questa barretta apre nuove possibilit\u00e0 di ottenere energia durante l'esercizio fisico, rappresentando un'alternativa ideale ai gel energetici.<\/p>\n<p>Cosa ci fornisce ogni bar?<\/p>\n<p>Carboidrati a rapida assimilazione: per nutrire le cellule muscolari e ottimizzare le prestazioni durante l'esercizio.<\/p>\n<p>Cloro, potassio e sodio: per reintegrare le perdite di elettroliti, mantenere l'equilibrio idrico e prevenire la disidratazione.<\/p>\n<p>Vitamine B1 e B6: per favorire il normale metabolismo energetico e ridurre la stanchezza.<\/p>\n<p>Aminoacidi: comprende aminoacidi a catena ramificata (BCAA), L-arginina e taurina.<\/p>\n<p>A basso contenuto di grassi e fibre: facilita la digestione durante l'esercizio.<\/p>\n<p>Inoltre, \u00e8 possibile scegliere tra l'opzione senza caffeina, che include succo di barbabietola naturalmente ricco di nitrati per migliorare l'ossigenazione e le prestazioni, e l'opzione con caffeina, che include caffeina e guaran\u00e0 per migliorare le prestazioni a breve e lungo termine.<\/p>\n<p>La barretta Energy Jelly \u00e8 leggera, comoda e concentrata con gli ingredienti necessari per prevenire l'affaticamento durante l'esercizio fisico e ottenere buoni risultati.<\/p>","protected":false},"excerpt":{"rendered":"<p>Barrette energetiche con frutta<br \/>\nArricchito con aminoacidi, vitamine e succo di barbabietola<br \/>\nConsistenza gommosa<\/p>","protected":false},"featured_media":54866,"template":"","meta":{"inline_featured_image":false},"product_cat":[4782,4783],"product_tag":[],"acf":[],"_links":{"self":[{"href":"https:\/\/weider.es\/it\/wp-json\/wp\/v2\/product\/53977"}],"collection":[{"href":"https:\/\/weider.es\/it\/wp-json\/wp\/v2\/product"}],"about":[{"href":"https:\/\/weider.es\/it\/wp-json\/wp\/v2\/types\/product"}],"wp:featuredmedia":[{"embeddable":true,"href":"https:\/\/weider.es\/it\/wp-json\/wp\/v2\/media\/54866"}],"wp:attachment":[{"href":"https:\/\/weider.es\/it\/wp-json\/wp\/v2\/media?parent=53977"}],"wp:term":[{"taxonomy":"product_cat","embeddable":true,"href":"https:\/\/weider.es\/it\/wp-json\/wp\/v2\/product_cat?post=53977"},{"taxonomy":"product_tag","embeddable":true,"href":"https:\/\/weider.es\/it\/wp-json\/wp\/v2\/product_tag?post=53977"}],"curies":[{"name":"wp","href":"https:\/\/api.w.org\/{rel}","templated":true}]}}