{"id":54032,"date":"2024-07-30T10:06:35","date_gmt":"2024-07-30T08:06:35","guid":{"rendered":"https:\/\/weider.es\/product\/gold-whey\/"},"modified":"2024-10-17T10:27:52","modified_gmt":"2024-10-17T08:27:52","slug":"gold-whey","status":"publish","type":"product","link":"https:\/\/weider.es\/it\/prodotto\/gold-whey\/","title":{"rendered":"Siero di latte d'oro"},"content":{"rendered":"<p>Gold Whey di Weider \u00e8 una proteina ottenuta attraverso un processo di ultrafiltrazione, che ne garantisce la massima qualit\u00e0 e una facile digestione. \u00c8 la scelta ideale per chi vuole costruire massa muscolare, tonificare o definire, poich\u00e9 fornisce 77% di proteine di alta qualit\u00e0 ed \u00e8 privo di aspartame.<\/p>\n<p>Questa proteina si distingue per l'eccezionale contenuto di BCAA (aminoacidi essenziali per lo sviluppo e il recupero muscolare), con 23 g per 100 g di proteine. Grazie alla sua facile digestione, gli aminoacidi arrivano rapidamente al muscolo per avviare il recupero in modo efficace.<\/p>\n<p>Il processo di ultrafiltrazione preserva l'integrit\u00e0 della proteina, mantenendone l'aminogramma ricco di BCAA e di peptidi bioattivi delle proteine del latte, a ulteriore beneficio dei muscoli.<\/p>\n<p>Inoltre, Weider Gold Whey offre un'ampia gamma di sapori con una consistenza e un gusto eccezionali, che garantiscono un'esperienza alimentare piacevole.<\/p>","protected":false},"excerpt":{"rendered":"<p>Ottenuto mediante processi di ultrafiltrazione.<br \/>\nIdeale per le fasi di volume, mantenimento o definizione muscolare.<br \/>\nFacilmente assorbibile, a basso contenuto di grassi e zuccheri<\/p>","protected":false},"featured_media":54321,"template":"","meta":{"inline_featured_image":false},"product_cat":[4764],"product_tag":[],"acf":[],"_links":{"self":[{"href":"https:\/\/weider.es\/it\/wp-json\/wp\/v2\/product\/54032"}],"collection":[{"href":"https:\/\/weider.es\/it\/wp-json\/wp\/v2\/product"}],"about":[{"href":"https:\/\/weider.es\/it\/wp-json\/wp\/v2\/types\/product"}],"wp:featuredmedia":[{"embeddable":true,"href":"https:\/\/weider.es\/it\/wp-json\/wp\/v2\/media\/54321"}],"wp:attachment":[{"href":"https:\/\/weider.es\/it\/wp-json\/wp\/v2\/media?parent=54032"}],"wp:term":[{"taxonomy":"product_cat","embeddable":true,"href":"https:\/\/weider.es\/it\/wp-json\/wp\/v2\/product_cat?post=54032"},{"taxonomy":"product_tag","embeddable":true,"href":"https:\/\/weider.es\/it\/wp-json\/wp\/v2\/product_tag?post=54032"}],"curies":[{"name":"wp","href":"https:\/\/api.w.org\/{rel}","templated":true}]}}