{"id":54042,"date":"2024-07-30T10:06:35","date_gmt":"2024-07-30T08:06:35","guid":{"rendered":"https:\/\/weider.es\/product\/premium-whey\/"},"modified":"2024-10-17T10:27:52","modified_gmt":"2024-10-17T08:27:52","slug":"premium-whey","status":"publish","type":"product","link":"https:\/\/weider.es\/it\/prodotto\/siero-di-latte-premium\/","title":{"rendered":"Siero di latte premium"},"content":{"rendered":"<p>Premium Whey di Weider \u00e8 una proteina di alta qualit\u00e0 prodotta con proteine del siero del latte concentrate e proteine del siero del latte isolate ottenute attraverso il processo CFM (Cross Flow Microfiltration), che garantisce un elevato valore biologico e un contenuto eccezionale di aminoacidi a catena ramificata (BCAA).<\/p>\n<p>Questa proteina \u00e8 ulteriormente arricchita con peptidi di L-Glutammina, che forniscono altri 2 grammi per porzione. Questo favorisce un rapido recupero e sviluppo muscolare stimolando la sintesi proteica.<\/p>\n<p>Oltre alle sue qualit\u00e0 nutrizionali, Weider Premium Whey offre una variet\u00e0 di gusti irresistibili che lo rendono interessante per i consumatori.<\/p>\n<p>Considerando il fabbisogno proteico giornaliero degli atleti, che varia a seconda dell'attivit\u00e0 svolta, Premium Whey \u00e8 consigliato come integratore ricco di proteine da consumare una o due volte al giorno. \u00c8 particolarmente utile per gli atleti di resistenza, di forza e per coloro che cercano di mantenere un'alimentazione equilibrata e sana.<\/p>","protected":false},"excerpt":{"rendered":"<p>La proteina del siero del latte pi\u00f9 completa sul mercato.<br \/>\nGusto delizioso e dissoluzione perfetta.<br \/>\nCon aggiunta di L-Glutammina.<\/p>","protected":false},"featured_media":54327,"template":"","meta":{"inline_featured_image":false},"product_cat":[4764],"product_tag":[],"acf":[],"_links":{"self":[{"href":"https:\/\/weider.es\/it\/wp-json\/wp\/v2\/product\/54042"}],"collection":[{"href":"https:\/\/weider.es\/it\/wp-json\/wp\/v2\/product"}],"about":[{"href":"https:\/\/weider.es\/it\/wp-json\/wp\/v2\/types\/product"}],"wp:featuredmedia":[{"embeddable":true,"href":"https:\/\/weider.es\/it\/wp-json\/wp\/v2\/media\/54327"}],"wp:attachment":[{"href":"https:\/\/weider.es\/it\/wp-json\/wp\/v2\/media?parent=54042"}],"wp:term":[{"taxonomy":"product_cat","embeddable":true,"href":"https:\/\/weider.es\/it\/wp-json\/wp\/v2\/product_cat?post=54042"},{"taxonomy":"product_tag","embeddable":true,"href":"https:\/\/weider.es\/it\/wp-json\/wp\/v2\/product_tag?post=54042"}],"curies":[{"name":"wp","href":"https:\/\/api.w.org\/{rel}","templated":true}]}}