{"id":54101,"date":"2024-07-30T13:18:52","date_gmt":"2024-07-30T11:18:52","guid":{"rendered":"https:\/\/weider.es\/product\/energy-up-gel\/"},"modified":"2025-04-01T10:30:57","modified_gmt":"2025-04-01T08:30:57","slug":"energy-up-gel","status":"publish","type":"product","link":"https:\/\/weider.es\/it\/prodotto\/energy-up-gel\/","title":{"rendered":"Gel Energy Up"},"content":{"rendered":"<p>Energy Up! Gel \u00e8 un concentrato di carboidrati che fornisce energia supplementare durante i picchi di prestazioni elevate. Assorbimento rapido grazie alla combinazione di destrosio, fruttosio e saccarosio.<br \/>\nGrazie alla sua consistenza, il gel liquido \u00e8 facilmente assimilabile, soprattutto durante l'esercizio fisico, ed \u00e8 ideale da assumere quando \u00e8 necessario un surplus di energia.<br \/>\nCOMPOSIZIONE:<br \/>\n- Una miscela di carboidrati semplici: destrosio, fruttosio e saccarosio, con un rapporto 2:1:1. Questi componenti vengono assorbiti rapidamente e forniscono energia immediata quando ne avete pi\u00f9 bisogno, rendendo Energy Up! ideale per una carica extra di energia.<br \/>\n- Sodio extra: 100 mg per 40 g, che permette di recuperare parte del sodio (come elettrolita essenziale) perso con il sudore durante l'esercizio. Stimolando il consumo di acqua, si ottiene un aumento dell'idratazione, migliorando le prestazioni. Si raccomanda pertanto di consumare acqua insieme a Energy Up! Gel.<\/p>","protected":false},"excerpt":{"rendered":"<p>Energia immediata.<\/p>\n<p>Carboidrati a rapida assimilazione.<\/p>\n<p>Con sodio extra.<\/p>","protected":false},"featured_media":55691,"template":"","meta":{"inline_featured_image":false},"product_cat":[4782],"product_tag":[],"acf":[],"_links":{"self":[{"href":"https:\/\/weider.es\/it\/wp-json\/wp\/v2\/product\/54101"}],"collection":[{"href":"https:\/\/weider.es\/it\/wp-json\/wp\/v2\/product"}],"about":[{"href":"https:\/\/weider.es\/it\/wp-json\/wp\/v2\/types\/product"}],"wp:featuredmedia":[{"embeddable":true,"href":"https:\/\/weider.es\/it\/wp-json\/wp\/v2\/media\/55691"}],"wp:attachment":[{"href":"https:\/\/weider.es\/it\/wp-json\/wp\/v2\/media?parent=54101"}],"wp:term":[{"taxonomy":"product_cat","embeddable":true,"href":"https:\/\/weider.es\/it\/wp-json\/wp\/v2\/product_cat?post=54101"},{"taxonomy":"product_tag","embeddable":true,"href":"https:\/\/weider.es\/it\/wp-json\/wp\/v2\/product_tag?post=54101"}],"curies":[{"name":"wp","href":"https:\/\/api.w.org\/{rel}","templated":true}]}}