{"id":54127,"date":"2024-07-30T10:10:56","date_gmt":"2024-07-30T08:10:56","guid":{"rendered":"https:\/\/weider.es\/product\/iso-energy\/"},"modified":"2024-10-17T10:28:52","modified_gmt":"2024-10-17T08:28:52","slug":"iso-energy","status":"publish","type":"product","link":"https:\/\/weider.es\/it\/prodotto\/energia-iso\/","title":{"rendered":"Iso Energy"},"content":{"rendered":"<p>Una formula rivoluzionaria che unisce carboidrati semplici e<br \/>\ncomplessi, aminoacidi, antiossidanti ed elettroliti. In particolare<br \/>\nprogettato per reidratare, ottimizzare e aumentare la resilienza<br \/>\ndurante l'addestramento.<br \/>\nSe praticate sport di resistenza, ISO-ENERGY \u00e8 la scelta giusta per voi.<br \/>\nil vostro prodotto.<br \/>\n- Carbo Optimum Complex: matrice di carboidrati complessi<br \/>\ne carboidrati complessi che migliorano l'assorbimento e la<br \/>\nl'utilizzo dell'energia da parte delle cellule e la fornitura dell'energia<br \/>\nidratazione rapida.<br \/>\n- L-Glutammina: \u00e8 un amminoacido essenziale per la<br \/>\nriparazione e recupero del tessuto muscolare. Inoltre<br \/>\nmigliora la funzione del sistema immunitario e diminuisce la \"sindrome del sistema immunitario\".<br \/>\nsindrome da sovrallenamento (OTS)<br \/>\n- Elettroliti: Durante l'esercizio fisico prolungato si verifica un aumento di<br \/>\nnella perdita di elettroliti attraverso il sudore e l'urina. Il<br \/>\nI pi\u00f9 rilevanti sono:<br \/>\n\u2013 Calcio: Tiene un papel fundamental en la contracci\u00f3n y<br \/>\nrilassamento muscolare, conduzione nervosa, secrezione nervosa, rilassamento muscolare, conduzione nervosa, nervo<br \/>\normoni, tra gli altri.<br \/>\n\u2013 Potasio: Importante en el transporte de glucosa a la<br \/>\ncellula muscolare.<br \/>\n\u2013 Magnesio: Forma parte de m\u00e1s de 300 enzimas, esta<br \/>\nlegati alla trasmissione dell'impulso nervoso,<br \/>\ncontrazione muscolare e produzione di ATP (molecola di ATP).<br \/>\nenergia).<br \/>\n\u2013 Sodio y Cloro: Son fundamentales para la correcta<br \/>\nregolazione del bilancio idrico.<br \/>\n- Vitamina C: svolge un ruolo importante negli sport di resistenza.<br \/>\nruolo grazie alla sua capacit\u00e0 antiossidante, all'eliminazione della<br \/>\nradicali liberi, nonch\u00e9 un regolatore della sintesi del collagene.<br \/>\ne protezione del sistema immunitario.<\/p>","protected":false},"excerpt":{"rendered":"<p>Formula avanzata per aumentare la resistenza<br \/>\ndurante l'esercitazione<br \/>\n\u2013 R\u00e1pida energ\u00eda e hidrataci\u00f3n<\/p>","protected":false},"featured_media":54372,"template":"","meta":{"inline_featured_image":false},"product_cat":[4782],"product_tag":[],"acf":[],"_links":{"self":[{"href":"https:\/\/weider.es\/it\/wp-json\/wp\/v2\/product\/54127"}],"collection":[{"href":"https:\/\/weider.es\/it\/wp-json\/wp\/v2\/product"}],"about":[{"href":"https:\/\/weider.es\/it\/wp-json\/wp\/v2\/types\/product"}],"wp:featuredmedia":[{"embeddable":true,"href":"https:\/\/weider.es\/it\/wp-json\/wp\/v2\/media\/54372"}],"wp:attachment":[{"href":"https:\/\/weider.es\/it\/wp-json\/wp\/v2\/media?parent=54127"}],"wp:term":[{"taxonomy":"product_cat","embeddable":true,"href":"https:\/\/weider.es\/it\/wp-json\/wp\/v2\/product_cat?post=54127"},{"taxonomy":"product_tag","embeddable":true,"href":"https:\/\/weider.es\/it\/wp-json\/wp\/v2\/product_tag?post=54127"}],"curies":[{"name":"wp","href":"https:\/\/api.w.org\/{rel}","templated":true}]}}