{"id":54384,"date":"2024-07-30T10:18:58","date_gmt":"2024-07-30T08:18:58","guid":{"rendered":"https:\/\/weider.es\/product\/premium-purecreatine-creapure\/"},"modified":"2025-05-23T10:53:45","modified_gmt":"2025-05-23T08:53:45","slug":"creatina-creapure-premium","status":"publish","type":"product","link":"https:\/\/weider.es\/it\/prodotto\/creapure-di-creatina-pura-premium\/","title":{"rendered":"Creatina Creapure Premium"},"content":{"rendered":"<p>Il <a href=\"https:\/\/weider.es\/it\/creatinas\/\">creatina<\/a> (C) \u00e8 un integratore molto diffuso tra gli sportivi. Molti studi hanno dimostrato il suo effetto ergogenico, aumentando le riserve di fosfocreatina (PC) nei muscoli e quindi l'ATP.<\/p>\n<p>Creapure\u00ae \u00e8 il marchio di creatina monoidrato pura. <a href=\"https:\/\/weider.es\/it\/sigilli-di-qualita\/\">Creapure<\/a> \u00e8 la forma di creatina pi\u00f9 studiata e dimostrata al mondo, sicura ed efficace, potete essere certi di utilizzare uno dei prodotti migliori e pi\u00f9 affidabili sul mercato.<\/p>\n<p>PC + ADP \u21d4 C + ATP<\/p>\n<p>Todo esto se traduce en que la creatina Creapure\u00ae mejora el rendimiento f\u00edsico en series sucesivas de ejercicios breves de alta intensidad, lo que permite aumentar la intensidad de los entrenamientos para superarte d\u00eda tras d\u00eda.<\/p>\n<p>Per aiutarvi a ottenere i migliori risultati, WEIDER ha formulato Premium Creatine con la creatina pi\u00f9 pura del mercato (100% Creapure\u00ae).<\/p>\n<p>Con Creatine Creapure Premium potrete affrontare i vostri allenamenti quotidiani con la massima forza possibile.<\/p>\n<p>Disponibile in polvere da mescolare al frullato.<\/p>","protected":false},"excerpt":{"rendered":"<p>Forza e congestione muscolare in un unico prodotto.<br \/>\nCreatina Creapure\u00ae 100% .<br \/>\nCreatina monoidrato.<br \/>\nMigliora le prestazioni fisiche.<\/p>","protected":false},"featured_media":54624,"template":"","meta":{"inline_featured_image":false},"product_cat":[4851,4775,4801],"product_tag":[],"acf":[],"_links":{"self":[{"href":"https:\/\/weider.es\/it\/wp-json\/wp\/v2\/product\/54384"}],"collection":[{"href":"https:\/\/weider.es\/it\/wp-json\/wp\/v2\/product"}],"about":[{"href":"https:\/\/weider.es\/it\/wp-json\/wp\/v2\/types\/product"}],"wp:featuredmedia":[{"embeddable":true,"href":"https:\/\/weider.es\/it\/wp-json\/wp\/v2\/media\/54624"}],"wp:attachment":[{"href":"https:\/\/weider.es\/it\/wp-json\/wp\/v2\/media?parent=54384"}],"wp:term":[{"taxonomy":"product_cat","embeddable":true,"href":"https:\/\/weider.es\/it\/wp-json\/wp\/v2\/product_cat?post=54384"},{"taxonomy":"product_tag","embeddable":true,"href":"https:\/\/weider.es\/it\/wp-json\/wp\/v2\/product_tag?post=54384"}],"curies":[{"name":"wp","href":"https:\/\/api.w.org\/{rel}","templated":true}]}}