{"id":54385,"date":"2024-07-30T12:40:09","date_gmt":"2024-07-30T10:40:09","guid":{"rendered":"https:\/\/weider.es\/product\/creatine-200-mesh-astragin-neutra\/"},"modified":"2026-02-06T10:50:28","modified_gmt":"2026-02-06T09:50:28","slug":"creatina-micronizada","status":"publish","type":"product","link":"https:\/\/weider.es\/it\/prodotto\/creatine-200-mesh-astragin-neutra\/","title":{"rendered":"Creatina micronizzata"},"content":{"rendered":"<p>- Creatina micronizzata 200 MESH.<\/p>\n<p>- Con AstraGin\u00ae.<\/p>\n<p>- Eccellente assorbimento nell'organismo.<\/p>\n<p>La creatina (C) \u00e8 un integratore molto diffuso tra gli atleti. Molti studi hanno dimostrato il suo effetto ergogenico, aumentando le riserve di fosfocreatina (PC) a livello muscolare e quindi l'ATP.<\/p>\n<p>L'ATP \u00e8 la molecola energetica che il muscolo utilizza durante gli sforzi ad alta intensit\u00e0 e di breve durata, quindi l'integrazione con creatina (C) aumenta l'apporto energetico ai muscoli, oltre a facilitare la risintesi della fosfocreatina (PC).<\/p>\n<p>Tutto questo si traduce in una maggiore forza e in una migliore capacit\u00e0 di recupero tra le serie, consentendo di aumentare l'intensit\u00e0 degli allenamenti per migliorare le prestazioni giorno dopo giorno.<\/p>\n<p>Per aiutarvi a raggiungere i migliori risultati, Weider ha formulato una creatina micronizzata, a 200 mesh. Ci\u00f2 si riferisce alla buona solubilit\u00e0 in acqua e quindi a un migliore assorbimento nell'organismo grazie alle dimensioni delle particelle.<\/p>\n<p>En Weider siempre queremos seguir innovando, y por eso hemos a\u00f1adido una variedad de sabores, un sabor incre\u00edblemente bueno, blueraspberry. Cuando lo pruebes, no dejar\u00e1 indiferente a nadie.<\/p>\n<p>Per ottenere una formula completa, abbiamo aggiunto AstraGin\u00ae, un composto vegetale brevettato 100% che aumenta l'assorbimento di molti nutrienti vitali promuovendo un ambiente intestinale sano. Numerosi studi ne supportano l'efficacia. Nello specifico di questo prodotto, aumenta l'assorbimento di aminoacidi come la creatina di 33%.<\/p>","protected":false},"excerpt":{"rendered":"<p>- Creatina micronizzata 200 MESH.<\/p>\n<p>- Con AstraGin\u00ae.<\/p>\n<p>- Eccellente assorbimento nell'organismo.<\/p>","protected":false},"featured_media":53495,"template":"","meta":{"inline_featured_image":false},"product_cat":[4853,4775],"product_tag":[],"acf":[],"_links":{"self":[{"href":"https:\/\/weider.es\/it\/wp-json\/wp\/v2\/product\/54385"}],"collection":[{"href":"https:\/\/weider.es\/it\/wp-json\/wp\/v2\/product"}],"about":[{"href":"https:\/\/weider.es\/it\/wp-json\/wp\/v2\/types\/product"}],"wp:featuredmedia":[{"embeddable":true,"href":"https:\/\/weider.es\/it\/wp-json\/wp\/v2\/media\/53495"}],"wp:attachment":[{"href":"https:\/\/weider.es\/it\/wp-json\/wp\/v2\/media?parent=54385"}],"wp:term":[{"taxonomy":"product_cat","embeddable":true,"href":"https:\/\/weider.es\/it\/wp-json\/wp\/v2\/product_cat?post=54385"},{"taxonomy":"product_tag","embeddable":true,"href":"https:\/\/weider.es\/it\/wp-json\/wp\/v2\/product_tag?post=54385"}],"curies":[{"name":"wp","href":"https:\/\/api.w.org\/{rel}","templated":true}]}}