{"id":54387,"date":"2024-07-30T10:18:58","date_gmt":"2024-07-30T08:18:58","guid":{"rendered":"https:\/\/weider.es\/product\/rush-pump\/"},"modified":"2024-10-17T10:28:17","modified_gmt":"2024-10-17T08:28:17","slug":"rush-pump","status":"publish","type":"product","link":"https:\/\/weider.es\/it\/prodotto\/pompa-a-getto-dacqua\/","title":{"rendered":"Pompa Rush"},"content":{"rendered":"<p>Rush Pump di Weider \u00e8 un pre-allenamento senza stimolanti studiato per fornire energia e migliorare le prestazioni durante l'allenamento. Con un'alta concentrazione di principi attivi, tra cui aminoacidi liberi, estratto di amaranto (Oxystorm\u00ae), polvere di barbabietola, polvere di foglie di Ginkgo, vitamine e minerali, questo prodotto vi aiuter\u00e0 a dare il meglio di voi in ogni sessione di allenamento.<\/p>\n<p>Gli ingredienti chiave di Rush Pump comprendono:<\/p>\n<p>8.000 mg di L-Citrullina malato: attiva la sintesi dell'ossido nitrico, migliorando il flusso sanguigno e riducendo la congestione muscolare durante l'esercizio.<\/p>\n<p>5.000 mg di L-Arginina: aumenta la produzione di ossido nitrico, favorendo allenamenti esplosivi e prestazioni di alto livello.<\/p>\n<p>500 mg di Oxystorm\u00ae: estratto di amaranto, una ricca fonte di nitrato che agisce come vasodilatatore, migliorando l'ossigenazione muscolare durante l'attivit\u00e0 fisica.<\/p>\n<p>Questo pre-allenamento \u00e8 ideale per chi non vuole o non pu\u00f2 assumere stimolanti. \u00c8 anche un'ottima scelta per gli allenamenti serali, in quanto non influisce sulla capacit\u00e0 di riposare dopo l'esercizio.<\/p>\n<p>Provate la potenza energetica di Weider Rush Pump e scoprite come pu\u00f2 migliorare le vostre prestazioni durante gli allenamenti.<\/p>","protected":false},"excerpt":{"rendered":"<p>Senza caffeina e creatina<br \/>\nCon 8000 mg di L-Citrullina e 5000 mg di L-Arginina<br \/>\nCon 500 mg di Oxystorm\u00ae, Ginko biloba e Barbabietola<\/p>","protected":false},"featured_media":53500,"template":"","meta":{"inline_featured_image":false},"product_cat":[4778],"product_tag":[],"acf":[],"_links":{"self":[{"href":"https:\/\/weider.es\/it\/wp-json\/wp\/v2\/product\/54387"}],"collection":[{"href":"https:\/\/weider.es\/it\/wp-json\/wp\/v2\/product"}],"about":[{"href":"https:\/\/weider.es\/it\/wp-json\/wp\/v2\/types\/product"}],"wp:featuredmedia":[{"embeddable":true,"href":"https:\/\/weider.es\/it\/wp-json\/wp\/v2\/media\/53500"}],"wp:attachment":[{"href":"https:\/\/weider.es\/it\/wp-json\/wp\/v2\/media?parent=54387"}],"wp:term":[{"taxonomy":"product_cat","embeddable":true,"href":"https:\/\/weider.es\/it\/wp-json\/wp\/v2\/product_cat?post=54387"},{"taxonomy":"product_tag","embeddable":true,"href":"https:\/\/weider.es\/it\/wp-json\/wp\/v2\/product_tag?post=54387"}],"curies":[{"name":"wp","href":"https:\/\/api.w.org\/{rel}","templated":true}]}}