{"id":54391,"date":"2024-07-30T10:18:58","date_gmt":"2024-07-30T08:18:58","guid":{"rendered":"https:\/\/weider.es\/product\/day-night-casein-chocolate\/"},"modified":"2024-10-17T10:28:19","modified_gmt":"2024-10-17T08:28:19","slug":"day-night-casein-chocolate","status":"publish","type":"product","link":"https:\/\/weider.es\/it\/prodotto\/day-night-casein-chocolate\/","title":{"rendered":"Cioccolato Caseina Giorno e Notte"},"content":{"rendered":"<p>La caseina rappresenta una frazione molto importante delle proteine del latte, tanto che \u00e8 la principale proteina del latte (80% delle proteine totali). Viene metabolizzata lentamente, rilasciando gli aminoacidi in modo costante nel flusso sanguigno. In questo modo, i muscoli ricevono continuamente tutti gli aminoacidi necessari alla loro crescita. <\/p>\n<p>Inoltre, il rilascio di insulina da parte dell'organismo dopo l'ingestione \u00e8 basso, il che produce un effetto anticatabolico per un lungo periodo di tempo. Questo, insieme al basso contenuto di grassi e carboidrati, significa che questo prodotto pu\u00f2 aiutare il metabolismo dei grassi durante la dieta per la perdita di peso. <\/p>\n<p>La caseina \u00e8 ottenuta con i metodi pi\u00f9 moderni e offre la massima qualit\u00e0. Grazie a questi metodi, la caseina \u00e8 ricca di L-Glutammina. <\/p>\n<p>Vi offriamo una formula cremosa e facile da sciogliere, che contribuisce al suo gusto delizioso.<\/p>","protected":false},"excerpt":{"rendered":"<p>Formula proteica con caseinato di calcio per un rilascio graduale di aminoacidi<br \/>\nEffetto saziante senza sensazione di pesantezza<\/p>","protected":false},"featured_media":53515,"template":"","meta":{"inline_featured_image":false},"product_cat":[4764],"product_tag":[],"acf":[],"_links":{"self":[{"href":"https:\/\/weider.es\/it\/wp-json\/wp\/v2\/product\/54391"}],"collection":[{"href":"https:\/\/weider.es\/it\/wp-json\/wp\/v2\/product"}],"about":[{"href":"https:\/\/weider.es\/it\/wp-json\/wp\/v2\/types\/product"}],"wp:featuredmedia":[{"embeddable":true,"href":"https:\/\/weider.es\/it\/wp-json\/wp\/v2\/media\/53515"}],"wp:attachment":[{"href":"https:\/\/weider.es\/it\/wp-json\/wp\/v2\/media?parent=54391"}],"wp:term":[{"taxonomy":"product_cat","embeddable":true,"href":"https:\/\/weider.es\/it\/wp-json\/wp\/v2\/product_cat?post=54391"},{"taxonomy":"product_tag","embeddable":true,"href":"https:\/\/weider.es\/it\/wp-json\/wp\/v2\/product_tag?post=54391"}],"curies":[{"name":"wp","href":"https:\/\/api.w.org\/{rel}","templated":true}]}}