{"id":54392,"date":"2024-07-30T10:18:58","date_gmt":"2024-07-30T08:18:58","guid":{"rendered":"https:\/\/weider.es\/product\/creatine-200-mesh-neutral-flavour\/"},"modified":"2025-05-23T10:10:47","modified_gmt":"2025-05-23T08:10:47","slug":"creatina-monohidratada","status":"publish","type":"product","link":"https:\/\/weider.es\/it\/prodotto\/creatina-200-mesh-sabor-neutro\/","title":{"rendered":"Creatina monoidrato"},"content":{"rendered":"<p>La creatina monohidratada es un suplemento popular entre los deportistas debido a su capacidad para aumentar las reservas de fosfocreatina en los m\u00fasculos, lo que incrementa la producci\u00f3n de ATP, la principal fuente de energ\u00eda para esfuerzos de alta intensidad y corta duraci\u00f3n. La creatina 200 mesh est\u00e1 micronizada, mejorando su solubilidad y absorci\u00f3n, y est\u00e1 dise\u00f1ada para optimizar el rendimiento f\u00edsico en actividades intensas. Sus principales caracter\u00edsticas son:<\/p>\n<p>Elevata purezza: processo di purificazione rigoroso per garantire la qualit\u00e0.<\/p>\n<p>Assorbimento rapido: particelle finemente polverizzate per un migliore assorbimento.<\/p>\n<p>Miglioramento delle prestazioni fisiche: aumenta la forza e la resistenza muscolare.<\/p>\n<p>Aumento della massa muscolare: favorisce la crescita della massa muscolare magra.<\/p>\n<p>Adem\u00e1s, esta creatina monohidratada es agradable al paladar, sin necesidad de mezclarse con otros productos, y es libre de az\u00facares a\u00f1adidos y grasas, utilizando edulcorante stevia y colorante natural. Tambi\u00e9n es apta para <a href=\"https:\/\/weider.es\/it\/vegano\/\">vegani<\/a>.<\/p>","protected":false},"excerpt":{"rendered":"<p>Eccellente assorbimento nell'organismo.<br \/>\nSenza zuccheri e grassi.<\/p>","protected":false},"featured_media":53518,"template":"","meta":{"inline_featured_image":false},"product_cat":[4775,4781],"product_tag":[],"acf":[],"_links":{"self":[{"href":"https:\/\/weider.es\/it\/wp-json\/wp\/v2\/product\/54392"}],"collection":[{"href":"https:\/\/weider.es\/it\/wp-json\/wp\/v2\/product"}],"about":[{"href":"https:\/\/weider.es\/it\/wp-json\/wp\/v2\/types\/product"}],"wp:featuredmedia":[{"embeddable":true,"href":"https:\/\/weider.es\/it\/wp-json\/wp\/v2\/media\/53518"}],"wp:attachment":[{"href":"https:\/\/weider.es\/it\/wp-json\/wp\/v2\/media?parent=54392"}],"wp:term":[{"taxonomy":"product_cat","embeddable":true,"href":"https:\/\/weider.es\/it\/wp-json\/wp\/v2\/product_cat?post=54392"},{"taxonomy":"product_tag","embeddable":true,"href":"https:\/\/weider.es\/it\/wp-json\/wp\/v2\/product_tag?post=54392"}],"curies":[{"name":"wp","href":"https:\/\/api.w.org\/{rel}","templated":true}]}}