{"id":54393,"date":"2024-07-30T10:18:58","date_gmt":"2024-07-30T08:18:58","guid":{"rendered":"https:\/\/weider.es\/product\/creatine-200-mesh-piruleta\/"},"modified":"2024-10-17T10:28:20","modified_gmt":"2024-10-17T08:28:20","slug":"creatina-lollipop","status":"publish","type":"product","link":"https:\/\/weider.es\/it\/prodotto\/creatina-monohidratada-200-mesh-piruleta\/","title":{"rendered":"Lecca-lecca alla creatina monoidrato"},"content":{"rendered":"<p>La creatina \u00e8 un integratore molto apprezzato dagli atleti per la sua capacit\u00e0 di aumentare le riserve di fosfocreatina nei muscoli, incrementando la produzione di ATP, la principale fonte di energia per gli sforzi ad alta intensit\u00e0 e di breve durata. La Creatina 200 mesh \u00e8 micronizzata, per migliorarne la solubilit\u00e0 e l'assorbimento, ed \u00e8 studiata per ottimizzare le prestazioni fisiche nelle attivit\u00e0 intense. Le sue caratteristiche principali sono:<\/p>\n<p>Elevata purezza: processo di purificazione rigoroso per garantire la qualit\u00e0.<\/p>\n<p>Assorbimento rapido: particelle finemente polverizzate per un migliore assorbimento.<\/p>\n<p>Miglioramento delle prestazioni fisiche: aumenta la forza e la resistenza muscolare.<\/p>\n<p>Aumento della massa muscolare: favorisce la crescita della massa muscolare magra.<\/p>\n<p>Inoltre, questa creatina \u00e8 gradevole al palato, senza bisogno di essere mescolata con altri prodotti, ed \u00e8 priva di zuccheri e grassi aggiunti, grazie all'utilizzo di dolcificante stevia e coloranti naturali. \u00c8 adatta anche ai vegani.<\/p>","protected":false},"excerpt":{"rendered":"<p>- Aumento delle prestazioni fisiche.<br \/>\n- Creatina a rapido assorbimento.<br \/>\n- Aumento della forza.<\/p>","protected":false},"featured_media":53520,"template":"","meta":{"inline_featured_image":false},"product_cat":[4775,4781],"product_tag":[],"acf":[],"_links":{"self":[{"href":"https:\/\/weider.es\/it\/wp-json\/wp\/v2\/product\/54393"}],"collection":[{"href":"https:\/\/weider.es\/it\/wp-json\/wp\/v2\/product"}],"about":[{"href":"https:\/\/weider.es\/it\/wp-json\/wp\/v2\/types\/product"}],"wp:featuredmedia":[{"embeddable":true,"href":"https:\/\/weider.es\/it\/wp-json\/wp\/v2\/media\/53520"}],"wp:attachment":[{"href":"https:\/\/weider.es\/it\/wp-json\/wp\/v2\/media?parent=54393"}],"wp:term":[{"taxonomy":"product_cat","embeddable":true,"href":"https:\/\/weider.es\/it\/wp-json\/wp\/v2\/product_cat?post=54393"},{"taxonomy":"product_tag","embeddable":true,"href":"https:\/\/weider.es\/it\/wp-json\/wp\/v2\/product_tag?post=54393"}],"curies":[{"name":"wp","href":"https:\/\/api.w.org\/{rel}","templated":true}]}}