{"id":54402,"date":"2024-07-30T10:18:58","date_gmt":"2024-07-30T08:18:58","guid":{"rendered":"https:\/\/weider.es\/product\/thermo-caps\/"},"modified":"2024-10-17T10:28:24","modified_gmt":"2024-10-17T08:28:24","slug":"thermo-caps","status":"publish","type":"product","link":"https:\/\/weider.es\/it\/prodotto\/tappi-termici\/","title":{"rendered":"Cappucci termici"},"content":{"rendered":"<p>THERMO CAPS \u00e8 stato studiato con la migliore combinazione di ingredienti per ottimizzare i risultati, oltre ad avere propriet\u00e0 termogeniche e brucia-grassi, \u00e8 molto efficace durante i periodi di dieta perch\u00e9 aiuta a controllare l'appetito e l'ansia.<\/p>\n<p>La sua formula combina:<\/p>\n<p>- L-Carnitina: \u00e8 la molecola responsabile del trasporto degli acidi grassi nei mitocondri, dove i grassi possono essere utilizzati come fonte di energia, potremmo dire che sono le \"caldaie\" dell'organismo. Inoltre, se stiamo svolgendo sessioni di allenamento molto intense, ci aiuter\u00e0 anche a recuperare da esse, aiutandoci cos\u00ec a raggiungere i nostri obiettivi.<\/p>\n<p>- Caffeina: deriva dai diversi estratti presenti nella formula, come l'estratto di t\u00e8 verde, l'estratto di guaran\u00e0 e l'estratto di erba mate. Ha un effetto stimolante, che aumenta la concentrazione, la reattivit\u00e0 e la termogenesi, ritardando anche l'affaticamento. Ci\u00f2 significa che possiamo allenarci pi\u00f9 intensamente, durare pi\u00f9 a lungo, bruciare pi\u00f9 calorie e bruciare pi\u00f9 grassi.<br \/>\n- KFS (estratto di curcuma): \u00c8 un precursore di sostanze che aiutano a ridurre la sensazione di fame aumentando la saziet\u00e0. Studi scientifici hanno dimostrato che le persone che hanno assunto KFS hanno ridotto il desiderio di mangiare durante le diete ipocaloriche.<br \/>\n- Cayenna: aumenta le propriet\u00e0 termogeniche. - Niacina (vitamina B3): agisce come cofattore per i coenzimi coinvolti in numerose reazioni legate al metabolismo energetico: in particolare glucosio (nella glicolisi), grassi e alcol.<br \/>\n- Cromo: \u00e8 un attivatore dell'insulina, che regola e migliora l'utilizzo del glucosio. Aiuta inoltre a trasportare nelle cellule altri nutrienti come gli aminoacidi.<\/p>\n<p>Questa eccellente miscela di ingredienti rende Thermo Caps ideale per l'uso durante le diete, in quanto ottimizza i risultati della dieta, aumentando il consumo di calorie e riducendo l'appetito.<\/p>","protected":false},"excerpt":{"rendered":"<p>Potente formula termogenica con caffeina Diminuisce l'appetito<\/p>","protected":false},"featured_media":53537,"template":"","meta":{"inline_featured_image":false},"product_cat":[4785,4781],"product_tag":[],"acf":[],"_links":{"self":[{"href":"https:\/\/weider.es\/it\/wp-json\/wp\/v2\/product\/54402"}],"collection":[{"href":"https:\/\/weider.es\/it\/wp-json\/wp\/v2\/product"}],"about":[{"href":"https:\/\/weider.es\/it\/wp-json\/wp\/v2\/types\/product"}],"wp:featuredmedia":[{"embeddable":true,"href":"https:\/\/weider.es\/it\/wp-json\/wp\/v2\/media\/53537"}],"wp:attachment":[{"href":"https:\/\/weider.es\/it\/wp-json\/wp\/v2\/media?parent=54402"}],"wp:term":[{"taxonomy":"product_cat","embeddable":true,"href":"https:\/\/weider.es\/it\/wp-json\/wp\/v2\/product_cat?post=54402"},{"taxonomy":"product_tag","embeddable":true,"href":"https:\/\/weider.es\/it\/wp-json\/wp\/v2\/product_tag?post=54402"}],"curies":[{"name":"wp","href":"https:\/\/api.w.org\/{rel}","templated":true}]}}